{"id":12662,"date":"2015-09-07T14:28:46","date_gmt":"2015-09-07T14:28:46","guid":{"rendered":"http:\/\/192.168.100.222\/target_carts\/wordpress\/wordpress495\/wordpress\/?product=c18-rad-0-akkukulmaporakone"},"modified":"2015-09-07T14:54:06","modified_gmt":"2015-09-07T14:54:06","slug":"c18-rad-0-akkukulmaporakone","status":"publish","type":"product","link":"https:\/\/silikotek.sapartners.site\/index.php\/tuote\/c18-rad-0-akkukulmaporakone\/","title":{"rendered":"C18 RAD-0 Akkukulmaporakone"},"content":{"rendered":"<p>Optimaalinen suorituskyky: 1500 r\/min ja 20 Nm v\u00e4\u00e4nt\u00f6momentti.<br \/>REDLINK \u2122 ylikuormitussuoja elektroniikka tarjoaa sek\u00e4 ty\u00f6kalulle ett\u00e4 akulle luokkansa parasta kest\u00e4vyytt\u00e4<br \/>T\u00e4ydellinen teho\/nopeus suhde nopeisiin toimenpiteisiin.10mm istukka &#8211; ter\u00e4t on helppo vaihtaa.\u2022<br \/>Kompakti 100 mm pitk\u00e4 p\u00e4\u00e4 ja mahtuu ahtaisiin paikkoihin.\u2022<br \/>Ainutlaatuinen ergonominen muotoilu mahdollistaa erilaiset<br \/>otteet ja lis\u00e4\u00e4 k\u00e4ytt\u00f6mukavuutta. 11-portainen momentins\u00e4\u00e4t\u00f6 ja porausaste, s\u00e4hk\u00f6inen kytkin<br \/>tarjoaa t\u00e4ydellisen kontrollin ruuvaustoimintoihin.<br \/>Yksitt\u00e4inen akunkennon monitorointi optimoi ty\u00f6kalun<br \/>k\u00e4ytt\u00f6aikaa ja takaa paremman kest\u00e4vyyden<br \/>Virtamittari, joka ilmaisee j\u00e4ljell\u00e4 olevan varauksen<\/p>\n","protected":false},"excerpt":{"rendered":"<p>Kompakti Milwaukee akkukulmaporakone vain 100mm pitk\u00e4 kulmap\u00e4\u00e4.<\/p>\n","protected":false},"featured_media":12660,"template":"","meta":{"_et_pb_use_builder":"","_et_pb_old_content":"","_et_gb_content_width":""},"pwb-brand":[],"product_brand":[],"product_cat":[733],"product_tag":[],"class_list":{"0":"post-12662","1":"product","2":"type-product","3":"status-publish","4":"has-post-thumbnail","6":"product_cat-akkuporakoneet-18-v","8":"first","9":"instock","10":"taxable","11":"shipping-taxable","12":"purchasable","13":"product-type-simple"},"brands":[],"_links":{"self":[{"href":"https:\/\/silikotek.sapartners.site\/index.php\/wp-json\/wp\/v2\/product\/12662","targetHints":{"allow":["GET"]}}],"collection":[{"href":"https:\/\/silikotek.sapartners.site\/index.php\/wp-json\/wp\/v2\/product"}],"about":[{"href":"https:\/\/silikotek.sapartners.site\/index.php\/wp-json\/wp\/v2\/types\/product"}],"wp:featuredmedia":[{"embeddable":true,"href":"https:\/\/silikotek.sapartners.site\/index.php\/wp-json\/wp\/v2\/media\/12660"}],"wp:attachment":[{"href":"https:\/\/silikotek.sapartners.site\/index.php\/wp-json\/wp\/v2\/media?parent=12662"}],"wp:term":[{"taxonomy":"pwb-brand","embeddable":true,"href":"https:\/\/silikotek.sapartners.site\/index.php\/wp-json\/wp\/v2\/pwb-brand?post=12662"},{"taxonomy":"product_brand","embeddable":true,"href":"https:\/\/silikotek.sapartners.site\/index.php\/wp-json\/wp\/v2\/product_brand?post=12662"},{"taxonomy":"product_cat","embeddable":true,"href":"https:\/\/silikotek.sapartners.site\/index.php\/wp-json\/wp\/v2\/product_cat?post=12662"},{"taxonomy":"product_tag","embeddable":true,"href":"https:\/\/silikotek.sapartners.site\/index.php\/wp-json\/wp\/v2\/product_tag?post=12662"}],"curies":[{"name":"wp","href":"https:\/\/api.w.org\/{rel}","templated":true}]}}