{"id":12655,"date":"2015-09-07T13:18:26","date_gmt":"2015-09-07T13:18:26","guid":{"rendered":"http:\/\/192.168.100.222\/target_carts\/wordpress\/wordpress495\/wordpress\/?product=m18-bid-0-iskeva-ruuvinvaannin"},"modified":"2021-10-26T11:33:04","modified_gmt":"2021-10-26T08:33:04","slug":"milwaukee-m18-bid-0-iskeva-ruuvinvaannin","status":"publish","type":"product","link":"https:\/\/silikotek.sapartners.site\/index.php\/tuote\/milwaukee-m18-bid-0-iskeva-ruuvinvaannin\/","title":{"rendered":"Milwaukee M18 BID-0 Iskev\u00e4 ruuvinv\u00e4\u00e4nnin"},"content":{"rendered":"<table class=\"table product__detail-table js-responsive-table\" style=\"width: 506px;\">\n<tbody>\n<tr>\n<th class=\"product__detail-table--no-border table-area-heading\" style=\"width: 246.55px;\">Tekniset tiedot<\/th>\n<th class=\"product__detail-table--no-border product__detail-table--centered\" style=\"width: 242.75px;\">\u00a0M18 BID-0<\/th>\n<\/tr>\n<tr>\n<th style=\"width: 246.55px;\">Akkutyyppi<\/th>\n<td style=\"width: 242.75px;\" data-th=\"Akkutyyppi\">Li-ion<\/td>\n<\/tr>\n<tr>\n<th style=\"width: 246.55px;\">Akun kapasiteetti (Ah)<\/th>\n<td style=\"width: 242.75px;\" data-th=\"Akun kapasiteetti (Ah)\">Ei akkuja<\/td>\n<\/tr>\n<tr>\n<th style=\"width: 246.55px;\">Iskuluku (isk.\/min)<\/th>\n<td style=\"width: 242.75px;\" data-th=\"Iskuluku (isk.\/min)\">0 &#8211; 2450\/0 &#8211; 3450<\/td>\n<\/tr>\n<tr>\n<th style=\"width: 246.55px;\">Kuormittamaton nopeus (kierr.\/min)<\/th>\n<td style=\"width: 242.75px;\" data-th=\"Kuormittamaton nopeus (kierr.\/min)\">0 &#8211; 2000\/0 &#8211; 2750<\/td>\n<\/tr>\n<tr>\n<th style=\"width: 246.55px;\">Maks. v\u00e4\u00e4nt\u00f6 (Nm)<\/th>\n<td style=\"width: 242.75px;\" data-th=\"Maks. v\u00e4\u00e4nt\u00f6 (Nm)\">180<\/td>\n<\/tr>\n<tr>\n<th style=\"width: 246.55px;\">Mukana tulevien akkujen m\u00e4\u00e4r\u00e4<\/th>\n<td style=\"width: 242.75px;\" data-th=\"Mukana tulevien akkujen m\u00e4\u00e4r\u00e4\">0<\/td>\n<\/tr>\n<tr>\n<th style=\"width: 246.55px;\">Paino akun kanssa (EPTA) (kg)<\/th>\n<td style=\"width: 242.75px;\" data-th=\"Paino akun kanssa (EPTA) (kg)\">1.7 (M18 B4)<\/td>\n<\/tr>\n<tr>\n<th style=\"width: 246.55px;\">Sis\u00e4lt\u00e4\u00e4<\/th>\n<td style=\"width: 242.75px;\" data-th=\"Sis\u00e4lt\u00e4\u00e4\">\u2212<\/td>\n<\/tr>\n<tr>\n<th style=\"width: 246.55px;\">Toimitetaan<\/th>\n<td style=\"width: 242.75px;\" data-th=\"Toimitetaan\">Toimitetaan ilman laatikkoa<\/td>\n<\/tr>\n<tr>\n<th style=\"width: 246.55px;\">Tuotenumero<\/th>\n<td style=\"width: 242.75px;\" data-th=\"Tuotenumero\">4933443570<\/td>\n<\/tr>\n<tr>\n<th style=\"width: 246.55px;\">Ty\u00f6kalun kiinnitys<\/th>\n<td style=\"width: 242.75px;\" data-th=\"Ty\u00f6kalun kiinnitys\">\u00bc\u2033 Hex<\/td>\n<\/tr>\n<tr>\n<th style=\"width: 246.55px;\">Vakiovarustus<\/th>\n<td style=\"width: 242.75px;\" data-th=\"Vakiovarustus\">Vy\u00f6pidin<\/td>\n<\/tr>\n<tr>\n<th style=\"width: 246.55px;\">Voltit (V)<\/th>\n<td style=\"width: 242.75px;\" data-th=\"Voltit (V)\">18<\/td>\n<\/tr>\n<tr class=\"table__accordion-btn\">\n<th style=\"width: 495.533px;\" colspan=\"2\"><\/th>\n<\/tr>\n<\/tbody>\n<\/table>\n<table class=\"table product__detail-table js-responsive-table\" style=\"width: 356px;\">\n<tbody>\n<tr class=\"table__hidden-area js-hidden-table-area is-active\">\n<th style=\"width: 299.65px;\">\u00c4\u00e4nen tehotaso (Lwa)(dB(A))<\/th>\n<td style=\"width: 39.65px;\" data-th=\"\u00c4\u00e4nen tehotaso (Lwa)(dB(A))\">104.8<\/td>\n<\/tr>\n<tr class=\"table__hidden-area js-hidden-table-area is-active\">\n<th style=\"width: 299.65px;\">\u00c4\u00e4nentehotason ep\u00e4varmuus (dB(A))<\/th>\n<td style=\"width: 39.65px;\" data-th=\"\u00c4\u00e4nentehotason ep\u00e4varmuus (dB(A))\">3<\/td>\n<\/tr>\n<tr class=\"table__hidden-area js-hidden-table-area is-active\">\n<th style=\"width: 299.65px;\">Akustinen paine &#8211; ep\u00e4varmuus (dB(A))<\/th>\n<td style=\"width: 39.65px;\" data-th=\"Akustinen paine - ep\u00e4varmuus (dB(A))\">3<\/td>\n<\/tr>\n<tr class=\"table__hidden-area js-hidden-table-area is-active\">\n<th style=\"width: 299.65px;\">Akustinen paine (Lpa)(dB(A))<\/th>\n<td style=\"width: 39.65px;\" data-th=\"Akustinen paine (Lpa)(dB(A))\">93.8<\/td>\n<\/tr>\n<tr class=\"table__hidden-area js-hidden-table-area is-active\">\n<th style=\"width: 299.65px;\">T\u00e4rin\u00e4taso ruuvaaminen (m\/s\u00b2)<\/th>\n<td style=\"width: 39.65px;\" data-th=\"T\u00e4rin\u00e4taso ruuvaaminen (m\/s\u00b2)\">12.3<\/td>\n<\/tr>\n<tr class=\"table__hidden-area js-hidden-table-area is-active\">\n<th style=\"width: 299.65px;\">T\u00e4rin\u00e4taso ruuvaaminen: ep\u00e4varmuus (m\/s\u00b2)<\/th>\n<td style=\"width: 39.65px;\" data-th=\"T\u00e4rin\u00e4taso ruuvaaminen: ep\u00e4varmuus (m\/s\u00b2)\">2.77<\/td>\n<\/tr>\n<\/tbody>\n<\/table>\n<p>&nbsp;<\/p>\n<p><iframe loading=\"lazy\" title=\"Milwaukee\u00ae M18\u2122 System: Overview\" width=\"1080\" height=\"608\" src=\"https:\/\/www.youtube.com\/embed\/NiJUqDhuRzs?feature=oembed\"  allow=\"accelerometer; autoplay; clipboard-write; encrypted-media; gyroscope; picture-in-picture\" allowfullscreen><\/iframe><\/p>\n","protected":false},"excerpt":{"rendered":"<p>Kompakti M18 iskev\u00e4 ruuvinv\u00e4\u00e4nnin 1\u20444\u02dd Hex\u00a0 karalla. 2 nopeutta tarjoaa optimaalista suorituskyky\u00e4. Jopa 180Nm v\u00e4\u00e4nt\u00f6momentti. 2000\/2750 r\/min. 2450\/3450 iskua\/min maksimoi tuottavutta.<br \/>\nSoftgrip kahva, vy\u00f6pidike. REDLINK&#x2122; suojaelektroniikka koneessa ja akussa pident\u00e4\u00e4 niiden elinik\u00e4\u00e4 huomattavasti.<br \/>\nMetallinen vaihteisto. Sis\u00e4\u00e4nrakennettu LED-valo ty\u00f6alueen valaisuun. REDLITHIUM-ION&#x2122; akku tarjoaa pidemp\u00e4\u00e4 k\u00e4ytt\u00f6aikaa ja optimaalista kest\u00e4vyytt\u00e4. Virtaindikaattori joka n\u00e4ytt\u00e4\u00e4 paljon akussa on virtaa j\u00e4ljell\u00e4.<br \/>\nPaino akun kanssa 1,4 kg.<br \/>\nToimitetaan laatikossa ilman akkua ja laturia<\/p>\n","protected":false},"featured_media":26011,"template":"","meta":{"_et_pb_use_builder":"","_et_pb_old_content":"","_et_gb_content_width":""},"pwb-brand":[1452],"product_brand":[],"product_cat":[897],"product_tag":[],"class_list":{"0":"post-12655","1":"product","2":"type-product","3":"status-publish","4":"has-post-thumbnail","6":"pwb-brand-milwaukee","7":"product_cat-akkuruuvinvaantimet","9":"first","10":"instock","11":"taxable","12":"shipping-taxable","13":"purchasable","14":"product-type-simple"},"brands":[{"id":1452,"name":"Milwaukee","slug":"milwaukee"}],"_links":{"self":[{"href":"https:\/\/silikotek.sapartners.site\/index.php\/wp-json\/wp\/v2\/product\/12655","targetHints":{"allow":["GET"]}}],"collection":[{"href":"https:\/\/silikotek.sapartners.site\/index.php\/wp-json\/wp\/v2\/product"}],"about":[{"href":"https:\/\/silikotek.sapartners.site\/index.php\/wp-json\/wp\/v2\/types\/product"}],"wp:featuredmedia":[{"embeddable":true,"href":"https:\/\/silikotek.sapartners.site\/index.php\/wp-json\/wp\/v2\/media\/26011"}],"wp:attachment":[{"href":"https:\/\/silikotek.sapartners.site\/index.php\/wp-json\/wp\/v2\/media?parent=12655"}],"wp:term":[{"taxonomy":"pwb-brand","embeddable":true,"href":"https:\/\/silikotek.sapartners.site\/index.php\/wp-json\/wp\/v2\/pwb-brand?post=12655"},{"taxonomy":"product_brand","embeddable":true,"href":"https:\/\/silikotek.sapartners.site\/index.php\/wp-json\/wp\/v2\/product_brand?post=12655"},{"taxonomy":"product_cat","embeddable":true,"href":"https:\/\/silikotek.sapartners.site\/index.php\/wp-json\/wp\/v2\/product_cat?post=12655"},{"taxonomy":"product_tag","embeddable":true,"href":"https:\/\/silikotek.sapartners.site\/index.php\/wp-json\/wp\/v2\/product_tag?post=12655"}],"curies":[{"name":"wp","href":"https:\/\/api.w.org\/{rel}","templated":true}]}}