{"id":12649,"date":"2015-09-07T11:20:12","date_gmt":"2015-09-07T11:20:12","guid":{"rendered":"http:\/\/192.168.100.222\/target_carts\/wordpress\/wordpress495\/wordpress\/?product=m18-bdd-0-akkuporakone-ruuvinvaannin"},"modified":"2015-09-07T11:25:48","modified_gmt":"2015-09-07T11:25:48","slug":"m18-bdd-0-akkuporakone-ruuvinvaannin","status":"publish","type":"product","link":"https:\/\/silikotek.sapartners.site\/index.php\/tuote\/m18-bdd-0-akkuporakone-ruuvinvaannin\/","title":{"rendered":"M18 BDD-0 Akkuporakone ruuvinv\u00e4\u00e4nnin"},"content":{"rendered":"<p>Kompakti M18 porakone\/ruuvinv\u00e4\u00e4nnin. Vain 185 mm pitk\u00e4. 13mm metallinen istukka &#8211; helppoihin <br \/>ter\u00e4nvaihtoihin. 17-portainen momentins\u00e4\u00e4t\u00f6 ja porausaste, 60 Nm, 450\/1800 r\/min. Porauskapasiteetti \u00d8<br \/>ter\u00e4kseen\/puuhun: 13\/38 mm. REDLINK\u2122 suojaelektroniikka koneessa ja akussa pident\u00e4\u00e4 niiden elinik\u00e4\u00e4<br \/>huomattavasti. Softgrip kahva, vy\u00f6pidike. Sis\u00e4\u00e4nrakennettu LED-valo ty\u00f6alueen valaisuun. 2,0 Ah<br \/>REDLITHIUM-ION\u2122 akku tarjoaa parhaan ergonomian. Virtaindikaattori joka n\u00e4ytt\u00e4\u00e4 paljon akussa on<br \/>virtaa j\u00e4ljell\u00e4. Paino akun kanssa 1,8 kg. Toimitetaan laatikossa ilman akkua ja laturia<\/p>\n","protected":false},"excerpt":{"rendered":"<p>M18 BDD-0 on tehokas akkuporakone, v\u00e4\u00e4nt\u00f6\u00e4 per\u00e4ti 60 Nm. Rekister\u00f6im\u00e4ll\u00e4 3 vuoden takuu.<\/p>\n","protected":false},"featured_media":12647,"template":"","meta":{"_et_pb_use_builder":"","_et_pb_old_content":"","_et_gb_content_width":""},"pwb-brand":[],"product_brand":[],"product_cat":[733],"product_tag":[],"class_list":{"0":"post-12649","1":"product","2":"type-product","3":"status-publish","4":"has-post-thumbnail","6":"product_cat-akkuporakoneet-18-v","8":"first","9":"instock","10":"taxable","11":"shipping-taxable","12":"purchasable","13":"product-type-simple"},"brands":[],"_links":{"self":[{"href":"https:\/\/silikotek.sapartners.site\/index.php\/wp-json\/wp\/v2\/product\/12649","targetHints":{"allow":["GET"]}}],"collection":[{"href":"https:\/\/silikotek.sapartners.site\/index.php\/wp-json\/wp\/v2\/product"}],"about":[{"href":"https:\/\/silikotek.sapartners.site\/index.php\/wp-json\/wp\/v2\/types\/product"}],"wp:featuredmedia":[{"embeddable":true,"href":"https:\/\/silikotek.sapartners.site\/index.php\/wp-json\/wp\/v2\/media\/12647"}],"wp:attachment":[{"href":"https:\/\/silikotek.sapartners.site\/index.php\/wp-json\/wp\/v2\/media?parent=12649"}],"wp:term":[{"taxonomy":"pwb-brand","embeddable":true,"href":"https:\/\/silikotek.sapartners.site\/index.php\/wp-json\/wp\/v2\/pwb-brand?post=12649"},{"taxonomy":"product_brand","embeddable":true,"href":"https:\/\/silikotek.sapartners.site\/index.php\/wp-json\/wp\/v2\/product_brand?post=12649"},{"taxonomy":"product_cat","embeddable":true,"href":"https:\/\/silikotek.sapartners.site\/index.php\/wp-json\/wp\/v2\/product_cat?post=12649"},{"taxonomy":"product_tag","embeddable":true,"href":"https:\/\/silikotek.sapartners.site\/index.php\/wp-json\/wp\/v2\/product_tag?post=12649"}],"curies":[{"name":"wp","href":"https:\/\/api.w.org\/{rel}","templated":true}]}}