{"id":12638,"date":"2015-09-02T10:06:41","date_gmt":"2015-09-02T10:06:41","guid":{"rendered":"http:\/\/192.168.100.222\/target_carts\/wordpress\/wordpress495\/wordpress\/?product=gesipa-accubird-pro-akkuvetoniittipistooli"},"modified":"2020-06-02T10:41:33","modified_gmt":"2020-06-02T07:41:33","slug":"gesipa-accubird-pro-akkuvetoniittipistooli","status":"publish","type":"product","link":"https:\/\/silikotek.sapartners.site\/index.php\/tuote\/gesipa-accubird-pro-akkuvetoniittipistooli\/","title":{"rendered":"Gesipa Accubird Pro Akkuvetoniittipistooli"},"content":{"rendered":"<p>Merkitt\u00e4v\u00e4t edut<br \/>\n\u2022Tehokkaampi ja pitk\u00e4ik\u00e4isempi hiiliharjaton moottori nopeampaan ty\u00f6skentelyyn<br \/>\n\u202225 mm vetopituus, my\u00f6s pitk\u00e4karaisille vetoniiteille<br \/>\n\u202210 000 N vetovoima<br \/>\n\u2022S\u00e4\u00e4dett\u00e4v\u00e4 ty\u00f6valo<br \/>\n\u2022Ergonomisempi malli, matalampi painopiste<br \/>\n\u2022Parempi ja pit\u00e4v\u00e4mpi softgrip-k\u00e4densija<br \/>\n\u2022Uusi 18 V, 2,1 Ah Li-Ion-liukuakku, jossa varaustilan n\u00e4ytt\u00f6<br \/>\n\u2022Akkulaturissa pikalataustoiminto<\/p>\n","protected":false},"excerpt":{"rendered":"<p>GESIPA ACCUBIRD PRO VETONIITTIPISTOOLI LATURILLA JA AKULLA<br \/>\nUusi Accubird jopa 4 kertaa nopampi kuin mik\u00e4\u00e4n muu akkutoiminen niittipistooli. Huoltovapaalla hiiliharjottomalla moottorilla.<br \/>\nT\u00e4m\u00e4 vet\u00e4\u00e4 niin alumiini, ter\u00e4s kuin ruostumattomat vetoniitit aina 5,0 mm asti.<\/p>\n","protected":false},"featured_media":22923,"template":"","meta":{"_et_pb_use_builder":"","_et_pb_old_content":"","_et_gb_content_width":""},"pwb-brand":[],"product_brand":[],"product_cat":[901],"product_tag":[],"class_list":{"0":"post-12638","1":"product","2":"type-product","3":"status-publish","4":"has-post-thumbnail","6":"product_cat-akkutoimiset-niittipihdit","8":"first","9":"instock","10":"taxable","11":"shipping-taxable","12":"purchasable","13":"product-type-simple"},"brands":[],"_links":{"self":[{"href":"https:\/\/silikotek.sapartners.site\/index.php\/wp-json\/wp\/v2\/product\/12638","targetHints":{"allow":["GET"]}}],"collection":[{"href":"https:\/\/silikotek.sapartners.site\/index.php\/wp-json\/wp\/v2\/product"}],"about":[{"href":"https:\/\/silikotek.sapartners.site\/index.php\/wp-json\/wp\/v2\/types\/product"}],"wp:featuredmedia":[{"embeddable":true,"href":"https:\/\/silikotek.sapartners.site\/index.php\/wp-json\/wp\/v2\/media\/22923"}],"wp:attachment":[{"href":"https:\/\/silikotek.sapartners.site\/index.php\/wp-json\/wp\/v2\/media?parent=12638"}],"wp:term":[{"taxonomy":"pwb-brand","embeddable":true,"href":"https:\/\/silikotek.sapartners.site\/index.php\/wp-json\/wp\/v2\/pwb-brand?post=12638"},{"taxonomy":"product_brand","embeddable":true,"href":"https:\/\/silikotek.sapartners.site\/index.php\/wp-json\/wp\/v2\/product_brand?post=12638"},{"taxonomy":"product_cat","embeddable":true,"href":"https:\/\/silikotek.sapartners.site\/index.php\/wp-json\/wp\/v2\/product_cat?post=12638"},{"taxonomy":"product_tag","embeddable":true,"href":"https:\/\/silikotek.sapartners.site\/index.php\/wp-json\/wp\/v2\/product_tag?post=12638"}],"curies":[{"name":"wp","href":"https:\/\/api.w.org\/{rel}","templated":true}]}}