{"id":12556,"date":"2015-08-11T09:28:13","date_gmt":"2015-08-11T09:28:13","guid":{"rendered":"http:\/\/192.168.100.222\/target_carts\/wordpress\/wordpress495\/wordpress\/?product=akkuimuri-m12-hv-0"},"modified":"2021-10-26T14:49:58","modified_gmt":"2021-10-26T11:49:58","slug":"akkuimuri-m12-hv-0","status":"publish","type":"product","link":"https:\/\/silikotek.sapartners.site\/index.php\/tuote\/akkuimuri-m12-hv-0\/","title":{"rendered":"Milwaukee M12 HV-0 Akkuimuri"},"content":{"rendered":"<table class=\"table product__detail-table js-responsive-table\">\n<tbody>\n<tr>\n<th class=\"product__detail-table--no-border table-area-heading\">Tekniset tiedot<\/th>\n<th class=\"product__detail-table--no-border product__detail-table--centered\">\u00a0M12 HV-0<\/th>\n<\/tr>\n<tr>\n<th>Akkutyyppi<\/th>\n<td data-th=\"Akkutyyppi\">Li-ion<\/td>\n<\/tr>\n<tr>\n<th>Akun kapasiteetti (Ah)<\/th>\n<td data-th=\"Akun kapasiteetti (Ah)\">Ei akkuja<\/td>\n<\/tr>\n<tr>\n<th>Ilmantilavuus (l\/min)<\/th>\n<td data-th=\"Ilmantilavuus (l\/min)\">934<\/td>\n<\/tr>\n<tr>\n<th>Ilmavirran nopeus (m\u00b3\/h)<\/th>\n<td data-th=\"Ilmavirran nopeus (m\u00b3\/h)\">56<\/td>\n<\/tr>\n<tr>\n<th>Letkun halkaisija (mm)<\/th>\n<td data-th=\"Letkun halkaisija (mm)\">22.5<\/td>\n<\/tr>\n<tr>\n<th>Maks. imu (mbar)<\/th>\n<td data-th=\"Maks. imu (mbar)\">31.1<\/td>\n<\/tr>\n<tr>\n<th>Mukana laturi<\/th>\n<td data-th=\"Mukana laturi\">\u2500<\/td>\n<\/tr>\n<tr>\n<th>Mukana tulevien akkujen m\u00e4\u00e4r\u00e4<\/th>\n<td data-th=\"Mukana tulevien akkujen m\u00e4\u00e4r\u00e4\">0<\/td>\n<\/tr>\n<tr>\n<th>Paino akun kanssa (kg)<\/th>\n<td data-th=\"Paino akun kanssa (kg)\">1.2<\/td>\n<\/tr>\n<tr>\n<th>Toimitetaan<\/th>\n<td data-th=\"Toimitetaan\">Toimitetaan ilman laatikkoa<\/td>\n<\/tr>\n<tr>\n<th>Tuotenumero<\/th>\n<td data-th=\"Tuotenumero\">4933448390<\/td>\n<\/tr>\n<tr>\n<th>Vakiovarustus<\/th>\n<td data-th=\"Vakiovarustus\">Yleisnokka, jatkovarsi ja kapea nokka<\/td>\n<\/tr>\n<tr>\n<th>Voltit (V)<\/th>\n<td data-th=\"Voltit (V)\">12<\/td>\n<\/tr>\n<tr class=\"table__accordion-btn\">\n<th colspan=\"2\"><\/th>\n<\/tr>\n<\/tbody>\n<\/table>\n<table class=\"table product__detail-table js-responsive-table\">\n<tbody>\n<tr class=\"table__hidden-area js-hidden-table-area is-active\">\n<th>Akustinen paine &#8211; ep\u00e4varmuus (dB(A))<\/th>\n<td data-th=\"Akustinen paine - ep\u00e4varmuus (dB(A))\">3,0<\/td>\n<\/tr>\n<tr class=\"table__hidden-area js-hidden-table-area is-active\">\n<th>Akustinen paine &#8211; mitattu ep\u00e4varmuus (dB(A))<\/th>\n<td data-th=\"Akustinen paine - mitattu ep\u00e4varmuus (dB(A))\">3,0<\/td>\n<\/tr>\n<tr class=\"table__hidden-area js-hidden-table-area is-active\">\n<th>Akustinen paine (dB(A))<\/th>\n<td data-th=\"Akustinen paine (dB(A))\">85,6<\/td>\n<\/tr>\n<tr class=\"table__hidden-area js-hidden-table-area is-active\">\n<th>Mitattu akustinen paine (dB(A))<\/th>\n<td data-th=\"Mitattu akustinen paine (dB(A))\">73,6<\/td>\n<\/tr>\n<tr class=\"table__hidden-area js-hidden-table-area is-active\">\n<th>T\u00e4rin\u00e4taso (m\/s\u00b2)<\/th>\n<td data-th=\"T\u00e4rin\u00e4taso (m\/s\u00b2)\">0,961<\/td>\n<\/tr>\n<tr class=\"table__hidden-area js-hidden-table-area is-active\">\n<th>T\u00e4rin\u00e4taso ep\u00e4varmuus (m\/s\u00b2)<\/th>\n<td data-th=\"T\u00e4rin\u00e4taso ep\u00e4varmuus (m\/s\u00b2)\">1,5<\/td>\n<\/tr>\n<\/tbody>\n<\/table>\n<p><iframe loading=\"lazy\" title=\"Milwaukee\u00a9 M12\u2122 Compact Vaccum\" width=\"1080\" height=\"608\" src=\"https:\/\/www.youtube.com\/embed\/lRZNjBMJuAM?feature=oembed\"  allow=\"accelerometer; autoplay; clipboard-write; encrypted-media; gyroscope; picture-in-picture\" allowfullscreen><\/iframe><\/p>\n","protected":false},"excerpt":{"rendered":"<div class=\"product__description-content js-product-content\">\n<p>Erinomainen imuteho puulle, metallille sek\u00e4 muille roskille. L\u00e4pin\u00e4kyv\u00e4 ikkuna p\u00f6lynker\u00e4yss\u00e4ili\u00f6\u00f6n n\u00e4ytt\u00e4\u00e4 paljonko s\u00e4ili\u00f6ss\u00e4 on tilaa. Lukittava kytkin mahdollistaa pitk\u00e4kestoisen k\u00e4yt\u00f6n.<br \/>\nMonipuolisesti tarvikkeita pienten sek\u00e4 suurten tilojen puhdistamiseen. Kompakti muotoilu helpottaa ahtaiden paikkojen puhdistamista. Vankka kanisterin lukko est\u00e4\u00e4 l\u00e4ikkymiset.<\/p>\n<p>Toimii kaikilla MILWAUKEE\u00ae M12&#x2122; -akuilla.Toimitetaan ilman akkuja ja laturia.<\/p>\n<\/div>\n","protected":false},"featured_media":20447,"template":"","meta":{"_et_pb_use_builder":"off","_et_pb_old_content":"Erinomainen imuteho puulle, metallille sek\u00e4 muille roskille\u2022 L\u00e4pin\u00e4kyv\u00e4 ikkuna p\u00f6lynker\u00e4yss\u00e4ili\u00f6\u00f6n, n\u00e4et paljon s\u00e4ili\u00f6ss\u00e4 on\r\ntilaa\u2022 Lukittava kytkin, pitk\u00e4kestoiseen k\u00e4ytt\u00f6\u00f6n.\u2022 Monipuolisesti tarvikkeita pienten sek\u00e4 suurten tilojen\r\npuhdistamiseen\u2022 Kompakti muotoilu helpottaa ahtaiden paikkojen puhdistamista\u2022\r\nVankka kanisterin lukko est\u00e4\u00e4 l\u00e4ikkymiset","_et_gb_content_width":""},"pwb-brand":[1452],"product_brand":[],"product_cat":[899,834],"product_tag":[],"class_list":{"0":"post-12556","1":"product","2":"type-product","3":"status-publish","4":"has-post-thumbnail","6":"pwb-brand-milwaukee","7":"product_cat-akkuimurit","8":"product_cat-imurit","10":"first","11":"instock","12":"taxable","13":"shipping-taxable","14":"purchasable","15":"product-type-simple"},"brands":[{"id":1452,"name":"Milwaukee","slug":"milwaukee"}],"_links":{"self":[{"href":"https:\/\/silikotek.sapartners.site\/index.php\/wp-json\/wp\/v2\/product\/12556","targetHints":{"allow":["GET"]}}],"collection":[{"href":"https:\/\/silikotek.sapartners.site\/index.php\/wp-json\/wp\/v2\/product"}],"about":[{"href":"https:\/\/silikotek.sapartners.site\/index.php\/wp-json\/wp\/v2\/types\/product"}],"wp:featuredmedia":[{"embeddable":true,"href":"https:\/\/silikotek.sapartners.site\/index.php\/wp-json\/wp\/v2\/media\/20447"}],"wp:attachment":[{"href":"https:\/\/silikotek.sapartners.site\/index.php\/wp-json\/wp\/v2\/media?parent=12556"}],"wp:term":[{"taxonomy":"pwb-brand","embeddable":true,"href":"https:\/\/silikotek.sapartners.site\/index.php\/wp-json\/wp\/v2\/pwb-brand?post=12556"},{"taxonomy":"product_brand","embeddable":true,"href":"https:\/\/silikotek.sapartners.site\/index.php\/wp-json\/wp\/v2\/product_brand?post=12556"},{"taxonomy":"product_cat","embeddable":true,"href":"https:\/\/silikotek.sapartners.site\/index.php\/wp-json\/wp\/v2\/product_cat?post=12556"},{"taxonomy":"product_tag","embeddable":true,"href":"https:\/\/silikotek.sapartners.site\/index.php\/wp-json\/wp\/v2\/product_tag?post=12556"}],"curies":[{"name":"wp","href":"https:\/\/api.w.org\/{rel}","templated":true}]}}