{"id":12444,"date":"2015-05-08T15:58:31","date_gmt":"2015-05-08T15:58:31","guid":{"rendered":"http:\/\/192.168.100.222\/target_carts\/wordpress\/wordpress495\/wordpress\/?product=hallitunkki-paineilma-22-t-bgs-2888"},"modified":"2015-05-08T16:00:41","modified_gmt":"2015-05-08T16:00:41","slug":"hallitunkki-paineilma-22-t-bgs-2888","status":"publish","type":"product","link":"https:\/\/silikotek.sapartners.site\/index.php\/tuote\/hallitunkki-paineilma-22-t-bgs-2888\/","title":{"rendered":"Hallitunkki paineilma 22 T BGS-2888"},"content":{"rendered":"<p>&#8211; Nostokapsitettti: max. 22 ton<br \/>&#8211; alin korkeus: 260 mm<br \/>&#8211; ylin korkeus: 435 mm<br \/>&#8211; 4-jatkoa minimi ja maximi korkeuksille:<br \/>\u00a0 &#8211; \u00d8 48 mm, pituudet 20, 60 ja 100 mm<br \/>\u00a0 &#8211; \u00d8 68 mm, pituuus 25 mm<br \/>&#8211; 80 mm s\u00e4\u00e4dett\u00e4v\u00e4 nostokara<br \/>&#8211; ilmanotto: 1\/4&#8243; NPT<br \/>&#8211; renkaat: 72 mm<br \/>&#8211; ilmaputki: 10 mm (3\/8\u201c) pituus\u00a0 1.2 m<br \/>&#8211; ty\u00f6skentelypaine: 6.9 \u2013 8.3 bar (120 \u2013 200 PSI)<\/p>\n","protected":false},"excerpt":{"rendered":"<p>Eritt\u00e4in j\u00e4mm\u00e4kk\u00e4 hallitunkki raskaaseen ammattik\u00e4ytt\u00f6\u00f6n. Sopii p\u00e4ivitt\u00e4iseen k\u00e4ytt\u00f6\u00f6n.<\/p>\n","protected":false},"featured_media":12443,"template":"","meta":{"_et_pb_use_builder":"","_et_pb_old_content":"","_et_gb_content_width":""},"pwb-brand":[],"product_brand":[],"product_cat":[766],"product_tag":[],"class_list":{"0":"post-12444","1":"product","2":"type-product","3":"status-publish","4":"has-post-thumbnail","6":"product_cat-hallitunkit-ja-nostimet","8":"first","9":"instock","10":"taxable","11":"shipping-taxable","12":"purchasable","13":"product-type-simple"},"brands":[],"_links":{"self":[{"href":"https:\/\/silikotek.sapartners.site\/index.php\/wp-json\/wp\/v2\/product\/12444","targetHints":{"allow":["GET"]}}],"collection":[{"href":"https:\/\/silikotek.sapartners.site\/index.php\/wp-json\/wp\/v2\/product"}],"about":[{"href":"https:\/\/silikotek.sapartners.site\/index.php\/wp-json\/wp\/v2\/types\/product"}],"wp:featuredmedia":[{"embeddable":true,"href":"https:\/\/silikotek.sapartners.site\/index.php\/wp-json\/wp\/v2\/media\/12443"}],"wp:attachment":[{"href":"https:\/\/silikotek.sapartners.site\/index.php\/wp-json\/wp\/v2\/media?parent=12444"}],"wp:term":[{"taxonomy":"pwb-brand","embeddable":true,"href":"https:\/\/silikotek.sapartners.site\/index.php\/wp-json\/wp\/v2\/pwb-brand?post=12444"},{"taxonomy":"product_brand","embeddable":true,"href":"https:\/\/silikotek.sapartners.site\/index.php\/wp-json\/wp\/v2\/product_brand?post=12444"},{"taxonomy":"product_cat","embeddable":true,"href":"https:\/\/silikotek.sapartners.site\/index.php\/wp-json\/wp\/v2\/product_cat?post=12444"},{"taxonomy":"product_tag","embeddable":true,"href":"https:\/\/silikotek.sapartners.site\/index.php\/wp-json\/wp\/v2\/product_tag?post=12444"}],"curies":[{"name":"wp","href":"https:\/\/api.w.org\/{rel}","templated":true}]}}