{"id":12440,"date":"2015-05-08T14:38:30","date_gmt":"2015-05-08T14:38:30","guid":{"rendered":"http:\/\/192.168.100.222\/target_carts\/wordpress\/wordpress495\/wordpress\/?product=momentikertoja-9500-nm-kstools-516-3765"},"modified":"2023-01-04T23:26:43","modified_gmt":"2023-01-04T21:26:43","slug":"momentikertoja-9500-nm-kstools-516-3765","status":"publish","type":"product","link":"https:\/\/silikotek.sapartners.site\/index.php\/tuote\/momentikertoja-9500-nm-kstools-516-3765\/","title":{"rendered":"Kstools V\u00e4\u00e4nt\u00f6momentin moninkertaistaja, 1\/2&#8243; x 1 1\/2&#8243;, 9500 Nm 516.3765"},"content":{"rendered":"<p>Tarkkuus +\/-5%<br \/>\nUlostulo neli\u00f6tappi: 1.1\/2&#8243; hylsyille<br \/>\nUlostuleva voima: 9500Nm<br \/>\nHalkaisija: 184.0 mm<br \/>\nDIN 3120<br \/>\nSis\u00e4\u00e4n menev\u00e4 voima (v\u00e4\u00e4nt\u00f6voima): 365Nm<br \/>\nPaino: 30300g<br \/>\nKorkeus: 214.9 mm<br \/>\nStandard: ISO 1174<br \/>\nPituus: 505.0mm<br \/>\nV\u00e4\u00e4nt\u00f6kerroin: 26:1<br \/>\nVahvassa muovisalkussa<br \/>\nSis\u00e4\u00e4n menev\u00e4 v\u00e4\u00e4nti\u00f6: 1\/2&#8243;<\/p>\n","protected":false},"excerpt":{"rendered":"<p>Momentinkertoja raskaaseen ammattik\u00e4ytt\u00f6\u00f6n. Eritt\u00e4in tarkka -+5%. Toimii my\u00f6t\u00e4 ja vastap\u00e4iv\u00e4\u00e4n. Tarkka kiinnitys momenttiavaimella. Takaiskusuojalla. Planeettapy\u00f6r\u00e4st\u00f6 est\u00e4\u00e4 takaisinpy\u00f6rinnan. Lukittava hylsynpidin, hylsyt ei p\u00e4\u00e4se tippumaan. Ei voi k\u00e4ytt\u00e4\u00e4 paineilamtoimisilla mutterinv\u00e4\u00e4ntimill\u00e4. Tehdastoimitus, varmista toimitusaika.<\/p>\n","protected":false},"featured_media":20873,"template":"","meta":{"_et_pb_use_builder":"","_et_pb_old_content":"","_et_gb_content_width":""},"pwb-brand":[1454],"product_brand":[],"product_cat":[827,784],"product_tag":[],"class_list":{"0":"post-12440","1":"product","2":"type-product","3":"status-publish","4":"has-post-thumbnail","6":"pwb-brand-kstools","7":"product_cat-voimahylsyt-ja-sarjat","8":"product_cat-momenttiavaimet","10":"first","11":"instock","12":"taxable","13":"shipping-taxable","14":"purchasable","15":"product-type-simple"},"brands":[{"id":1454,"name":"Kstools","slug":"kstools"}],"_links":{"self":[{"href":"https:\/\/silikotek.sapartners.site\/index.php\/wp-json\/wp\/v2\/product\/12440","targetHints":{"allow":["GET"]}}],"collection":[{"href":"https:\/\/silikotek.sapartners.site\/index.php\/wp-json\/wp\/v2\/product"}],"about":[{"href":"https:\/\/silikotek.sapartners.site\/index.php\/wp-json\/wp\/v2\/types\/product"}],"wp:featuredmedia":[{"embeddable":true,"href":"https:\/\/silikotek.sapartners.site\/index.php\/wp-json\/wp\/v2\/media\/20873"}],"wp:attachment":[{"href":"https:\/\/silikotek.sapartners.site\/index.php\/wp-json\/wp\/v2\/media?parent=12440"}],"wp:term":[{"taxonomy":"pwb-brand","embeddable":true,"href":"https:\/\/silikotek.sapartners.site\/index.php\/wp-json\/wp\/v2\/pwb-brand?post=12440"},{"taxonomy":"product_brand","embeddable":true,"href":"https:\/\/silikotek.sapartners.site\/index.php\/wp-json\/wp\/v2\/product_brand?post=12440"},{"taxonomy":"product_cat","embeddable":true,"href":"https:\/\/silikotek.sapartners.site\/index.php\/wp-json\/wp\/v2\/product_cat?post=12440"},{"taxonomy":"product_tag","embeddable":true,"href":"https:\/\/silikotek.sapartners.site\/index.php\/wp-json\/wp\/v2\/product_tag?post=12440"}],"curies":[{"name":"wp","href":"https:\/\/api.w.org\/{rel}","templated":true}]}}