{"id":12416,"date":"2015-05-04T12:38:44","date_gmt":"2015-05-04T12:38:44","guid":{"rendered":"http:\/\/192.168.100.222\/target_carts\/wordpress\/wordpress495\/wordpress\/?product=bits-hylsysarja-1-2"},"modified":"2019-10-30T10:59:01","modified_gmt":"2019-10-30T08:59:01","slug":"bits-hylsysarja-1-2","status":"publish","type":"product","link":"https:\/\/silikotek.sapartners.site\/index.php\/tuote\/bits-hylsysarja-1-2\/","title":{"rendered":"BGS-5188 Bits hylsysarja 1\/2&#8243;"},"content":{"rendered":"<p>&#8211; Sis\u00e4lt\u00e4\u00e4 seuraavat\u00a0 1\/2&#8243; bits hylsyt:<br \/>\n&#8211; Torx bits, 55 mm pitk\u00e4t:<br \/>\nT20-T25-T27-T30-T40-T45-T50-T55-T60-T70<br \/>\n&#8211; Torx bits hylsyt, 100 mm pitk\u00e4t:<br \/>\nT25 &#8211; T30 &#8211; T40 &#8211; T45 &#8211; T50 &#8211; T60<br \/>\n&#8211; Kuusiokolo bits hylsyt, 55 mm pitk\u00e4t:<br \/>\n5 &#8211; 6 &#8211; 7 &#8211; 8 &#8211; 10 &#8211; 12 &#8211; 14 &#8211; 17 &#8211; 19 mm<br \/>\n&#8211; Kuusiokolo bits hylsyt, 100 mm pitk\u00e4t:<br \/>\n6 &#8211; 7 &#8211; 8 &#8211; 10 &#8211; 12 mm<br \/>\n&#8211; XZN bits hylsyt, 55 mm pitk\u00e4t:<br \/>\nM5 &#8211; M6 &#8211; M8 &#8211; M10<br \/>\n&#8211; XZN bits hylsyt, 100 mm pitk\u00e4t:<br \/>\nM6 &#8211; M8 &#8211; M10 &#8211; M12 &#8211; M14<br \/>\n&#8211; Torx reik\u00e4\u00a0 bits hylsyt, 30 mm pitk\u00e4t:<br \/>\nT20-T25-T27-T30-T40-T45-T50-T55-T60<br \/>\n&#8211; 1\/2&#8243; bits adapteri<\/p>\n","protected":false},"excerpt":{"rendered":"<p>Monipuolinen bits hylsysarja. Sis\u00e4lt\u00e4\u00e4 Torx bitshylsyt, Torx bits reik\u00e4hylsyt, XZN bits hylsyt ja kuusiokolobits hylsyt. Soveltuu p\u00e4ivitt\u00e4iseen ammattik\u00e4ytt\u00f6\u00f6n korjaamoille.<\/p>\n","protected":false},"featured_media":12415,"template":"","meta":{"_et_pb_use_builder":"","_et_pb_old_content":"","_et_gb_content_width":""},"pwb-brand":[],"product_brand":[],"product_cat":[1614],"product_tag":[],"class_list":{"0":"post-12416","1":"product","2":"type-product","3":"status-publish","4":"has-post-thumbnail","6":"product_cat-1-2-hylsysarjat","8":"first","9":"instock","10":"taxable","11":"shipping-taxable","12":"purchasable","13":"product-type-simple"},"brands":[],"_links":{"self":[{"href":"https:\/\/silikotek.sapartners.site\/index.php\/wp-json\/wp\/v2\/product\/12416","targetHints":{"allow":["GET"]}}],"collection":[{"href":"https:\/\/silikotek.sapartners.site\/index.php\/wp-json\/wp\/v2\/product"}],"about":[{"href":"https:\/\/silikotek.sapartners.site\/index.php\/wp-json\/wp\/v2\/types\/product"}],"wp:featuredmedia":[{"embeddable":true,"href":"https:\/\/silikotek.sapartners.site\/index.php\/wp-json\/wp\/v2\/media\/12415"}],"wp:attachment":[{"href":"https:\/\/silikotek.sapartners.site\/index.php\/wp-json\/wp\/v2\/media?parent=12416"}],"wp:term":[{"taxonomy":"pwb-brand","embeddable":true,"href":"https:\/\/silikotek.sapartners.site\/index.php\/wp-json\/wp\/v2\/pwb-brand?post=12416"},{"taxonomy":"product_brand","embeddable":true,"href":"https:\/\/silikotek.sapartners.site\/index.php\/wp-json\/wp\/v2\/product_brand?post=12416"},{"taxonomy":"product_cat","embeddable":true,"href":"https:\/\/silikotek.sapartners.site\/index.php\/wp-json\/wp\/v2\/product_cat?post=12416"},{"taxonomy":"product_tag","embeddable":true,"href":"https:\/\/silikotek.sapartners.site\/index.php\/wp-json\/wp\/v2\/product_tag?post=12416"}],"curies":[{"name":"wp","href":"https:\/\/api.w.org\/{rel}","templated":true}]}}