{"id":12412,"date":"2015-04-27T15:58:58","date_gmt":"2015-04-27T15:58:58","guid":{"rendered":"http:\/\/192.168.100.222\/target_carts\/wordpress\/wordpress495\/wordpress\/?product=ruuvimeisselisarja-bgs-7895"},"modified":"2018-09-18T09:48:03","modified_gmt":"2018-09-18T06:48:03","slug":"ruuvimeisselisarja-bgs-7895","status":"publish","type":"product","link":"https:\/\/silikotek.sapartners.site\/index.php\/tuote\/ruuvimeisselisarja-bgs-7895\/","title":{"rendered":"Ruuvimeisselisarja BGS 7895"},"content":{"rendered":"","protected":false},"excerpt":{"rendered":"<p>Eritt\u00e4in korkeatasoinen ruuvimeisselisarja amattik\u00e4ytt\u00f6\u00f6n.<br \/>\nSis\u00e4lt\u00e4\u00e4 ruuvimeisselit:<br \/>\n&#8211; V\u00e4\u00e4nnett\u00e4viss\u00e4 kiintoavaimella<br style=\"font-weight: bold;\" \/>&#8211; ergonomisesti muotoillut \u201csoft grip\u201c kahvat<br \/>\n&#8211; koot: (pituudet ilman kahvaa.)<br \/>\nRuuvimeisselit latta : 3.2&#215;72 mm; 5.0&#215;75 mm; 6.0&#215;100 mm;<br \/>\n6.0&#215;38 mm; 8.0&#215;150 mm; 9.5&#215;200 mm<br \/>\nRistip\u00e4\u00e4 PH: #0x75 mm; #1&#215;75 mm; #2&#215;100;<br \/>\n#2&#215;38 mm, #3&#215;150 mm, #4x 200 mm<\/p>\n","protected":false},"featured_media":12411,"template":"","meta":{"_et_pb_use_builder":"","_et_pb_old_content":"","_et_gb_content_width":""},"pwb-brand":[1451],"product_brand":[],"product_cat":[768],"product_tag":[],"class_list":{"0":"post-12412","1":"product","2":"type-product","3":"status-publish","4":"has-post-thumbnail","6":"pwb-brand-bgs","7":"product_cat-ruuvimeisselit","9":"first","10":"instock","11":"taxable","12":"shipping-taxable","13":"purchasable","14":"product-type-simple"},"brands":[{"id":1451,"name":"BGS","slug":"bgs"}],"_links":{"self":[{"href":"https:\/\/silikotek.sapartners.site\/index.php\/wp-json\/wp\/v2\/product\/12412","targetHints":{"allow":["GET"]}}],"collection":[{"href":"https:\/\/silikotek.sapartners.site\/index.php\/wp-json\/wp\/v2\/product"}],"about":[{"href":"https:\/\/silikotek.sapartners.site\/index.php\/wp-json\/wp\/v2\/types\/product"}],"wp:featuredmedia":[{"embeddable":true,"href":"https:\/\/silikotek.sapartners.site\/index.php\/wp-json\/wp\/v2\/media\/12411"}],"wp:attachment":[{"href":"https:\/\/silikotek.sapartners.site\/index.php\/wp-json\/wp\/v2\/media?parent=12412"}],"wp:term":[{"taxonomy":"pwb-brand","embeddable":true,"href":"https:\/\/silikotek.sapartners.site\/index.php\/wp-json\/wp\/v2\/pwb-brand?post=12412"},{"taxonomy":"product_brand","embeddable":true,"href":"https:\/\/silikotek.sapartners.site\/index.php\/wp-json\/wp\/v2\/product_brand?post=12412"},{"taxonomy":"product_cat","embeddable":true,"href":"https:\/\/silikotek.sapartners.site\/index.php\/wp-json\/wp\/v2\/product_cat?post=12412"},{"taxonomy":"product_tag","embeddable":true,"href":"https:\/\/silikotek.sapartners.site\/index.php\/wp-json\/wp\/v2\/product_tag?post=12412"}],"curies":[{"name":"wp","href":"https:\/\/api.w.org\/{rel}","templated":true}]}}