{"id":12299,"date":"2015-04-01T16:01:44","date_gmt":"2015-04-01T16:01:44","guid":{"rendered":"http:\/\/192.168.100.222\/target_carts\/wordpress\/wordpress495\/wordpress\/?product=hylsysarja-bgs-8820"},"modified":"2025-08-28T02:42:32","modified_gmt":"2025-08-27T23:42:32","slug":"hylsysarja-bgs-8820","status":"publish","type":"product","link":"https:\/\/silikotek.sapartners.site\/index.php\/tuote\/hylsysarja-bgs-8820\/","title":{"rendered":"BGS Hylsysarja Aaltoprofiilimalli 8820"},"content":{"rendered":"<p>&#8211; 1\/4&#8243;<br \/>\n&#8211; T-v\u00e4\u00e4nnin liukuva<br \/>\n&#8211; 150 mm kahva<br \/>\n&#8211; r\u00e4ikk\u00e4, 72 hammasta<br \/>\n&#8211; 50 mm jatko<br \/>\n&#8211; 100 mm jatko<br \/>\n&#8211; nivel<br \/>\n&#8211; bitsin pidin 1\/4&#8243;<br \/>\n&#8211; 6-kulmaiset hylsyt: 4, 4.5, 5, 5.5 ja 6 &#8211; 14 mm<br \/>\n&#8211; 6-kulmaiset hylsyt, 50 mm pitk\u00e4t: 4 &#8211; 10 mm<br \/>\n&#8211; E-Type hylsyt: E4, E5, E6, E8<br \/>\n&#8211; Philippsbits hylsyt: PH0, PH1, PH2, PZ0, PZ1, PZ2<br \/>\n&#8211; meisseli bits hylsyt: 4 &#8211; 5.5 &#8211; 6.5 &#8211; 7 mm<br \/>\n&#8211; T-torx bits hylsyt<br \/>\nT8, T9, T10, T15, T20, T25, T27, T30<br \/>\n&#8211; T-torx bits: reik\u00e4torx<br \/>\nTH8, TH9, TH10, TH15, TH20, TH25, TH27, TH30<br \/>\n&#8211; kuusiokolo bits hylsyt: 3, 4, 5, 6 mm<br \/>\n&#8211; Xzn bits hylsyt: M8 &#8211; M10 &#8211; M12<br \/>\n&#8211; 3\/8&#8243;<br \/>\n&#8211; r\u00e4ikk\u00e4, 72 hammasta<br \/>\n&#8211; 125 mm jatko<br \/>\n&#8211; nivel<br \/>\n&#8211; bitsin pidin 5\/16&#8243; bitseille<br \/>\n&#8211; 6-kulmaiset hylsyt: 10 &#8211; 19 mm<br \/>\n&#8211; 6-kulmaiset hylsyt, 60 mm pitk\u00e4t: 10 &#8211; 15 mm<br \/>\n&#8211; E-Type hylsyt: E10, E11, E12, E14, E16, E18<br \/>\n&#8211; sytytystulppahylsyt 18 mm<br \/>\n&#8211; 1\/2&#8243;<br \/>\n&#8211; r\u00e4ikk\u00e4, 72 hammasta<br \/>\n&#8211; 125 mm jatko<br \/>\n&#8211; 250 mm jatko<br \/>\n&#8211; T-kahva 250 mm liukuva<br \/>\nadapteri 1\/2&#8243; &#8211; 3\/8&#8243;<br \/>\n&#8211; bitsin pidin 5\/16&#8243; bits<br \/>\n&#8211; nivel<br \/>\n&#8211; 6-kulmaiset hylsyt: 10 &#8211; 22, 24, 27, 30 mm<br \/>\n&#8211; 6-kulmaiset hylsyt, 75 mm pitk\u00e4, 16 mm ja18 mm<br \/>\n&#8211; 6-kulmaiset sytytystulppahylsyts: 16 ja 21 mm<br \/>\n&#8211; E-Type hylsyt: E20, E24<br \/>\n&#8211; alumiinivannehylsyt: 17 &#8211; 19 &#8211; 21 mm (suojatut)<br \/>\n&#8211; 8 mm bits<br \/>\n&#8211; Torx bits, tamperproof:<br \/>\nTH40 &#8211; TH45 &#8211; TH50 &#8211; TH55 &#8211; TH60 &#8211; TH70<br \/>\n&#8211; Torx bits<br \/>\nT40 &#8211; T45 &#8211; T50 &#8211; T55 &#8211; T60 &#8211; T70<br \/>\n&#8211; meisseli bits: 8 &#8211; 10 &#8211; 12 mm<br \/>\n&#8211; Philipps bits: PH3, PH4, PZ 3, PZ4<br \/>\n&#8211; r\u00e4ikk\u00e4lenkit: 8 &#8211; 19 mm<br \/>\n&#8211; kuusiokoloavaimet:<br \/>\n1.5 &#8211; 2 &#8211; 2.5 &#8211; 3 &#8211; 4 &#8211; 5 &#8211; 6 &#8211; 8 &#8211; 10 mm<br \/>\n&#8211; Torx avaimet:<br \/>\nT10 &#8211; T20 &#8211; T25 &#8211; T27 &#8211; T30 &#8211; T40 &#8211; T45 &#8211; T50<\/p>\n<table style=\"width: 88px;\" border=\"0\" cellspacing=\"0\" cellpadding=\"0\">\n<colgroup>\n<col width=\"88\" \/><\/colgroup>\n<tbody>\n<tr>\n<td class=\"xl158\" style=\"height: 12.6pt; width: 66pt;\" width=\"88\" height=\"16\"><\/td>\n<\/tr>\n<\/tbody>\n<\/table>\n","protected":false},"excerpt":{"rendered":"<p>Hylsysarja 1\/4&#8243;, 3\/8&#8243;, 1\/2&#8243; + kiintolenkkiavaimet. Sis\u00e4lt\u00e4\u00e4 my\u00f6s kuusiokolo ja torx avaimet. Eritt\u00e4in katttava hylsy ja ty\u00f6kalusarja ammattik\u00e4ytt\u00f6\u00f6n.<\/p>\n","protected":false},"featured_media":20084,"template":"","meta":{"_et_pb_use_builder":"","_et_pb_old_content":"","_et_gb_content_width":""},"pwb-brand":[1451],"product_brand":[],"product_cat":[1619,1618],"product_tag":[],"class_list":{"0":"post-12299","1":"product","2":"type-product","3":"status-publish","4":"has-post-thumbnail","6":"pwb-brand-bgs","7":"product_cat-1-43-81-2-hylsysarjat","8":"product_cat-tyokalusarjat","10":"first","11":"instock","12":"taxable","13":"shipping-taxable","14":"purchasable","15":"product-type-simple"},"brands":[{"id":1451,"name":"BGS","slug":"bgs"}],"_links":{"self":[{"href":"https:\/\/silikotek.sapartners.site\/index.php\/wp-json\/wp\/v2\/product\/12299","targetHints":{"allow":["GET"]}}],"collection":[{"href":"https:\/\/silikotek.sapartners.site\/index.php\/wp-json\/wp\/v2\/product"}],"about":[{"href":"https:\/\/silikotek.sapartners.site\/index.php\/wp-json\/wp\/v2\/types\/product"}],"wp:featuredmedia":[{"embeddable":true,"href":"https:\/\/silikotek.sapartners.site\/index.php\/wp-json\/wp\/v2\/media\/20084"}],"wp:attachment":[{"href":"https:\/\/silikotek.sapartners.site\/index.php\/wp-json\/wp\/v2\/media?parent=12299"}],"wp:term":[{"taxonomy":"pwb-brand","embeddable":true,"href":"https:\/\/silikotek.sapartners.site\/index.php\/wp-json\/wp\/v2\/pwb-brand?post=12299"},{"taxonomy":"product_brand","embeddable":true,"href":"https:\/\/silikotek.sapartners.site\/index.php\/wp-json\/wp\/v2\/product_brand?post=12299"},{"taxonomy":"product_cat","embeddable":true,"href":"https:\/\/silikotek.sapartners.site\/index.php\/wp-json\/wp\/v2\/product_cat?post=12299"},{"taxonomy":"product_tag","embeddable":true,"href":"https:\/\/silikotek.sapartners.site\/index.php\/wp-json\/wp\/v2\/product_tag?post=12299"}],"curies":[{"name":"wp","href":"https:\/\/api.w.org\/{rel}","templated":true}]}}