{"id":12279,"date":"2015-03-25T11:48:03","date_gmt":"2015-03-25T11:48:03","guid":{"rendered":"http:\/\/192.168.100.222\/target_carts\/wordpress\/wordpress495\/wordpress\/?product=lukkorengaspihdit-sisapuoliset"},"modified":"2015-03-25T11:51:02","modified_gmt":"2015-03-25T11:51:02","slug":"lukkorengaspihdit-sisapuoliset","status":"publish","type":"product","link":"https:\/\/silikotek.sapartners.site\/index.php\/tuote\/lukkorengaspihdit-sisapuoliset\/","title":{"rendered":"Lukkorengaspihdit sis\u00e4puoliset"},"content":{"rendered":"<p>Lukkorengaspihdit tekniset tiedot:<br \/>K\u00e4rjet [mm] 1,3 mm<br \/>Sis\u00e4puolisille lukkorenkaille mini &#8211; maxi [mm] 12 &#8211; 25<br \/>Pituus [mm] 140 mm<br \/>Paino [g] 115 g<br \/>K\u00e4rjet pianolankaa<\/p>\n","protected":false},"excerpt":{"rendered":"<p>Facom lukkorengaspihdit sis\u00e4puolisille lukkorenkaille 12-25 mm. Eritt\u00e4in laadukkaat lukkorengaspihdit ammattik\u00e4ytt\u00f6\u00f6n.<\/p>\n","protected":false},"featured_media":12278,"template":"","meta":{"_et_pb_use_builder":"","_et_pb_old_content":"","_et_gb_content_width":""},"pwb-brand":[],"product_brand":[],"product_cat":[865],"product_tag":[],"class_list":{"0":"post-12279","1":"product","2":"type-product","3":"status-publish","4":"has-post-thumbnail","6":"product_cat-sisapuoliset-lukkorengaspihdit","8":"first","9":"instock","10":"sale","11":"taxable","12":"shipping-taxable","13":"purchasable","14":"product-type-simple"},"brands":[],"_links":{"self":[{"href":"https:\/\/silikotek.sapartners.site\/index.php\/wp-json\/wp\/v2\/product\/12279","targetHints":{"allow":["GET"]}}],"collection":[{"href":"https:\/\/silikotek.sapartners.site\/index.php\/wp-json\/wp\/v2\/product"}],"about":[{"href":"https:\/\/silikotek.sapartners.site\/index.php\/wp-json\/wp\/v2\/types\/product"}],"wp:featuredmedia":[{"embeddable":true,"href":"https:\/\/silikotek.sapartners.site\/index.php\/wp-json\/wp\/v2\/media\/12278"}],"wp:attachment":[{"href":"https:\/\/silikotek.sapartners.site\/index.php\/wp-json\/wp\/v2\/media?parent=12279"}],"wp:term":[{"taxonomy":"pwb-brand","embeddable":true,"href":"https:\/\/silikotek.sapartners.site\/index.php\/wp-json\/wp\/v2\/pwb-brand?post=12279"},{"taxonomy":"product_brand","embeddable":true,"href":"https:\/\/silikotek.sapartners.site\/index.php\/wp-json\/wp\/v2\/product_brand?post=12279"},{"taxonomy":"product_cat","embeddable":true,"href":"https:\/\/silikotek.sapartners.site\/index.php\/wp-json\/wp\/v2\/product_cat?post=12279"},{"taxonomy":"product_tag","embeddable":true,"href":"https:\/\/silikotek.sapartners.site\/index.php\/wp-json\/wp\/v2\/product_tag?post=12279"}],"curies":[{"name":"wp","href":"https:\/\/api.w.org\/{rel}","templated":true}]}}