{"id":12277,"date":"2015-03-24T10:25:14","date_gmt":"2015-03-24T10:25:14","guid":{"rendered":"http:\/\/192.168.100.222\/target_carts\/wordpress\/wordpress495\/wordpress\/?product=tuulilasin-irroituslangan-ohjaustyokalu"},"modified":"2016-02-23T10:56:24","modified_gmt":"2016-02-23T10:56:24","slug":"tuulilasin-irroituslangan-ohjaustyokalu","status":"publish","type":"product","link":"https:\/\/silikotek.sapartners.site\/index.php\/tuote\/tuulilasin-irroituslangan-ohjaustyokalu\/","title":{"rendered":"Tuulilasin irroituslangan ohjausty\u00f6kalu"},"content":{"rendered":"","protected":false},"excerpt":{"rendered":"<p>T\u00e4m\u00e4 ProGlass tuulilasin irroituslangan ohjausty\u00f6kalu helpottaa liimalasin irroitusta. T\u00e4m\u00e4 ohjausty\u00f6kalu helpottaa verhoilun ja kojetaulun s\u00e4ilymist\u00e4 ehj\u00e4n\u00e4 tuulilasia vaihdettaessa. My\u00f6skin maalipinta tuulilasin ymp\u00e4rill\u00e4 s\u00e4ilyy helpommin ehj\u00e4n\u00e4. T\u00e4ss\u00e4 ty\u00f6kalussa on valmiina M4 kiristysruuvi irroituslangan kiinnitt\u00e4mist\u00e4 varten. Kokonaispituus 34 cm<\/p>\n","protected":false},"featured_media":12276,"template":"","meta":{"_et_pb_use_builder":"","_et_pb_old_content":"","_et_gb_content_width":""},"pwb-brand":[],"product_brand":[],"product_cat":[749],"product_tag":[],"class_list":{"0":"post-12277","1":"product","2":"type-product","3":"status-publish","4":"has-post-thumbnail","6":"product_cat-tuulilasi-tyokalut","8":"first","9":"instock","10":"taxable","11":"shipping-taxable","12":"purchasable","13":"product-type-simple"},"brands":[],"_links":{"self":[{"href":"https:\/\/silikotek.sapartners.site\/index.php\/wp-json\/wp\/v2\/product\/12277","targetHints":{"allow":["GET"]}}],"collection":[{"href":"https:\/\/silikotek.sapartners.site\/index.php\/wp-json\/wp\/v2\/product"}],"about":[{"href":"https:\/\/silikotek.sapartners.site\/index.php\/wp-json\/wp\/v2\/types\/product"}],"wp:featuredmedia":[{"embeddable":true,"href":"https:\/\/silikotek.sapartners.site\/index.php\/wp-json\/wp\/v2\/media\/12276"}],"wp:attachment":[{"href":"https:\/\/silikotek.sapartners.site\/index.php\/wp-json\/wp\/v2\/media?parent=12277"}],"wp:term":[{"taxonomy":"pwb-brand","embeddable":true,"href":"https:\/\/silikotek.sapartners.site\/index.php\/wp-json\/wp\/v2\/pwb-brand?post=12277"},{"taxonomy":"product_brand","embeddable":true,"href":"https:\/\/silikotek.sapartners.site\/index.php\/wp-json\/wp\/v2\/product_brand?post=12277"},{"taxonomy":"product_cat","embeddable":true,"href":"https:\/\/silikotek.sapartners.site\/index.php\/wp-json\/wp\/v2\/product_cat?post=12277"},{"taxonomy":"product_tag","embeddable":true,"href":"https:\/\/silikotek.sapartners.site\/index.php\/wp-json\/wp\/v2\/product_tag?post=12277"}],"curies":[{"name":"wp","href":"https:\/\/api.w.org\/{rel}","templated":true}]}}