{"id":12275,"date":"2015-03-24T09:56:37","date_gmt":"2015-03-24T09:56:37","guid":{"rendered":"http:\/\/192.168.100.222\/target_carts\/wordpress\/wordpress495\/wordpress\/?product=tuulilasin-irroitus-lanka"},"modified":"2020-03-24T09:43:16","modified_gmt":"2020-03-24T07:43:16","slug":"tuulilasin-irroitus-lanka","status":"publish","type":"product","link":"https:\/\/silikotek.sapartners.site\/index.php\/tuote\/tuulilasin-irroitus-lanka\/","title":{"rendered":"ProGlass Tuulilasin irroitus lanka"},"content":{"rendered":"<p>ProGlass tuulilasin irroituslanka 0,6&#215;0,6 neliskulmainen. Rullakoko 44 m<\/p>\n","protected":false},"excerpt":{"rendered":"<p>T\u00e4m\u00e4 ProGlass tuulilasin irroituslanka sopii eritt\u00e4in hyvin liimattujen tuulilasien irroittamiseen. T\u00e4m\u00e4 irroituslanka on neliskulmainen ja siksi siin\u00e4 on eritt\u00e4n hyv\u00e4 leikkauskyky. Ter\u00e4v\u00e4 reuna leikkaa paremmin kuin py\u00f6re\u00e4. Rullassa on 44 m ter\u00e4slankaa.<\/p>\n","protected":false},"featured_media":12274,"template":"","meta":{"_et_pb_use_builder":"","_et_pb_old_content":"","_et_gb_content_width":""},"pwb-brand":[1503],"product_brand":[],"product_cat":[749],"product_tag":[],"class_list":{"0":"post-12275","1":"product","2":"type-product","3":"status-publish","4":"has-post-thumbnail","6":"pwb-brand-proglass","7":"product_cat-tuulilasi-tyokalut","9":"first","10":"instock","11":"taxable","12":"shipping-taxable","13":"purchasable","14":"product-type-simple"},"brands":[{"id":1503,"name":"ProGlass","slug":"proglass"}],"_links":{"self":[{"href":"https:\/\/silikotek.sapartners.site\/index.php\/wp-json\/wp\/v2\/product\/12275","targetHints":{"allow":["GET"]}}],"collection":[{"href":"https:\/\/silikotek.sapartners.site\/index.php\/wp-json\/wp\/v2\/product"}],"about":[{"href":"https:\/\/silikotek.sapartners.site\/index.php\/wp-json\/wp\/v2\/types\/product"}],"wp:featuredmedia":[{"embeddable":true,"href":"https:\/\/silikotek.sapartners.site\/index.php\/wp-json\/wp\/v2\/media\/12274"}],"wp:attachment":[{"href":"https:\/\/silikotek.sapartners.site\/index.php\/wp-json\/wp\/v2\/media?parent=12275"}],"wp:term":[{"taxonomy":"pwb-brand","embeddable":true,"href":"https:\/\/silikotek.sapartners.site\/index.php\/wp-json\/wp\/v2\/pwb-brand?post=12275"},{"taxonomy":"product_brand","embeddable":true,"href":"https:\/\/silikotek.sapartners.site\/index.php\/wp-json\/wp\/v2\/product_brand?post=12275"},{"taxonomy":"product_cat","embeddable":true,"href":"https:\/\/silikotek.sapartners.site\/index.php\/wp-json\/wp\/v2\/product_cat?post=12275"},{"taxonomy":"product_tag","embeddable":true,"href":"https:\/\/silikotek.sapartners.site\/index.php\/wp-json\/wp\/v2\/product_tag?post=12275"}],"curies":[{"name":"wp","href":"https:\/\/api.w.org\/{rel}","templated":true}]}}