{"id":12265,"date":"2015-03-20T10:13:32","date_gmt":"2015-03-20T10:13:32","guid":{"rendered":"http:\/\/192.168.100.222\/target_carts\/wordpress\/wordpress495\/wordpress\/?product=vaihteistonostin-500-kg"},"modified":"2017-03-07T08:42:07","modified_gmt":"2017-03-07T08:42:07","slug":"vaihteistonostin-500-kg","status":"publish","type":"product","link":"https:\/\/silikotek.sapartners.site\/index.php\/tuote\/vaihteistonostin-500-kg\/","title":{"rendered":"Vaihteistonostin 500 kg"},"content":{"rendered":"<p>Vaihteistonostimen tekniset tiedot:<br \/>Nostokapasiteetti 500 kg<br \/>Nostokorkeus 880-1770 kg<br \/>Omapaino 80 kg<br \/>Kuulalaakeroidut siirtopy\u00f6r\u00e4t.<\/p>\n","protected":false},"excerpt":{"rendered":"<p>Vaihteistonostin ammattik\u00e4ytt\u00f6\u00f6n. Eritt\u00e4in monipuolinen vaihteistonostin. S\u00e4\u00e4dett\u00e4vien kiinnityspisteiden ansiosta p\u00e4\u00e4tylevy 60 mm ja voidaan kallistaa -10\u00b0-35\u00b0soveltuu vaihteistojen perien, taka-akseleiden, moottoreiden ja automaattivaihteistojen nostoon. Nopeanostoinen jalkapolkimen ansiosta.<\/p>\n","protected":false},"featured_media":12264,"template":"","meta":{"_et_pb_use_builder":"","_et_pb_old_content":"","_et_gb_content_width":""},"pwb-brand":[],"product_brand":[],"product_cat":[769],"product_tag":[],"class_list":{"0":"post-12265","1":"product","2":"type-product","3":"status-publish","4":"has-post-thumbnail","6":"product_cat-vaihteisto-ja-voimansiirto","8":"first","9":"instock","10":"taxable","11":"shipping-taxable","12":"purchasable","13":"product-type-simple"},"brands":[],"_links":{"self":[{"href":"https:\/\/silikotek.sapartners.site\/index.php\/wp-json\/wp\/v2\/product\/12265","targetHints":{"allow":["GET"]}}],"collection":[{"href":"https:\/\/silikotek.sapartners.site\/index.php\/wp-json\/wp\/v2\/product"}],"about":[{"href":"https:\/\/silikotek.sapartners.site\/index.php\/wp-json\/wp\/v2\/types\/product"}],"wp:featuredmedia":[{"embeddable":true,"href":"https:\/\/silikotek.sapartners.site\/index.php\/wp-json\/wp\/v2\/media\/12264"}],"wp:attachment":[{"href":"https:\/\/silikotek.sapartners.site\/index.php\/wp-json\/wp\/v2\/media?parent=12265"}],"wp:term":[{"taxonomy":"pwb-brand","embeddable":true,"href":"https:\/\/silikotek.sapartners.site\/index.php\/wp-json\/wp\/v2\/pwb-brand?post=12265"},{"taxonomy":"product_brand","embeddable":true,"href":"https:\/\/silikotek.sapartners.site\/index.php\/wp-json\/wp\/v2\/product_brand?post=12265"},{"taxonomy":"product_cat","embeddable":true,"href":"https:\/\/silikotek.sapartners.site\/index.php\/wp-json\/wp\/v2\/product_cat?post=12265"},{"taxonomy":"product_tag","embeddable":true,"href":"https:\/\/silikotek.sapartners.site\/index.php\/wp-json\/wp\/v2\/product_tag?post=12265"}],"curies":[{"name":"wp","href":"https:\/\/api.w.org\/{rel}","templated":true}]}}