{"id":12257,"date":"2015-03-18T14:52:50","date_gmt":"2015-03-18T14:52:50","guid":{"rendered":"http:\/\/192.168.100.222\/target_carts\/wordpress\/wordpress495\/wordpress\/?product=kiintolenkkisarja"},"modified":"2018-09-18T10:27:34","modified_gmt":"2018-09-18T07:27:34","slug":"kiintolenkkisarja","status":"publish","type":"product","link":"https:\/\/silikotek.sapartners.site\/index.php\/tuote\/kiintolenkkisarja\/","title":{"rendered":"BGS Kiintolenkkisarja 1197"},"content":{"rendered":"<p>Kiintolenkkisarjan sis\u00e4lt\u00f6<br \/>\n&#8211; kovetettu crome vanadium<br \/>\n&#8211; kiillotetut lenkit<br \/>\n&#8211; 6 -7-8-9-10-11-12-13-14-17-19-22 mm<br \/>\n&#8211; muovik\u00e4\u00e4reess\u00e4<\/p>\n","protected":false},"excerpt":{"rendered":"<p>Kiintolenkkisarja 6-22 mm, 12-os BGS-1197. T\u00e4m\u00e4 standardin DIN 3113A mukainen kiintolenkkisarja sopii vaativalle ruuvarille. Nyt koko sarja yhden kiintolenkin hinnalla. T\u00e4m\u00e4 kannattaa ostaa vaikka varalle kotiin. Tosi tarpeellinen vaikka mopopojilla ja tyt\u00f6ille, hyv\u00e4ss\u00e4 muovik\u00e4\u00e4reess\u00e4. Osta heti n\u00e4it\u00e4 ei riit\u00e4 kaikille. Rajoitettu er\u00e4.<\/p>\n","protected":false},"featured_media":12256,"template":"","meta":{"_et_pb_use_builder":"","_et_pb_old_content":"","_et_gb_content_width":""},"pwb-brand":[1451],"product_brand":[],"product_cat":[500],"product_tag":[],"class_list":{"0":"post-12257","1":"product","2":"type-product","3":"status-publish","4":"has-post-thumbnail","6":"pwb-brand-bgs","7":"product_cat-kiintolenkkiavaimet","9":"first","10":"instock","11":"taxable","12":"shipping-taxable","13":"purchasable","14":"product-type-simple"},"brands":[{"id":1451,"name":"BGS","slug":"bgs"}],"_links":{"self":[{"href":"https:\/\/silikotek.sapartners.site\/index.php\/wp-json\/wp\/v2\/product\/12257","targetHints":{"allow":["GET"]}}],"collection":[{"href":"https:\/\/silikotek.sapartners.site\/index.php\/wp-json\/wp\/v2\/product"}],"about":[{"href":"https:\/\/silikotek.sapartners.site\/index.php\/wp-json\/wp\/v2\/types\/product"}],"wp:featuredmedia":[{"embeddable":true,"href":"https:\/\/silikotek.sapartners.site\/index.php\/wp-json\/wp\/v2\/media\/12256"}],"wp:attachment":[{"href":"https:\/\/silikotek.sapartners.site\/index.php\/wp-json\/wp\/v2\/media?parent=12257"}],"wp:term":[{"taxonomy":"pwb-brand","embeddable":true,"href":"https:\/\/silikotek.sapartners.site\/index.php\/wp-json\/wp\/v2\/pwb-brand?post=12257"},{"taxonomy":"product_brand","embeddable":true,"href":"https:\/\/silikotek.sapartners.site\/index.php\/wp-json\/wp\/v2\/product_brand?post=12257"},{"taxonomy":"product_cat","embeddable":true,"href":"https:\/\/silikotek.sapartners.site\/index.php\/wp-json\/wp\/v2\/product_cat?post=12257"},{"taxonomy":"product_tag","embeddable":true,"href":"https:\/\/silikotek.sapartners.site\/index.php\/wp-json\/wp\/v2\/product_tag?post=12257"}],"curies":[{"name":"wp","href":"https:\/\/api.w.org\/{rel}","templated":true}]}}