{"id":12255,"date":"2015-03-18T14:15:27","date_gmt":"2015-03-18T14:15:27","guid":{"rendered":"http:\/\/192.168.100.222\/target_carts\/wordpress\/wordpress495\/wordpress\/?product=hylsysarja-3-4-bgs-1206"},"modified":"2020-02-28T00:01:06","modified_gmt":"2020-02-27T22:01:06","slug":"hylsysarja-3-4-bgs-1206","status":"publish","type":"product","link":"https:\/\/silikotek.sapartners.site\/index.php\/tuote\/hylsysarja-3-4-bgs-1206\/","title":{"rendered":"BGS Hylsysarja 3\/4&#8243; 1206"},"content":{"rendered":"<p>Hylsysarja 3\/4&#8243; sis\u00e4lt\u00f6<br \/>\n&#8211; Kromattu<br \/>\n&#8211; 10 kpl 6-kulmaisia hylsyj\u00e4<br \/>\n22-24-27-30-32-36-38-41-46-50 mm<br \/>\n&#8211; 1 jatkettava r\u00e4ikk\u00e4\u00a0 500 mm<br \/>\n&#8211; 1 liukuva T-jatko 450 mm<br \/>\n&#8211; 2 jatkot 100 &#8211; 200 mm<\/p>\n","protected":false},"excerpt":{"rendered":"<p>Hylsysarja 3\/4&#8243; raskaaseen ammattik\u00e4ytt\u00f6\u00f6n. Sarjassa mukana per\u00e4ti 500 mm pitk\u00e4 r\u00e4ikk\u00e4. Kest\u00e4\u00e4 v\u00e4\u00e4nt\u00e4\u00e4 v\u00e4h\u00e4n tiukemm\u00e4ss\u00e4kin olevia ruuveja.<\/p>\n","protected":false},"featured_media":20776,"template":"","meta":{"_et_pb_use_builder":"","_et_pb_old_content":"","_et_gb_content_width":""},"pwb-brand":[1451],"product_brand":[],"product_cat":[1615],"product_tag":[],"class_list":{"0":"post-12255","1":"product","2":"type-product","3":"status-publish","4":"has-post-thumbnail","6":"pwb-brand-bgs","7":"product_cat-3-4-hylsysarjat","9":"first","10":"instock","11":"taxable","12":"shipping-taxable","13":"purchasable","14":"product-type-simple"},"brands":[{"id":1451,"name":"BGS","slug":"bgs"}],"_links":{"self":[{"href":"https:\/\/silikotek.sapartners.site\/index.php\/wp-json\/wp\/v2\/product\/12255","targetHints":{"allow":["GET"]}}],"collection":[{"href":"https:\/\/silikotek.sapartners.site\/index.php\/wp-json\/wp\/v2\/product"}],"about":[{"href":"https:\/\/silikotek.sapartners.site\/index.php\/wp-json\/wp\/v2\/types\/product"}],"wp:featuredmedia":[{"embeddable":true,"href":"https:\/\/silikotek.sapartners.site\/index.php\/wp-json\/wp\/v2\/media\/20776"}],"wp:attachment":[{"href":"https:\/\/silikotek.sapartners.site\/index.php\/wp-json\/wp\/v2\/media?parent=12255"}],"wp:term":[{"taxonomy":"pwb-brand","embeddable":true,"href":"https:\/\/silikotek.sapartners.site\/index.php\/wp-json\/wp\/v2\/pwb-brand?post=12255"},{"taxonomy":"product_brand","embeddable":true,"href":"https:\/\/silikotek.sapartners.site\/index.php\/wp-json\/wp\/v2\/product_brand?post=12255"},{"taxonomy":"product_cat","embeddable":true,"href":"https:\/\/silikotek.sapartners.site\/index.php\/wp-json\/wp\/v2\/product_cat?post=12255"},{"taxonomy":"product_tag","embeddable":true,"href":"https:\/\/silikotek.sapartners.site\/index.php\/wp-json\/wp\/v2\/product_tag?post=12255"}],"curies":[{"name":"wp","href":"https:\/\/api.w.org\/{rel}","templated":true}]}}