{"id":12247,"date":"2015-03-16T15:12:34","date_gmt":"2015-03-16T15:12:34","guid":{"rendered":"http:\/\/192.168.100.222\/target_carts\/wordpress\/wordpress495\/wordpress\/?product=ilmaraikka-stubby-1-4-mini"},"modified":"2015-03-16T15:15:06","modified_gmt":"2015-03-16T15:15:06","slug":"ilmaraikka-stubby-1-4-mini","status":"publish","type":"product","link":"https:\/\/silikotek.sapartners.site\/index.php\/tuote\/ilmaraikka-stubby-1-4-mini\/","title":{"rendered":"Ilmar\u00e4ikk\u00e4 Stubby 1\/4&#8243; Mini"},"content":{"rendered":"<p>Ilmar\u00e4ikk\u00e4 Stubby mini tekniset tiedot<br \/> Vapaa kierrosnopeus 260 R\/min<br \/>V\u00e4\u00e4ntg\u00e4 25 FT-LB. 24\u00a0 Nm<br \/>Avainkoko 1\/4&#8243;<br \/>Ilmanpaine 90 PSI<br \/>Ilmam\u00e4\u00e4r\u00e4 5 CFM<br \/>Liit\u00e4nt\u00e4 1\/4&#8243;<br \/>Putkikoko1\/4&#8243;<br \/>Pituus 160 mm<br \/>Paino 0.5 kg<\/p>\n","protected":false},"excerpt":{"rendered":"<p>Ilmar\u00e4ikk\u00e4 Stubby mini. Eritt\u00e4in pienikokoinen ilmar\u00e4ikk\u00e4 Stubby mit\u00e4 ahtaimpiin paikkoihin.<\/p>\n","protected":false},"featured_media":12246,"template":"","meta":{"_et_pb_use_builder":"","_et_pb_old_content":"","_et_gb_content_width":""},"pwb-brand":[],"product_brand":[],"product_cat":[879],"product_tag":[],"class_list":{"0":"post-12247","1":"product","2":"type-product","3":"status-publish","4":"has-post-thumbnail","6":"product_cat-raikkavaannin-ilmalla","8":"first","9":"instock","10":"taxable","11":"shipping-taxable","12":"purchasable","13":"product-type-simple"},"brands":[],"_links":{"self":[{"href":"https:\/\/silikotek.sapartners.site\/index.php\/wp-json\/wp\/v2\/product\/12247","targetHints":{"allow":["GET"]}}],"collection":[{"href":"https:\/\/silikotek.sapartners.site\/index.php\/wp-json\/wp\/v2\/product"}],"about":[{"href":"https:\/\/silikotek.sapartners.site\/index.php\/wp-json\/wp\/v2\/types\/product"}],"wp:featuredmedia":[{"embeddable":true,"href":"https:\/\/silikotek.sapartners.site\/index.php\/wp-json\/wp\/v2\/media\/12246"}],"wp:attachment":[{"href":"https:\/\/silikotek.sapartners.site\/index.php\/wp-json\/wp\/v2\/media?parent=12247"}],"wp:term":[{"taxonomy":"pwb-brand","embeddable":true,"href":"https:\/\/silikotek.sapartners.site\/index.php\/wp-json\/wp\/v2\/pwb-brand?post=12247"},{"taxonomy":"product_brand","embeddable":true,"href":"https:\/\/silikotek.sapartners.site\/index.php\/wp-json\/wp\/v2\/product_brand?post=12247"},{"taxonomy":"product_cat","embeddable":true,"href":"https:\/\/silikotek.sapartners.site\/index.php\/wp-json\/wp\/v2\/product_cat?post=12247"},{"taxonomy":"product_tag","embeddable":true,"href":"https:\/\/silikotek.sapartners.site\/index.php\/wp-json\/wp\/v2\/product_tag?post=12247"}],"curies":[{"name":"wp","href":"https:\/\/api.w.org\/{rel}","templated":true}]}}