{"id":12227,"date":"2015-03-12T14:53:12","date_gmt":"2015-03-12T14:53:12","guid":{"rendered":"http:\/\/192.168.100.222\/target_carts\/wordpress\/wordpress495\/wordpress\/?product=paineilmavasara"},"modified":"2019-11-06T11:43:55","modified_gmt":"2019-11-06T09:43:55","slug":"paineilmavasara-1","status":"publish","type":"product","link":"https:\/\/silikotek.sapartners.site\/index.php\/tuote\/paineilmavasara-1\/","title":{"rendered":"BGS 7-osainen Paineilmavasara 10 mm py\u00f6r\u00f6taltoille 3515"},"content":{"rendered":"<p>&#8211; Sopii auton korikorjaamoille<br \/>\n&#8211; mukana:<br \/>\n&#8211; 4 ter\u00e4\u00e4 eri muotoisia<br \/>\n&#8211; pikairroitettava p\u00e4\u00e4<br \/>\n&#8211; komposiittikahva<br \/>\n&#8211; tekniset tiedot:<br \/>\n&#8211; iskua minuutissa: 3,500<br \/>\n&#8211; ilman tarve: 179 l \/ min<br \/>\n&#8211; ter\u00e4n kiinnitys, 10 mm<br \/>\n&#8211; isku: 67 mm<br \/>\n&#8211; paine: 6.2 bar<br \/>\n&#8211; ilmaliit\u00e4nt\u00e4: 1\/4 &#8221;<br \/>\n&#8211; pituus: 170 mm<br \/>\n&#8211; paino: 1.60 kgs<\/p>\n","protected":false},"excerpt":{"rendered":"<p>Paineilmavasara t\u00e4rin\u00e4vaimennetulla kahvalla. Sopii hyvin korit\u00f6ihin. Mukana 5-os ter\u00e4sarja.<\/p>\n","protected":false},"featured_media":21330,"template":"","meta":{"_et_pb_use_builder":"","_et_pb_old_content":"","_et_gb_content_width":""},"pwb-brand":[1451],"product_brand":[],"product_cat":[466],"product_tag":[],"class_list":{"0":"post-12227","1":"product","2":"type-product","3":"status-publish","4":"has-post-thumbnail","6":"pwb-brand-bgs","7":"product_cat-paineilmatyokalut","9":"first","10":"instock","11":"taxable","12":"shipping-taxable","13":"purchasable","14":"product-type-simple"},"brands":[{"id":1451,"name":"BGS","slug":"bgs"}],"_links":{"self":[{"href":"https:\/\/silikotek.sapartners.site\/index.php\/wp-json\/wp\/v2\/product\/12227","targetHints":{"allow":["GET"]}}],"collection":[{"href":"https:\/\/silikotek.sapartners.site\/index.php\/wp-json\/wp\/v2\/product"}],"about":[{"href":"https:\/\/silikotek.sapartners.site\/index.php\/wp-json\/wp\/v2\/types\/product"}],"wp:featuredmedia":[{"embeddable":true,"href":"https:\/\/silikotek.sapartners.site\/index.php\/wp-json\/wp\/v2\/media\/21330"}],"wp:attachment":[{"href":"https:\/\/silikotek.sapartners.site\/index.php\/wp-json\/wp\/v2\/media?parent=12227"}],"wp:term":[{"taxonomy":"pwb-brand","embeddable":true,"href":"https:\/\/silikotek.sapartners.site\/index.php\/wp-json\/wp\/v2\/pwb-brand?post=12227"},{"taxonomy":"product_brand","embeddable":true,"href":"https:\/\/silikotek.sapartners.site\/index.php\/wp-json\/wp\/v2\/product_brand?post=12227"},{"taxonomy":"product_cat","embeddable":true,"href":"https:\/\/silikotek.sapartners.site\/index.php\/wp-json\/wp\/v2\/product_cat?post=12227"},{"taxonomy":"product_tag","embeddable":true,"href":"https:\/\/silikotek.sapartners.site\/index.php\/wp-json\/wp\/v2\/product_tag?post=12227"}],"curies":[{"name":"wp","href":"https:\/\/api.w.org\/{rel}","templated":true}]}}