{"id":12175,"date":"2015-03-02T13:04:13","date_gmt":"2015-03-02T13:04:13","guid":{"rendered":"http:\/\/192.168.100.222\/target_carts\/wordpress\/wordpress495\/wordpress\/?product=bitsisarja-100-os-911-2026"},"modified":"2018-10-23T15:12:10","modified_gmt":"2018-10-23T12:12:10","slug":"bitsisarja-100-os-911-2026","status":"publish","type":"product","link":"https:\/\/silikotek.sapartners.site\/index.php\/tuote\/bitsisarja-100-os-911-2026\/","title":{"rendered":"Kstools Bitsisarja 100-os, 911.2026"},"content":{"rendered":"<p>514.1102 magneettipidin, 1\/4&#8243;, 50mm<br \/>\n911.1452 1\/4&#8243; hylsyadapteri 30mmL<br \/>\n911.2201 1\/4&#8243; Bit,25mm,PH1<br \/>\n911.2204 1\/4&#8243; Bit,25mm,PH2<br \/>\n911.2207 1\/4&#8243; Bit,25mm,PH3<br \/>\n911.2219 1\/4&#8243; Bit,25mm,PZ1<br \/>\n911.2222 1\/4&#8243; Bit,25mm,PZ2<br \/>\n911.2225 1\/4&#8243; Bit,25mm,PZ3<br \/>\n911.2237 1\/4&#8243; CLASSIC bit slot, 4mm<br \/>\n911.2240 1\/4&#8243; CLASSIC bit slot, 4.5mm<br \/>\n911.2243 1\/4&#8243; CLASSIC bit slot, 5.5mm<br \/>\n911.2246 1\/4&#8243; CLASSIC bit slot, 6mm<br \/>\n911.2249 1\/4&#8243; CLASSIC bit slot, 6.5mm<br \/>\n911.2252 1\/4&#8243; CLASSIC bit slot, 8mm<br \/>\n911.2255 1\/4&#8243; CLASSIC bit hex, 3mm<br \/>\n911.2258 1\/4&#8243; Bit hex. socket,25mm,4mm<br \/>\n911.2261 1\/4&#8243; Bit hex. socket,25mm,5mm<br \/>\n911.2264 1\/4&#8243; Bit hex. socket,25mm,6mm<br \/>\n911.2270 1\/4&#8243; Hexagonal bits,l=25mm, 8 mm<br \/>\n911.2276 1\/4&#8243; CLASSIC bit, TB8<br \/>\n911.2282 1\/4&#8243; CLASSIC bit, TB10<br \/>\n911.2285 1\/4&#8243; CLASSIC bit, TB15<br \/>\n911.2288 1\/4&#8243; CLASSIC bit, TB20<br \/>\n911.2291 1\/4&#8243; CLASSIC bit, TB25<br \/>\n911.2294 1\/4&#8243; CLASSIC bit, TB27<br \/>\n911.2297 1\/4&#8243; CLASSIC bit, TB30<br \/>\n911.2300 1\/4&#8243; CLASSIC bit, TB40<br \/>\n911.2306 1\/4&#8243; CLASSIC bit TX, T8<br \/>\n911.2312 1\/4&#8243; Bit TX,25mm,T10<br \/>\n911.2315 1\/4&#8243; Bit TX,25mm,T15<br \/>\n911.2318 1\/4&#8243; Bit TX,25mm,T20<br \/>\n911.2321 1\/4&#8243; Bit TX,25mm,T25<br \/>\n911.2324 1\/4&#8243; Bit TX,25mm,T27<br \/>\n911.2327 1\/4&#8243; Bit TX,25mm,T30<br \/>\n911.2330 1\/4&#8243; Bit TX,25mm,T40<br \/>\n911.2344 1\/4&#8243; CLASSIC bit XZN, M5<br \/>\n911.2347 1\/4&#8243; CLASSIC bit XZN, M6<br \/>\n911.2350 1\/4&#8243; CLASSIC bit XZN, M8<br \/>\n911.2359 1\/4&#8243; SLOTTED-S2-BIT 7MM, 25MM LENGTHNICKEL PLATED<br \/>\n911.2362 1\/4&#8243; S2-HEX-BIT 5,5mm \/ 25mmL<br \/>\n911.2377 1\/4&#8243; Hexagonal bits, length 25 mm<br \/>\n911.2383 1\/4&#8243; S2-HEX-BIT 1,5mm \/ 25mmL<br \/>\n911.2386 1\/4&#8243; S2-HEX-BIT 2,5mm \/ 25mmL<br \/>\n911.2389 1\/4&#8243; S2 SLOTTED-BIT 3mm, 25mmLNICKEL PLATED<br \/>\n911.2392 1\/4&#8243; S2 SLOTTED-BIT 5mm, 25mmL<br \/>\n911.2901 1\/4&#8243; CLASSIC bit Torque, 6mm<br \/>\n911.2904 1\/4&#8243; CLASSIC bit Torque, 8mm<br \/>\n911.2907 1\/4&#8243; CLASSIC bit Torque, 10mm<br \/>\n911.2910 1\/4&#8243; CLASSIC bit security slot, 4mm<br \/>\n911.2913 1\/4&#8243; CLASSIC bit security slot,6mm<br \/>\n911.2916 1\/4&#8243; CLASSIC bit security slot,8mm<br \/>\n911.2919 1\/4&#8243; CLASSIC bit security slot,10mm<br \/>\n911.2922 1\/4&#8243; CLASSIC bit TRIWING, 4mm<br \/>\n911.2925 1\/4&#8243; CLASSIC bit TRIWING, 6mm<br \/>\n911.2928 1\/4&#8243; CLASSIC bit TRIWING, 8mm<br \/>\n911.2931 1\/4&#8243; CLASSIC bit TRIWING, 10mm<br \/>\n911.2934 1\/4&#8243; CLASSIC bit hex tamperproof, 2mm<br \/>\n911.2937 1\/4&#8243; CLASSIC bit hex tamperproof, 2.5mm<br \/>\n911.2940 1\/4&#8243; CLASSIC bit hex tamperproof, 3mm<br \/>\n911.2943 1\/4&#8243; CLASSIC bit hex tamperproof, 4mm<br \/>\n911.2946 1\/4&#8243; CLASSIC bit hex tamperproof, 5mm<br \/>\n911.2949 1\/4&#8243; CLASSIC bit hex tamperproof, 6mm<br \/>\n911.2952 1\/4&#8243; CLASSIC bit hex tamperproof, 1\/8&#8243;<br \/>\n911.2955 1\/4&#8243; CLASSIC bit hex tamperproof, 3\/32&#8243;<br \/>\n911.2958 1\/4&#8243; CLASSIC bit hex tamperproof, 5\/32&#8243;<br \/>\n911.2961 1\/4&#8243; CLASSIC bit hex tamperproof, 5\/64&#8243;<br \/>\n911.2964 1\/4&#8243; CLASSIC bit hex tamperproof, 7\/64&#8243;<br \/>\n911.2967 1\/4&#8243; CLASSIC bit hex tamperproof, 9\/64&#8243;<br \/>\n911.3046 1\/4&#8243; S2 PHILIPS-BIT PH# 0, 25mmLNICKEL PLATED<br \/>\n911.3049 1\/4&#8243; S2 POZI-BIT PZ# 0, 25mmLNICKEL PLATED<br \/>\n918.1421 CHROME+ bit adaptor socket, 1\/4&#8243;<\/p>\n","protected":false},"excerpt":{"rendered":"<p>Eritt\u00e4in monipuolinen Bitsisarja standardin\u00a0DIN 3126 \/ ISO 1173 &#8211; C 6, 3 mukainen. Sis\u00e4lt\u00e4\u00e4 my\u00f6s bitsiadapterin 1\/4&#8243;\u00a0 ja hylsyadapterin.<\/p>\n","protected":false},"featured_media":12174,"template":"","meta":{"_et_pb_use_builder":"","_et_pb_old_content":"","_et_gb_content_width":""},"pwb-brand":[1454],"product_brand":[],"product_cat":[838,874],"product_tag":[],"class_list":{"0":"post-12175","1":"product","2":"type-product","3":"status-publish","4":"has-post-thumbnail","6":"pwb-brand-kstools","7":"product_cat-bitsit-ja-bitsisarjat","8":"product_cat-kuorintapihdit","10":"first","11":"instock","12":"sale","13":"taxable","14":"shipping-taxable","15":"purchasable","16":"product-type-simple"},"brands":[{"id":1454,"name":"Kstools","slug":"kstools"}],"_links":{"self":[{"href":"https:\/\/silikotek.sapartners.site\/index.php\/wp-json\/wp\/v2\/product\/12175","targetHints":{"allow":["GET"]}}],"collection":[{"href":"https:\/\/silikotek.sapartners.site\/index.php\/wp-json\/wp\/v2\/product"}],"about":[{"href":"https:\/\/silikotek.sapartners.site\/index.php\/wp-json\/wp\/v2\/types\/product"}],"wp:featuredmedia":[{"embeddable":true,"href":"https:\/\/silikotek.sapartners.site\/index.php\/wp-json\/wp\/v2\/media\/12174"}],"wp:attachment":[{"href":"https:\/\/silikotek.sapartners.site\/index.php\/wp-json\/wp\/v2\/media?parent=12175"}],"wp:term":[{"taxonomy":"pwb-brand","embeddable":true,"href":"https:\/\/silikotek.sapartners.site\/index.php\/wp-json\/wp\/v2\/pwb-brand?post=12175"},{"taxonomy":"product_brand","embeddable":true,"href":"https:\/\/silikotek.sapartners.site\/index.php\/wp-json\/wp\/v2\/product_brand?post=12175"},{"taxonomy":"product_cat","embeddable":true,"href":"https:\/\/silikotek.sapartners.site\/index.php\/wp-json\/wp\/v2\/product_cat?post=12175"},{"taxonomy":"product_tag","embeddable":true,"href":"https:\/\/silikotek.sapartners.site\/index.php\/wp-json\/wp\/v2\/product_tag?post=12175"}],"curies":[{"name":"wp","href":"https:\/\/api.w.org\/{rel}","templated":true}]}}