{"id":12171,"date":"2015-03-02T12:11:26","date_gmt":"2015-03-02T12:11:26","guid":{"rendered":"http:\/\/192.168.100.222\/target_carts\/wordpress\/wordpress495\/wordpress\/?product=ruuvimeisselisarja-5-os"},"modified":"2024-09-30T09:52:59","modified_gmt":"2024-09-30T06:52:59","slug":"ruuvimeisselisarja-5-os","status":"publish","type":"product","link":"https:\/\/silikotek.sapartners.site\/index.php\/tuote\/ruuvimeisselisarja-5-os\/","title":{"rendered":"Kstools 5-osainen Ruuvimeisselisarja 159.0005"},"content":{"rendered":"<p>Sis\u00e4lt\u00e4\u00e4 seuraavat meisselit. Saatavana my\u00f6s yksitt\u00e4in.<br \/>\n159.1004 ERGOTORQUE+ latta,4mm,L=180mm<br \/>\n159.1005 ERGOTORQUE+ latta,5,5mm,L=205mm<br \/>\n159.1008 ERGOTORQUE+ latta,6,5mm,L=230mm<br \/>\n159.1020 ERGO+ ristip\u00e4\u00e4, PHILLIPS\u00ae, PH1<br \/>\n159.1021 ERGO+ ristip\u00e4\u00e4, PHILLIPS\u00ae, PH2<\/p>\n","protected":false},"excerpt":{"rendered":"<p>Hyv\u00e4laatuiset ruuvimeisselit ammattik\u00e4ytt\u00f6\u00f6n.<\/p>\n","protected":false},"featured_media":12170,"template":"","meta":{"_et_pb_use_builder":"","_et_pb_old_content":"","_et_gb_content_width":""},"pwb-brand":[1454],"product_brand":[],"product_cat":[768],"product_tag":[],"class_list":{"0":"post-12171","1":"product","2":"type-product","3":"status-publish","4":"has-post-thumbnail","6":"pwb-brand-kstools","7":"product_cat-ruuvimeisselit","9":"first","10":"instock","11":"taxable","12":"shipping-taxable","13":"purchasable","14":"product-type-simple"},"brands":[{"id":1454,"name":"Kstools","slug":"kstools"}],"_links":{"self":[{"href":"https:\/\/silikotek.sapartners.site\/index.php\/wp-json\/wp\/v2\/product\/12171","targetHints":{"allow":["GET"]}}],"collection":[{"href":"https:\/\/silikotek.sapartners.site\/index.php\/wp-json\/wp\/v2\/product"}],"about":[{"href":"https:\/\/silikotek.sapartners.site\/index.php\/wp-json\/wp\/v2\/types\/product"}],"wp:featuredmedia":[{"embeddable":true,"href":"https:\/\/silikotek.sapartners.site\/index.php\/wp-json\/wp\/v2\/media\/12170"}],"wp:attachment":[{"href":"https:\/\/silikotek.sapartners.site\/index.php\/wp-json\/wp\/v2\/media?parent=12171"}],"wp:term":[{"taxonomy":"pwb-brand","embeddable":true,"href":"https:\/\/silikotek.sapartners.site\/index.php\/wp-json\/wp\/v2\/pwb-brand?post=12171"},{"taxonomy":"product_brand","embeddable":true,"href":"https:\/\/silikotek.sapartners.site\/index.php\/wp-json\/wp\/v2\/product_brand?post=12171"},{"taxonomy":"product_cat","embeddable":true,"href":"https:\/\/silikotek.sapartners.site\/index.php\/wp-json\/wp\/v2\/product_cat?post=12171"},{"taxonomy":"product_tag","embeddable":true,"href":"https:\/\/silikotek.sapartners.site\/index.php\/wp-json\/wp\/v2\/product_tag?post=12171"}],"curies":[{"name":"wp","href":"https:\/\/api.w.org\/{rel}","templated":true}]}}