{"id":12167,"date":"2015-03-02T08:51:20","date_gmt":"2015-03-02T08:51:20","guid":{"rendered":"http:\/\/192.168.100.222\/target_carts\/wordpress\/wordpress495\/wordpress\/?product=siirtoleukapihdit-3-os-sarja-kraftmann-75209"},"modified":"2025-08-28T02:42:24","modified_gmt":"2025-08-27T23:42:24","slug":"siirtoleukapihdit-3-os-sarja-kraftmann-75209","status":"publish","type":"product","link":"https:\/\/silikotek.sapartners.site\/index.php\/tuote\/siirtoleukapihdit-3-os-sarja-kraftmann-75209\/","title":{"rendered":"Kraftmann 3-osainen Siirtoleukapihtisarja 75209"},"content":{"rendered":"","protected":false},"excerpt":{"rendered":"<p>&#8211; BGS siirtoleukapihdit nappis\u00e4\u00e4d\u00f6ll\u00e4<br \/>\n&#8211; sis\u00e4lt\u00e4\u00e4 3 kpl pihtej\u00e4, pituudet: 175 &#8211; 240 &#8211; 300 mm<\/p>\n","protected":false},"featured_media":21046,"template":"","meta":{"_et_pb_use_builder":"off","_et_pb_old_content":"","_et_gb_content_width":""},"pwb-brand":[1456],"product_brand":[],"product_cat":[857],"product_tag":[],"class_list":{"0":"post-12167","1":"product","2":"type-product","3":"status-publish","4":"has-post-thumbnail","6":"pwb-brand-kraftmann","7":"product_cat-siirtoleukapihdit","9":"first","10":"instock","11":"taxable","12":"shipping-taxable","13":"purchasable","14":"product-type-simple"},"brands":[{"id":1456,"name":"Kraftmann","slug":"kraftmann"}],"_links":{"self":[{"href":"https:\/\/silikotek.sapartners.site\/index.php\/wp-json\/wp\/v2\/product\/12167","targetHints":{"allow":["GET"]}}],"collection":[{"href":"https:\/\/silikotek.sapartners.site\/index.php\/wp-json\/wp\/v2\/product"}],"about":[{"href":"https:\/\/silikotek.sapartners.site\/index.php\/wp-json\/wp\/v2\/types\/product"}],"wp:featuredmedia":[{"embeddable":true,"href":"https:\/\/silikotek.sapartners.site\/index.php\/wp-json\/wp\/v2\/media\/21046"}],"wp:attachment":[{"href":"https:\/\/silikotek.sapartners.site\/index.php\/wp-json\/wp\/v2\/media?parent=12167"}],"wp:term":[{"taxonomy":"pwb-brand","embeddable":true,"href":"https:\/\/silikotek.sapartners.site\/index.php\/wp-json\/wp\/v2\/pwb-brand?post=12167"},{"taxonomy":"product_brand","embeddable":true,"href":"https:\/\/silikotek.sapartners.site\/index.php\/wp-json\/wp\/v2\/product_brand?post=12167"},{"taxonomy":"product_cat","embeddable":true,"href":"https:\/\/silikotek.sapartners.site\/index.php\/wp-json\/wp\/v2\/product_cat?post=12167"},{"taxonomy":"product_tag","embeddable":true,"href":"https:\/\/silikotek.sapartners.site\/index.php\/wp-json\/wp\/v2\/product_tag?post=12167"}],"curies":[{"name":"wp","href":"https:\/\/api.w.org\/{rel}","templated":true}]}}