{"id":12137,"date":"2015-02-25T14:06:22","date_gmt":"2015-02-25T14:06:22","guid":{"rendered":"http:\/\/192.168.100.222\/target_carts\/wordpress\/wordpress495\/wordpress\/?product=flex-okapi-gse-5-r-tasoitehiomakone"},"modified":"2015-12-07T14:33:06","modified_gmt":"2015-12-07T14:33:06","slug":"flex-okapi-gse-5-r-tasoitehiomakone","status":"publish","type":"product","link":"https:\/\/silikotek.sapartners.site\/index.php\/tuote\/flex-okapi-gse-5-r-tasoitehiomakone\/","title":{"rendered":"Flex Okapi GSE 5 R Tasoitehiomakone"},"content":{"rendered":"<p>EAN:4030293179080<\/p>\n<p>Tuotekoodi:416207<\/p>\n<h5 style=\"padding-left: 30px;\">Ottoteho: <strong>500 Watt<\/strong><\/h5>\n<h5 style=\"padding-left: 30px;\">Antoteho: <strong>270 Watt<\/strong><\/h5>\n<h5 style=\"padding-left: 30px;\">Nopeus, ilman kuormaa: <strong>1100-1650 \/min<\/strong><\/h5>\n<h5 style=\"padding-left: 30px;\">Hiomalaikka: \u00d8<strong>225 mm<\/strong><\/h5>\n<h5 style=\"padding-left: 30px;\">Ty\u00f6kaluliitos: <strong>tarra <\/strong><\/h5>\n<h5 style=\"padding-left: 30px;\">Hiomap\u00e4\u00e4n kallistuskulma: <strong>100 \u00b0<\/strong><\/h5>\n<h5 style=\"padding-left: 30px;\">Pituus: <strong>1160 mm<\/strong><\/h5>\n<h5 style=\"padding-left: 30px;\">Paino: <strong>3.6 kg<\/strong><\/h5>\n<h6 style=\"padding-left: 30px;\">\u00a0<\/h6>\n<h6 style=\"padding-left: 30px;\">Elektroniikka: Nopeuden vakiointi, pehme\u00e4 k\u00e4ynnistys, ylikuormitussuoja ja nopeuden esivalinta s\u00e4\u00e4t\u00f6py\u00f6r\u00e4ll\u00e4<\/h6>\n<h6 style=\"padding-left: 30px;\">Eritt\u00e4in k\u00e4tev\u00e4 ja kevyt kone, optimaalinen k\u00e4ytt\u00f6mukavuus. Mahdollistaa v\u00e4sym\u00e4tt\u00f6m\u00e4n ja ergonomisen ty\u00f6skentelyn.<\/h6>\n<h6 style=\"padding-left: 30px;\">K\u00e4\u00e4ntyv\u00e4 reunasegmentti mahdollistaa seinien sek\u00e4 sein\u00e4n ja katon v\u00e4listen kulmakohtien ty\u00f6st\u00f6n<\/h6>\n<h6 style=\"padding-left: 30px;\">Reunasegmentti k\u00e4\u00e4ntyy konetta liikuttamalla ilman ett\u00e4 ty\u00f6 pit\u00e4\u00e4 keskeytt\u00e4\u00e4.<\/h6>\n<h6 style=\"padding-left: 30px;\">Helppok\u00e4ytt\u00f6inen: Optimaalinen painon jakauma moottorin ja hiomap\u00e4\u00e4n v\u00e4lill\u00e4<\/h6>\n<h6 style=\"padding-left: 30px;\">Tehokas p\u00f6lynimu harjareunan ja hiomalautasen v\u00e4list\u00e4 est\u00e4\u00e4 hiomatarviketta tukkeutumasta ja ty\u00f6skentely sujuu p\u00f6lytt\u00f6m\u00e4sti P\u00f6lysuojattu<\/h6>\n<h6 style=\"padding-left: 30px;\">Sopii parhaiten kipsilevyjen tasoitehiontaan, maalauksen ja tapetoinnin pohjan viimeistelyyn.<\/h6>\n","protected":false},"excerpt":{"rendered":"<p>Kevyempi Flex Okapi kirahvi tasoitehiomakone vain 3,6 kg. Hiomap\u00e4\u00e4ss\u00e4 reuna auki ominaisuus, p\u00e4\u00e4set hiomaan reunat ja kulmat.<br \/>Teho 500 w<br \/>Kierrosluku1100-1650 rpm<br \/>Hiomapy\u00f6r\u00f6 \u00d8 225 mm<br \/>Ripustuskoukku ja silmukka<br \/>Kallistuskulma 100 \u00b0<br \/>Pituus 1160 mm<br \/>Paino 3,6 kg<\/p>\n","protected":false},"featured_media":12136,"template":"","meta":{"_et_pb_use_builder":"","_et_pb_old_content":"","_et_gb_content_width":""},"pwb-brand":[],"product_brand":[],"product_cat":[444],"product_tag":[],"class_list":{"0":"post-12137","1":"product","2":"type-product","3":"status-publish","4":"has-post-thumbnail","6":"product_cat-flex","8":"first","9":"instock","10":"sale","11":"taxable","12":"shipping-taxable","13":"purchasable","14":"product-type-simple"},"brands":[],"_links":{"self":[{"href":"https:\/\/silikotek.sapartners.site\/index.php\/wp-json\/wp\/v2\/product\/12137","targetHints":{"allow":["GET"]}}],"collection":[{"href":"https:\/\/silikotek.sapartners.site\/index.php\/wp-json\/wp\/v2\/product"}],"about":[{"href":"https:\/\/silikotek.sapartners.site\/index.php\/wp-json\/wp\/v2\/types\/product"}],"wp:featuredmedia":[{"embeddable":true,"href":"https:\/\/silikotek.sapartners.site\/index.php\/wp-json\/wp\/v2\/media\/12136"}],"wp:attachment":[{"href":"https:\/\/silikotek.sapartners.site\/index.php\/wp-json\/wp\/v2\/media?parent=12137"}],"wp:term":[{"taxonomy":"pwb-brand","embeddable":true,"href":"https:\/\/silikotek.sapartners.site\/index.php\/wp-json\/wp\/v2\/pwb-brand?post=12137"},{"taxonomy":"product_brand","embeddable":true,"href":"https:\/\/silikotek.sapartners.site\/index.php\/wp-json\/wp\/v2\/product_brand?post=12137"},{"taxonomy":"product_cat","embeddable":true,"href":"https:\/\/silikotek.sapartners.site\/index.php\/wp-json\/wp\/v2\/product_cat?post=12137"},{"taxonomy":"product_tag","embeddable":true,"href":"https:\/\/silikotek.sapartners.site\/index.php\/wp-json\/wp\/v2\/product_tag?post=12137"}],"curies":[{"name":"wp","href":"https:\/\/api.w.org\/{rel}","templated":true}]}}