{"id":12135,"date":"2015-02-24T15:47:48","date_gmt":"2015-02-24T15:47:48","guid":{"rendered":"http:\/\/192.168.100.222\/target_carts\/wordpress\/wordpress495\/wordpress\/?product=facom-scuderia-ferrari-toolkit"},"modified":"2015-03-09T08:57:28","modified_gmt":"2015-03-09T08:57:28","slug":"facom-scuderia-ferrari-toolkit","status":"publish","type":"product","link":"https:\/\/silikotek.sapartners.site\/index.php\/tuote\/facom-scuderia-ferrari-toolkit\/","title":{"rendered":"Facom Scuderia Ferrari Toolkit"},"content":{"rendered":"","protected":false},"excerpt":{"rendered":"<p>T\u00e4ss\u00e4 Ferrarin omistajille kunnon ty\u00f6kalusarja. N\u00e4it\u00e4 on valmistettu vain muutama sarja. Kaikki sarjat on numeroitu. T\u00e4m\u00e4n kun antaa vaikka lahjaksi lahjan saaja ei koskaan unohda t\u00e4t\u00e4. N\u00e4it\u00e4 l\u00f6ytyy 10 sarjaa vaikka koko firman hallituksen j\u00e4senille.<\/p>\n","protected":false},"featured_media":12133,"template":"","meta":{"_et_pb_use_builder":"","_et_pb_old_content":"","_et_gb_content_width":""},"pwb-brand":[],"product_brand":[],"product_cat":[771],"product_tag":[],"class_list":{"0":"post-12135","1":"product","2":"type-product","3":"status-publish","4":"has-post-thumbnail","6":"product_cat-hylsysarjat-ja-hylsyt","8":"first","9":"instock","10":"taxable","11":"shipping-taxable","12":"purchasable","13":"product-type-simple"},"brands":[],"_links":{"self":[{"href":"https:\/\/silikotek.sapartners.site\/index.php\/wp-json\/wp\/v2\/product\/12135","targetHints":{"allow":["GET"]}}],"collection":[{"href":"https:\/\/silikotek.sapartners.site\/index.php\/wp-json\/wp\/v2\/product"}],"about":[{"href":"https:\/\/silikotek.sapartners.site\/index.php\/wp-json\/wp\/v2\/types\/product"}],"wp:featuredmedia":[{"embeddable":true,"href":"https:\/\/silikotek.sapartners.site\/index.php\/wp-json\/wp\/v2\/media\/12133"}],"wp:attachment":[{"href":"https:\/\/silikotek.sapartners.site\/index.php\/wp-json\/wp\/v2\/media?parent=12135"}],"wp:term":[{"taxonomy":"pwb-brand","embeddable":true,"href":"https:\/\/silikotek.sapartners.site\/index.php\/wp-json\/wp\/v2\/pwb-brand?post=12135"},{"taxonomy":"product_brand","embeddable":true,"href":"https:\/\/silikotek.sapartners.site\/index.php\/wp-json\/wp\/v2\/product_brand?post=12135"},{"taxonomy":"product_cat","embeddable":true,"href":"https:\/\/silikotek.sapartners.site\/index.php\/wp-json\/wp\/v2\/product_cat?post=12135"},{"taxonomy":"product_tag","embeddable":true,"href":"https:\/\/silikotek.sapartners.site\/index.php\/wp-json\/wp\/v2\/product_tag?post=12135"}],"curies":[{"name":"wp","href":"https:\/\/api.w.org\/{rel}","templated":true}]}}