{"id":12102,"date":"2015-02-20T12:22:06","date_gmt":"2015-02-20T12:22:06","guid":{"rendered":"http:\/\/192.168.100.222\/target_carts\/wordpress\/wordpress495\/wordpress\/?product=alumiinivannehylsysarja-1-2-17-19-21-mm"},"modified":"2023-01-04T23:26:29","modified_gmt":"2023-01-04T21:26:29","slug":"kstools-alumiinivannehylsysarja-1-2-17-19-21-mm-515-1040","status":"publish","type":"product","link":"https:\/\/silikotek.sapartners.site\/index.php\/tuote\/kstools-alumiinivannehylsysarja-1-2-17-19-21-mm-515-1040\/","title":{"rendered":"Kstools Alumiinivannehylsysarja 6 osaa 1\/2&#8243;, 17, 19, 21 mm, 515.1040"},"content":{"rendered":"<table class=\"product--properties-table\">\n<tbody>\n<tr class=\"product--properties-item\">\n<td class=\"product--properties-label\">Profiili1:<\/td>\n<td><span class=\"product--properties-value\">6-kulmainen<\/span><\/td>\n<\/tr>\n<tr class=\"product--properties-item\">\n<td class=\"product--properties-label\">Materiaali1:<\/td>\n<td><span class=\"product--properties-value\">Hieno kromimolybdeeniter\u00e4s<\/span><\/td>\n<\/tr>\n<tr class=\"product--properties-item\">\n<td class=\"product--properties-label\">Pakkaus:<\/td>\n<td><span class=\"product--properties-value\">Muovilaukku, eritt\u00e4in tukeva<\/span><\/td>\n<\/tr>\n<tr class=\"product--properties-item\">\n<td class=\"product--properties-label\">Nelikantav\u00e4\u00e4nti\u00f6, tuuma:<\/td>\n<td><span class=\"product--properties-value\">1\/2&#8243;<\/span><\/td>\n<\/tr>\n<tr class=\"product--properties-item\">\n<td class=\"product--properties-label\">Standardi:<\/td>\n<td><span class=\"product--properties-value\">ISO 1174, DIN 3121<\/span><\/td>\n<\/tr>\n<tr class=\"product--properties-item\">\n<td class=\"product--properties-label\">Pakkauksen sis\u00e4lt\u00f6:<\/td>\n<td><span class=\"product--properties-value\">1<\/span><\/td>\n<\/tr>\n<tr class=\"product--properties-item\">\n<td class=\"product--properties-label\">Osia sarjassa:<\/td>\n<td><span class=\"product--properties-value\">6<\/span><\/td>\n<\/tr>\n<tr class=\"product--properties-item\">\n<td class=\"product--properties-label\">Paino g:<\/td>\n<td><span class=\"product--properties-value\">1450<\/span><\/td>\n<\/tr>\n<\/tbody>\n<\/table>\n<p>&nbsp;<\/p>\n","protected":false},"excerpt":{"rendered":"<div class=\"product--description\">\n<ul>\n<li class=\"liste\">erityisesti py\u00f6r\u00e4nasennukseen tai -poistoon<\/li>\n<li class=\"liste\">6-kulmainen<\/li>\n<li class=\"liste\">sis\u00e4nelikulma standardien DIN 3121 \/ ISO 1174 mukaisesti<\/li>\n<li class=\"liste\">erikoispitk\u00e4 malli<\/li>\n<li class=\"liste\">konek\u00e4ytt\u00f6\u00f6n<\/li>\n<li class=\"liste\">muovip\u00e4\u00e4llystys est\u00e4\u00e4 vauriot alumiinivannet\u00f6iss\u00e4<\/li>\n<li class=\"liste\">vaihdettava muoviholkki<\/li>\n<li class=\"liste\">v\u00e4rikoodit avainleveyden mukaan<\/li>\n<li class=\"liste\">kromimolybdeeni\u00e4<\/li>\n<li class=\"liste\">tukevassa muovilaukussa<\/li>\n<\/ul>\n<\/div>\n","protected":false},"featured_media":23525,"template":"","meta":{"_et_pb_use_builder":"","_et_pb_old_content":"","_et_gb_content_width":""},"pwb-brand":[1454],"product_brand":[],"product_cat":[827,752],"product_tag":[],"class_list":{"0":"post-12102","1":"product","2":"type-product","3":"status-publish","4":"has-post-thumbnail","6":"pwb-brand-kstools","7":"product_cat-voimahylsyt-ja-sarjat","8":"product_cat-rengas-tyokalut","10":"first","11":"instock","12":"taxable","13":"shipping-taxable","14":"purchasable","15":"product-type-simple"},"brands":[{"id":1454,"name":"Kstools","slug":"kstools"}],"_links":{"self":[{"href":"https:\/\/silikotek.sapartners.site\/index.php\/wp-json\/wp\/v2\/product\/12102","targetHints":{"allow":["GET"]}}],"collection":[{"href":"https:\/\/silikotek.sapartners.site\/index.php\/wp-json\/wp\/v2\/product"}],"about":[{"href":"https:\/\/silikotek.sapartners.site\/index.php\/wp-json\/wp\/v2\/types\/product"}],"wp:featuredmedia":[{"embeddable":true,"href":"https:\/\/silikotek.sapartners.site\/index.php\/wp-json\/wp\/v2\/media\/23525"}],"wp:attachment":[{"href":"https:\/\/silikotek.sapartners.site\/index.php\/wp-json\/wp\/v2\/media?parent=12102"}],"wp:term":[{"taxonomy":"pwb-brand","embeddable":true,"href":"https:\/\/silikotek.sapartners.site\/index.php\/wp-json\/wp\/v2\/pwb-brand?post=12102"},{"taxonomy":"product_brand","embeddable":true,"href":"https:\/\/silikotek.sapartners.site\/index.php\/wp-json\/wp\/v2\/product_brand?post=12102"},{"taxonomy":"product_cat","embeddable":true,"href":"https:\/\/silikotek.sapartners.site\/index.php\/wp-json\/wp\/v2\/product_cat?post=12102"},{"taxonomy":"product_tag","embeddable":true,"href":"https:\/\/silikotek.sapartners.site\/index.php\/wp-json\/wp\/v2\/product_tag?post=12102"}],"curies":[{"name":"wp","href":"https:\/\/api.w.org\/{rel}","templated":true}]}}