{"id":12061,"date":"2015-02-17T12:52:37","date_gmt":"2015-02-17T12:52:37","guid":{"rendered":"http:\/\/192.168.100.222\/target_carts\/wordpress\/wordpress495\/wordpress\/?product=kaskipuoliset-kuorintapihdit"},"modified":"2015-02-17T13:49:39","modified_gmt":"2015-02-17T13:49:39","slug":"kaskipuoliset-kuorintapihdit","status":"publish","type":"product","link":"https:\/\/silikotek.sapartners.site\/index.php\/tuote\/kaskipuoliset-kuorintapihdit\/","title":{"rendered":"Kaskipuoliset kuorintapihdit"},"content":{"rendered":"<pre><span class=\"puce\">\u2022<\/span> Katkaisee ja kuorii molemmista p\u00e4ist\u00e4.\r\n<span class=\"puce\">\u2022<\/span> Kuorii automaattisesti oikean pituiseksi.\r\n<span class=\"puce\">\u2022<\/span> Kuorii: 0.4-4 mm\u00b2.\r\n<span class=\"puce\">\u2022<\/span> Kuorintapituus s\u00e4\u00e4dett\u00e4viss\u00e4: 4-17 mm.\r\n<span class=\"puce\">\u2022<\/span> Katkaisee: 0.7-2.3 mm.\r\n<span class=\"puce\">\u2022<\/span> AWG: 21 - 11.\r\n<span class=\"puce\">\u2022<\/span> Pituus: 160 mm.\r\nPaino: 430 g.<\/pre>\n","protected":false},"excerpt":{"rendered":"<p>Eritt\u00e4in nopeat urakkamiehen katkaisu,- ja kuorintapihdit. Leikkaa ja kuorii katkaistavan johdon molemmista p\u00e4ist\u00e4.<\/p>\n","protected":false},"featured_media":12059,"template":"","meta":{"_et_pb_use_builder":"","_et_pb_old_content":"","_et_gb_content_width":""},"pwb-brand":[],"product_brand":[],"product_cat":[874],"product_tag":[],"class_list":{"0":"post-12061","1":"product","2":"type-product","3":"status-publish","4":"has-post-thumbnail","6":"product_cat-kuorintapihdit","8":"first","9":"instock","10":"sale","11":"taxable","12":"shipping-taxable","13":"purchasable","14":"product-type-simple"},"brands":[],"_links":{"self":[{"href":"https:\/\/silikotek.sapartners.site\/index.php\/wp-json\/wp\/v2\/product\/12061","targetHints":{"allow":["GET"]}}],"collection":[{"href":"https:\/\/silikotek.sapartners.site\/index.php\/wp-json\/wp\/v2\/product"}],"about":[{"href":"https:\/\/silikotek.sapartners.site\/index.php\/wp-json\/wp\/v2\/types\/product"}],"wp:featuredmedia":[{"embeddable":true,"href":"https:\/\/silikotek.sapartners.site\/index.php\/wp-json\/wp\/v2\/media\/12059"}],"wp:attachment":[{"href":"https:\/\/silikotek.sapartners.site\/index.php\/wp-json\/wp\/v2\/media?parent=12061"}],"wp:term":[{"taxonomy":"pwb-brand","embeddable":true,"href":"https:\/\/silikotek.sapartners.site\/index.php\/wp-json\/wp\/v2\/pwb-brand?post=12061"},{"taxonomy":"product_brand","embeddable":true,"href":"https:\/\/silikotek.sapartners.site\/index.php\/wp-json\/wp\/v2\/product_brand?post=12061"},{"taxonomy":"product_cat","embeddable":true,"href":"https:\/\/silikotek.sapartners.site\/index.php\/wp-json\/wp\/v2\/product_cat?post=12061"},{"taxonomy":"product_tag","embeddable":true,"href":"https:\/\/silikotek.sapartners.site\/index.php\/wp-json\/wp\/v2\/product_tag?post=12061"}],"curies":[{"name":"wp","href":"https:\/\/api.w.org\/{rel}","templated":true}]}}