{"id":12035,"date":"2015-02-11T11:09:48","date_gmt":"2015-02-11T11:09:48","guid":{"rendered":"http:\/\/192.168.100.222\/target_carts\/wordpress\/wordpress495\/wordpress\/?product=akkupeltisakset-m18-bms12-0"},"modified":"2019-02-26T09:53:10","modified_gmt":"2019-02-26T07:53:10","slug":"akkupeltisakset-m18-bms12-0","status":"publish","type":"product","link":"https:\/\/silikotek.sapartners.site\/index.php\/tuote\/akkupeltisakset-m18-bms12-0\/","title":{"rendered":"Milwaukee M18 BMS12-0 Akkupeltisakset"},"content":{"rendered":"<p>[et_pb_section bb_built=&#8221;1&#8243;][et_pb_row][et_pb_column type=&#8221;4_4&#8243;][et_pb_text _builder_version=&#8221;3.19.15&#8243;]<\/p>\n<p>REDLINK&#x2122;-ylikuormitussuojan elektroniikka ty\u00f6kaluissa ja akussa tuottaa luokkansa parhaan kest\u00e4vyyden.Yksitt\u00e4isten akun kennojen valvonta optimoi ty\u00f6kalun k\u00e4ytt\u00f6ajan ja varmistaa akun kest\u00e4vyyden.<\/p>\n<p>Suoraviivainen muotoilu sek\u00e4 kytkimen nopeudens\u00e4\u00e4din parantavat kontrollia katkaistaessa.Vy\u00f6pidin lis\u00e4\u00e4 turvallisuutta.<br \/>REDLITHIUM-ION&#x2122;-akun ylivoimainen rakenne, elektroniikka ja jatkuva suorituskyky takaavat pidemm\u00e4n k\u00e4ytt\u00f6ajan ja -i\u00e4n. Toimii kaikilla Milwaukee\u00ae M18&#x2122; -akuilla.<\/p>\n<p>[\/et_pb_text][et_pb_video _builder_version=&#8221;3.19.15&#8243; src=&#8221;https:\/\/youtu.be\/NiJUqDhuRzs&#8221; \/][et_pb_text _builder_version=&#8221;3.19.15&#8243;]<\/p>\n<table class=\"table product__detail-table js-responsive-table\">\n<tbody>\n<tr>\n<th class=\"product__detail-table--no-border table-area-heading\">Tekniset tiedot<\/th>\n<th class=\"product__detail-table--no-border product__detail-table--centered\">M18 BMS12-0<\/th>\n<\/tr>\n<tr>\n<th>Akkutyyppi<\/th>\n<td data-th=\"Akkutyyppi\">Li-ion<\/td>\n<\/tr>\n<tr>\n<th>Akun kapasiteetti (Ah)<\/th>\n<td data-th=\"Akun kapasiteetti (Ah)\">\u2212<\/td>\n<\/tr>\n<tr>\n<th>Kuormittamaton nopeus (r\/min)<\/th>\n<td data-th=\"Kuormittamaton nopeus (r\/min)\">0 &#8211; 2500<\/td>\n<\/tr>\n<tr>\n<th>Maks. katkaisukapasiteetti alumiini (mm)<\/th>\n<td data-th=\"Maks. katkaisukapasiteetti alumiini (mm)\">2.0<\/td>\n<\/tr>\n<tr>\n<th>Maks. katkaisukapasiteetti ter\u00e4s (mm)<\/th>\n<td data-th=\"Maks. katkaisukapasiteetti ter\u00e4s (mm)\">1.2<\/td>\n<\/tr>\n<tr>\n<th>Minimi leikkuus\u00e4de (mm)<\/th>\n<td data-th=\"Minimi leikkuus\u00e4de (mm)\">180<\/td>\n<\/tr>\n<tr>\n<th>Mukana laturi<\/th>\n<td data-th=\"Mukana laturi\">\u2212<\/td>\n<\/tr>\n<tr>\n<th>Mukana tulevien akkujen m\u00e4\u00e4r\u00e4<\/th>\n<td data-th=\"Mukana tulevien akkujen m\u00e4\u00e4r\u00e4\">0<\/td>\n<\/tr>\n<tr>\n<th>Paino akun kanssa (kg)<\/th>\n<td data-th=\"Paino akun kanssa (kg)\">2.3<\/td>\n<\/tr>\n<tr>\n<th>T\u00e4rin\u00e4taso pelti\u00e4 katkaistaessa [m|s\u00b2]<\/th>\n<td data-th=\"T\u00e4rin\u00e4taso pelti\u00e4 katkaistaessa [m|s\u00b2]\">4,75<\/td>\n<\/tr>\n<tr>\n<th>T\u00e4rin\u00e4taso pelti\u00e4 leikattattaessa: ep\u00e4varmuus [m|s\u00b2]<\/th>\n<td data-th=\"T\u00e4rin\u00e4taso pelti\u00e4 leikattattaessa: ep\u00e4varmuus [m|s\u00b2]\">1,5<\/td>\n<\/tr>\n<tr>\n<th>Toimitetaan<\/th>\n<td data-th=\"Toimitetaan\">\u2212<\/td>\n<\/tr>\n<tr>\n<th>Tuotenumero<\/th>\n<td data-th=\"Tuotenumero\">4933447925<\/td>\n<\/tr>\n<tr>\n<th>Voltit (V)<\/th>\n<td data-th=\"Voltit (V)\">18<\/td>\n<\/tr>\n<tr class=\"table__accordion-btn\">\n<th colspan=\"2\">\u00a0<\/th>\n<\/tr>\n<\/tbody>\n<\/table>\n<table class=\"table product__detail-table js-responsive-table\">\n<tbody>\n<tr class=\"table__hidden-area js-hidden-table-area is-active\">\n<th>Akustinen paine (dB(A))<\/th>\n<td data-th=\"Akustinen paine (dB(A))\">78,2<\/td>\n<\/tr>\n<tr class=\"table__hidden-area js-hidden-table-area is-active\">\n<th>Akustinen paine ep\u00e4varmuus (dB(A))<\/th>\n<td data-th=\"Akustinen paine ep\u00e4varmuus (dB(A))\">3,0<\/td>\n<\/tr>\n<tr class=\"table__hidden-area js-hidden-table-area is-active\">\n<th>Akustinen paine mitattu (dB(A))<\/th>\n<td data-th=\"Akustinen paine mitattu (dB(A))\">89,2<\/td>\n<\/tr>\n<tr class=\"table__hidden-area js-hidden-table-area is-active\">\n<th>Akustinen paine mitattu ep\u00e4varmuus (dB(A))<\/th>\n<td data-th=\"Akustinen paine mitattu ep\u00e4varmuus (dB(A))\">3,0<\/td>\n<\/tr>\n<\/tbody>\n<\/table>\n<p>[\/et_pb_text][\/et_pb_column][\/et_pb_row][\/et_pb_section]<\/p>\n","protected":false},"excerpt":{"rendered":"<p>Milwaukee akkupeltisakset <span style=\"color: #ff0000;\">kuvasta poiketen ilman akkua ja laturia. <\/span><br \/>\nMaks. katkaisukapasiteetti 1,2 mm ter\u00e4kseen. Ainutlaatuinen 360\u00b0 k\u00e4\u00e4ntyv\u00e4 p\u00e4\u00e4 lukkiutuu 12 asentoon ja mahtuu ahtaisiinkin paikkoihin lis\u00e4ten k\u00e4ytt\u00f6mukavuutta.<\/p>\n","protected":false},"featured_media":19922,"template":"","meta":{"_et_pb_use_builder":"on","_et_pb_old_content":"<p>Kompaktit M18 peltisakset. Tarkat leikkaukset, maks. leikkuusyvyys ter\u00e4kseen 1.2 mm. P\u00e4\u00e4<br \/>k\u00e4\u00e4ntyy 360\u00b0 ja 12 asetusta voi valita ilman avainten k\u00e4ytt\u00f6\u00e4, erinomainen ahtaisiin paikkoihin.<br \/>0-2500 rpm. REDLINK\u2122 suojaelektroniikka koneessa ja akussa pident\u00e4\u00e4 k\u00e4ytt\u00f6ik\u00e4\u00e4<br \/>huomattavasti. In-Line wrist design parantaa kontrollia leikatessa. Nopeuden s\u00e4\u00e4t\u00f6 kytkimess\u00e4<br \/>joka takaa ekstra kontrollia leikatessa. Vy\u00f6pidike. REDLITHIUM-ION\u2122 akku takaa pitk\u00e4n<br \/>k\u00e4ytt\u00f6ajan sek\u00e4 parannettua kest\u00e4vyytt\u00e4. Paino akun kanssa 2,3 kg. Ilman akkua ja laturia.<\/p>","_et_gb_content_width":""},"pwb-brand":[1452],"product_brand":[],"product_cat":[741],"product_tag":[],"class_list":{"0":"post-12035","1":"product","2":"type-product","3":"status-publish","4":"has-post-thumbnail","6":"pwb-brand-milwaukee","7":"product_cat-akkuleikkurit","9":"first","10":"instock","11":"taxable","12":"shipping-taxable","13":"purchasable","14":"product-type-simple"},"brands":[{"id":1452,"name":"Milwaukee","slug":"milwaukee"}],"_links":{"self":[{"href":"https:\/\/silikotek.sapartners.site\/index.php\/wp-json\/wp\/v2\/product\/12035","targetHints":{"allow":["GET"]}}],"collection":[{"href":"https:\/\/silikotek.sapartners.site\/index.php\/wp-json\/wp\/v2\/product"}],"about":[{"href":"https:\/\/silikotek.sapartners.site\/index.php\/wp-json\/wp\/v2\/types\/product"}],"wp:featuredmedia":[{"embeddable":true,"href":"https:\/\/silikotek.sapartners.site\/index.php\/wp-json\/wp\/v2\/media\/19922"}],"wp:attachment":[{"href":"https:\/\/silikotek.sapartners.site\/index.php\/wp-json\/wp\/v2\/media?parent=12035"}],"wp:term":[{"taxonomy":"pwb-brand","embeddable":true,"href":"https:\/\/silikotek.sapartners.site\/index.php\/wp-json\/wp\/v2\/pwb-brand?post=12035"},{"taxonomy":"product_brand","embeddable":true,"href":"https:\/\/silikotek.sapartners.site\/index.php\/wp-json\/wp\/v2\/product_brand?post=12035"},{"taxonomy":"product_cat","embeddable":true,"href":"https:\/\/silikotek.sapartners.site\/index.php\/wp-json\/wp\/v2\/product_cat?post=12035"},{"taxonomy":"product_tag","embeddable":true,"href":"https:\/\/silikotek.sapartners.site\/index.php\/wp-json\/wp\/v2\/product_tag?post=12035"}],"curies":[{"name":"wp","href":"https:\/\/api.w.org\/{rel}","templated":true}]}}