{"id":12025,"date":"2015-02-10T16:05:39","date_gmt":"2015-02-10T16:05:39","guid":{"rendered":"http:\/\/192.168.100.222\/target_carts\/wordpress\/wordpress495\/wordpress\/?product=akkupolynimuri-cdex-0"},"modified":"2020-04-27T14:56:12","modified_gmt":"2020-04-27T11:56:12","slug":"akkupolynimuri-cdex-0","status":"publish","type":"product","link":"https:\/\/silikotek.sapartners.site\/index.php\/tuote\/akkupolynimuri-cdex-0\/","title":{"rendered":"PORAVASARAN IMURI M18-28 CPDEX-0"},"content":{"rendered":"<p>M18-28 FUEL Heavy Duty p\u00f6lynpoistaja M18 CHPX ja M28 CHPX poravasaroille.Suunniteltu<br \/>\nker\u00e4\u00e4m\u00e4\u00e4n p\u00f6ly\u00e4 tehokkaasti ja sen k\u00e4ytt\u00f6\u00e4 s\u00e4\u00e4det\u00e4\u00e4n poravasaran kytkimest\u00e4. HEPA<br \/>\nsuodatin: pidet\u00e4\u00e4n yleisesti parhaana suodattimena joka suodattaa kaiken kokoisia roskia,<br \/>\ntehokkuustaso 99.75%. Suuri p\u00f6lynker\u00e4ys s\u00e4ili\u00f6. Maks. poraus \u00d8 16mm. Maks. poraussyvyys<br \/>\nmm. Maks. poranter\u00e4n pituus 160mm.<\/p>\n","protected":false},"excerpt":{"rendered":"<p>P\u00f6lynimuri CHPX poravasaraan<\/p>\n","protected":false},"featured_media":12024,"template":"","meta":{"_et_pb_use_builder":"","_et_pb_old_content":"","_et_gb_content_width":""},"pwb-brand":[1452],"product_brand":[],"product_cat":[899,740],"product_tag":[],"class_list":{"0":"post-12025","1":"product","2":"type-product","3":"status-publish","4":"has-post-thumbnail","6":"pwb-brand-milwaukee","7":"product_cat-akkuimurit","8":"product_cat-akkuporavasarat","10":"first","11":"instock","12":"taxable","13":"shipping-taxable","14":"purchasable","15":"product-type-simple"},"brands":[{"id":1452,"name":"Milwaukee","slug":"milwaukee"}],"_links":{"self":[{"href":"https:\/\/silikotek.sapartners.site\/index.php\/wp-json\/wp\/v2\/product\/12025","targetHints":{"allow":["GET"]}}],"collection":[{"href":"https:\/\/silikotek.sapartners.site\/index.php\/wp-json\/wp\/v2\/product"}],"about":[{"href":"https:\/\/silikotek.sapartners.site\/index.php\/wp-json\/wp\/v2\/types\/product"}],"wp:featuredmedia":[{"embeddable":true,"href":"https:\/\/silikotek.sapartners.site\/index.php\/wp-json\/wp\/v2\/media\/12024"}],"wp:attachment":[{"href":"https:\/\/silikotek.sapartners.site\/index.php\/wp-json\/wp\/v2\/media?parent=12025"}],"wp:term":[{"taxonomy":"pwb-brand","embeddable":true,"href":"https:\/\/silikotek.sapartners.site\/index.php\/wp-json\/wp\/v2\/pwb-brand?post=12025"},{"taxonomy":"product_brand","embeddable":true,"href":"https:\/\/silikotek.sapartners.site\/index.php\/wp-json\/wp\/v2\/product_brand?post=12025"},{"taxonomy":"product_cat","embeddable":true,"href":"https:\/\/silikotek.sapartners.site\/index.php\/wp-json\/wp\/v2\/product_cat?post=12025"},{"taxonomy":"product_tag","embeddable":true,"href":"https:\/\/silikotek.sapartners.site\/index.php\/wp-json\/wp\/v2\/product_tag?post=12025"}],"curies":[{"name":"wp","href":"https:\/\/api.w.org\/{rel}","templated":true}]}}