{"id":11983,"date":"2015-02-10T09:07:50","date_gmt":"2015-02-10T09:07:50","guid":{"rendered":"http:\/\/192.168.100.222\/target_carts\/wordpress\/wordpress495\/wordpress\/?product=katkaisutaltta-sivu-ja-paatyleikkuu"},"modified":"2015-02-10T09:10:14","modified_gmt":"2015-02-10T09:10:14","slug":"katkaisutaltta-sivu-ja-paatyleikkuu","status":"publish","type":"product","link":"https:\/\/silikotek.sapartners.site\/index.php\/tuote\/katkaisutaltta-sivu-ja-paatyleikkuu\/","title":{"rendered":"Katkaisutaltta sivu,- ja p\u00e4\u00e4tyleikkuu"},"content":{"rendered":"","protected":false},"excerpt":{"rendered":"<p>Eritt\u00e4in k\u00e4tev\u00e4 katkaisutaltta korit\u00f6ihin.<br \/>Muotoonsa taottua kromivanadium ter\u00e4st\u00e4, karkaistu ter\u00e4 (lujuus 57 HRc)<br \/>Ter\u00e4 voidaan teroittaa hiomalla. Ly\u00f6ntip\u00e4\u00e4n erikoisk\u00e4sittely est\u00e4\u00e4 sen tyss\u00e4\u00e4ntymisen.<br \/>25&#215;200 mm<\/p>\n","protected":false},"featured_media":11982,"template":"","meta":{"_et_pb_use_builder":"","_et_pb_old_content":"","_et_gb_content_width":""},"pwb-brand":[],"product_brand":[],"product_cat":[872,754],"product_tag":[],"class_list":{"0":"post-11983","1":"product","2":"type-product","3":"status-publish","4":"has-post-thumbnail","6":"product_cat-tuurnat-pistepuikot-ja-kylmameisselit","7":"product_cat-kori-tyokalut","9":"first","10":"instock","11":"sale","12":"taxable","13":"shipping-taxable","14":"purchasable","15":"product-type-simple"},"brands":[],"_links":{"self":[{"href":"https:\/\/silikotek.sapartners.site\/index.php\/wp-json\/wp\/v2\/product\/11983","targetHints":{"allow":["GET"]}}],"collection":[{"href":"https:\/\/silikotek.sapartners.site\/index.php\/wp-json\/wp\/v2\/product"}],"about":[{"href":"https:\/\/silikotek.sapartners.site\/index.php\/wp-json\/wp\/v2\/types\/product"}],"wp:featuredmedia":[{"embeddable":true,"href":"https:\/\/silikotek.sapartners.site\/index.php\/wp-json\/wp\/v2\/media\/11982"}],"wp:attachment":[{"href":"https:\/\/silikotek.sapartners.site\/index.php\/wp-json\/wp\/v2\/media?parent=11983"}],"wp:term":[{"taxonomy":"pwb-brand","embeddable":true,"href":"https:\/\/silikotek.sapartners.site\/index.php\/wp-json\/wp\/v2\/pwb-brand?post=11983"},{"taxonomy":"product_brand","embeddable":true,"href":"https:\/\/silikotek.sapartners.site\/index.php\/wp-json\/wp\/v2\/product_brand?post=11983"},{"taxonomy":"product_cat","embeddable":true,"href":"https:\/\/silikotek.sapartners.site\/index.php\/wp-json\/wp\/v2\/product_cat?post=11983"},{"taxonomy":"product_tag","embeddable":true,"href":"https:\/\/silikotek.sapartners.site\/index.php\/wp-json\/wp\/v2\/product_tag?post=11983"}],"curies":[{"name":"wp","href":"https:\/\/api.w.org\/{rel}","templated":true}]}}