{"id":11966,"date":"2015-02-09T12:20:01","date_gmt":"2015-02-09T12:20:01","guid":{"rendered":"http:\/\/192.168.100.222\/target_carts\/wordpress\/wordpress495\/wordpress\/?product=kartiotuurnat-4-os-sarja"},"modified":"2015-02-09T12:43:51","modified_gmt":"2015-02-09T12:43:51","slug":"kartiotuurnat-4-os-sarja","status":"publish","type":"product","link":"https:\/\/silikotek.sapartners.site\/index.php\/tuote\/kartiotuurnat-4-os-sarja\/","title":{"rendered":"Kartiotuurnat 4-os sarja"},"content":{"rendered":"","protected":false},"excerpt":{"rendered":"<p>Premium luokan kartiotuurnat raskaaseen ammattik\u00e4ytt\u00f6\u00f6n.<br \/>Seuraavat koot:<br \/>450.0091 HGV tuurna, 300&#215;6,4mm<br \/>450.0092 HGV tuurna, 380&#215;6,4mm<br \/>450.0093 HGV tuurna, 300&#215;8,0mm<br \/>450.0094 HGV tuurna, 460x13mm<\/p>\n","protected":false},"featured_media":11965,"template":"","meta":{"_et_pb_use_builder":"","_et_pb_old_content":"","_et_gb_content_width":""},"pwb-brand":[],"product_brand":[],"product_cat":[872],"product_tag":[],"class_list":{"0":"post-11966","1":"product","2":"type-product","3":"status-publish","4":"has-post-thumbnail","6":"product_cat-tuurnat-pistepuikot-ja-kylmameisselit","8":"first","9":"instock","10":"sale","11":"taxable","12":"shipping-taxable","13":"purchasable","14":"product-type-simple"},"brands":[],"_links":{"self":[{"href":"https:\/\/silikotek.sapartners.site\/index.php\/wp-json\/wp\/v2\/product\/11966","targetHints":{"allow":["GET"]}}],"collection":[{"href":"https:\/\/silikotek.sapartners.site\/index.php\/wp-json\/wp\/v2\/product"}],"about":[{"href":"https:\/\/silikotek.sapartners.site\/index.php\/wp-json\/wp\/v2\/types\/product"}],"wp:featuredmedia":[{"embeddable":true,"href":"https:\/\/silikotek.sapartners.site\/index.php\/wp-json\/wp\/v2\/media\/11965"}],"wp:attachment":[{"href":"https:\/\/silikotek.sapartners.site\/index.php\/wp-json\/wp\/v2\/media?parent=11966"}],"wp:term":[{"taxonomy":"pwb-brand","embeddable":true,"href":"https:\/\/silikotek.sapartners.site\/index.php\/wp-json\/wp\/v2\/pwb-brand?post=11966"},{"taxonomy":"product_brand","embeddable":true,"href":"https:\/\/silikotek.sapartners.site\/index.php\/wp-json\/wp\/v2\/product_brand?post=11966"},{"taxonomy":"product_cat","embeddable":true,"href":"https:\/\/silikotek.sapartners.site\/index.php\/wp-json\/wp\/v2\/product_cat?post=11966"},{"taxonomy":"product_tag","embeddable":true,"href":"https:\/\/silikotek.sapartners.site\/index.php\/wp-json\/wp\/v2\/product_tag?post=11966"}],"curies":[{"name":"wp","href":"https:\/\/api.w.org\/{rel}","templated":true}]}}