{"id":11957,"date":"2015-02-09T11:55:25","date_gmt":"2015-02-09T11:55:25","guid":{"rendered":"http:\/\/192.168.100.222\/target_carts\/wordpress\/wordpress495\/wordpress\/?product=tuurnasarja-5-os-rekyyliton"},"modified":"2015-02-09T11:57:50","modified_gmt":"2015-02-09T11:57:50","slug":"tuurnasarja-5-os-rekyyliton","status":"publish","type":"product","link":"https:\/\/silikotek.sapartners.site\/index.php\/tuote\/tuurnasarja-5-os-rekyyliton\/","title":{"rendered":"Tuurnasarja 5-os rekyylit\u00f6n"},"content":{"rendered":"","protected":false},"excerpt":{"rendered":"<p>Rekyylitt\u00f6m\u00e4t tuurnat sarjassa. Metallisessa pitimess\u00e4 joka voi seist\u00e4 p\u00f6yd\u00e4ll\u00e4 tai asentaa sein\u00e4lle. Sis\u00e4lt\u00e4\u00e4 3, 4, 5, 6 ja 8 mm tuurnat. Eritt\u00e4in turvalliset k\u00e4ytt\u00e4\u00e4 varren suojauksen ansiosta.<\/p>\n","protected":false},"featured_media":11956,"template":"","meta":{"_et_pb_use_builder":"","_et_pb_old_content":"","_et_gb_content_width":""},"pwb-brand":[],"product_brand":[],"product_cat":[872],"product_tag":[],"class_list":{"0":"post-11957","1":"product","2":"type-product","3":"status-publish","4":"has-post-thumbnail","6":"product_cat-tuurnat-pistepuikot-ja-kylmameisselit","8":"first","9":"instock","10":"sale","11":"taxable","12":"shipping-taxable","13":"purchasable","14":"product-type-simple"},"brands":[],"_links":{"self":[{"href":"https:\/\/silikotek.sapartners.site\/index.php\/wp-json\/wp\/v2\/product\/11957","targetHints":{"allow":["GET"]}}],"collection":[{"href":"https:\/\/silikotek.sapartners.site\/index.php\/wp-json\/wp\/v2\/product"}],"about":[{"href":"https:\/\/silikotek.sapartners.site\/index.php\/wp-json\/wp\/v2\/types\/product"}],"wp:featuredmedia":[{"embeddable":true,"href":"https:\/\/silikotek.sapartners.site\/index.php\/wp-json\/wp\/v2\/media\/11956"}],"wp:attachment":[{"href":"https:\/\/silikotek.sapartners.site\/index.php\/wp-json\/wp\/v2\/media?parent=11957"}],"wp:term":[{"taxonomy":"pwb-brand","embeddable":true,"href":"https:\/\/silikotek.sapartners.site\/index.php\/wp-json\/wp\/v2\/pwb-brand?post=11957"},{"taxonomy":"product_brand","embeddable":true,"href":"https:\/\/silikotek.sapartners.site\/index.php\/wp-json\/wp\/v2\/product_brand?post=11957"},{"taxonomy":"product_cat","embeddable":true,"href":"https:\/\/silikotek.sapartners.site\/index.php\/wp-json\/wp\/v2\/product_cat?post=11957"},{"taxonomy":"product_tag","embeddable":true,"href":"https:\/\/silikotek.sapartners.site\/index.php\/wp-json\/wp\/v2\/product_tag?post=11957"}],"curies":[{"name":"wp","href":"https:\/\/api.w.org\/{rel}","templated":true}]}}