{"id":11930,"date":"2015-02-06T15:06:26","date_gmt":"2015-02-06T15:06:26","guid":{"rendered":"http:\/\/192.168.100.222\/target_carts\/wordpress\/wordpress495\/wordpress\/?product=mammuttiruuvimeisseli-ph4"},"modified":"2015-02-06T15:09:34","modified_gmt":"2015-02-06T15:09:34","slug":"mammuttiruuvimeisseli-ph4","status":"publish","type":"product","link":"https:\/\/silikotek.sapartners.site\/index.php\/tuote\/mammuttiruuvimeisseli-ph4\/","title":{"rendered":"Mammuttiruuvimeisseli PH4"},"content":{"rendered":"","protected":false},"excerpt":{"rendered":"<p>Raskaaseen ruuvaamiseen. Varustettu r\u00e4ik\u00e4ll\u00e4 ja v\u00e4\u00e4nt\u00f6kahvalla. Facom taattua laatua. Vaihdettavat ruuvausp\u00e4\u00e4t.<\/p>\n","protected":false},"featured_media":11929,"template":"","meta":{"_et_pb_use_builder":"","_et_pb_old_content":"","_et_gb_content_width":""},"pwb-brand":[],"product_brand":[],"product_cat":[768],"product_tag":[],"class_list":{"0":"post-11930","1":"product","2":"type-product","3":"status-publish","4":"has-post-thumbnail","6":"product_cat-ruuvimeisselit","8":"first","9":"instock","10":"taxable","11":"shipping-taxable","12":"purchasable","13":"product-type-simple"},"brands":[],"_links":{"self":[{"href":"https:\/\/silikotek.sapartners.site\/index.php\/wp-json\/wp\/v2\/product\/11930","targetHints":{"allow":["GET"]}}],"collection":[{"href":"https:\/\/silikotek.sapartners.site\/index.php\/wp-json\/wp\/v2\/product"}],"about":[{"href":"https:\/\/silikotek.sapartners.site\/index.php\/wp-json\/wp\/v2\/types\/product"}],"wp:featuredmedia":[{"embeddable":true,"href":"https:\/\/silikotek.sapartners.site\/index.php\/wp-json\/wp\/v2\/media\/11929"}],"wp:attachment":[{"href":"https:\/\/silikotek.sapartners.site\/index.php\/wp-json\/wp\/v2\/media?parent=11930"}],"wp:term":[{"taxonomy":"pwb-brand","embeddable":true,"href":"https:\/\/silikotek.sapartners.site\/index.php\/wp-json\/wp\/v2\/pwb-brand?post=11930"},{"taxonomy":"product_brand","embeddable":true,"href":"https:\/\/silikotek.sapartners.site\/index.php\/wp-json\/wp\/v2\/product_brand?post=11930"},{"taxonomy":"product_cat","embeddable":true,"href":"https:\/\/silikotek.sapartners.site\/index.php\/wp-json\/wp\/v2\/product_cat?post=11930"},{"taxonomy":"product_tag","embeddable":true,"href":"https:\/\/silikotek.sapartners.site\/index.php\/wp-json\/wp\/v2\/product_tag?post=11930"}],"curies":[{"name":"wp","href":"https:\/\/api.w.org\/{rel}","templated":true}]}}