{"id":11896,"date":"2015-02-04T12:47:41","date_gmt":"2015-02-04T12:47:41","guid":{"rendered":"http:\/\/192.168.100.222\/target_carts\/wordpress\/wordpress495\/wordpress\/?product=torx-bitshylsyt-3-8-kiskossa"},"modified":"2015-02-04T12:49:16","modified_gmt":"2015-02-04T12:49:16","slug":"torx-bitshylsyt-3-8-kiskossa","status":"publish","type":"product","link":"https:\/\/silikotek.sapartners.site\/index.php\/tuote\/torx-bitshylsyt-3-8-kiskossa\/","title":{"rendered":"Torx bitshylsyt 3\/8&#8243; kiskossa"},"content":{"rendered":"<p>Sis\u00e4lt\u00e4\u00e4 seuraavat hylsyt, hylsyt saatavana my\u00f6s yksitt\u00e4in.<br \/>911.3869 TX bit hylsy, 3\/8&#8243;, T15<br \/>911.3870 TX bit hylsy, 3\/8&#8243;, T20<br \/>911.3871 TX bit hylsy, 3\/8&#8243;, T25<br \/>911.3872 TX bit hylsy, 3\/8&#8243;, T27<br \/>911.3873 TX bit hylsy, 3\/8&#8243;, T30<br \/>911.3874 TX bit hylsy, 3\/8&#8243;, T40<br \/>911.3884 TX bit hylsy, 3\/8&#8243;, T50<br \/>911.3885 TX bit hylsy, 3\/8&#8243;, T45<br \/>911.3887 TX bit hylsy, 3\/8&#8243;, T10<br \/>911.3888 TX bit hylsy, 3\/8&#8243;, T55<\/p>\n","protected":false},"excerpt":{"rendered":"<p>Standardin DIN 3120 \/ ISO 1174 mukaiset bits hylsyt.<\/p>\n","protected":false},"featured_media":11895,"template":"","meta":{"_et_pb_use_builder":"","_et_pb_old_content":"","_et_gb_content_width":""},"pwb-brand":[],"product_brand":[],"product_cat":[793],"product_tag":[],"class_list":{"0":"post-11896","1":"product","2":"type-product","3":"status-publish","4":"has-post-thumbnail","6":"product_cat-kuusiokolohylsyt-torx-hylsyt-xzn-hylsyt-reika-torx-hylsyt-ribe-hylsyt","8":"first","9":"instock","10":"sale","11":"taxable","12":"shipping-taxable","13":"purchasable","14":"product-type-simple"},"brands":[],"_links":{"self":[{"href":"https:\/\/silikotek.sapartners.site\/index.php\/wp-json\/wp\/v2\/product\/11896","targetHints":{"allow":["GET"]}}],"collection":[{"href":"https:\/\/silikotek.sapartners.site\/index.php\/wp-json\/wp\/v2\/product"}],"about":[{"href":"https:\/\/silikotek.sapartners.site\/index.php\/wp-json\/wp\/v2\/types\/product"}],"wp:featuredmedia":[{"embeddable":true,"href":"https:\/\/silikotek.sapartners.site\/index.php\/wp-json\/wp\/v2\/media\/11895"}],"wp:attachment":[{"href":"https:\/\/silikotek.sapartners.site\/index.php\/wp-json\/wp\/v2\/media?parent=11896"}],"wp:term":[{"taxonomy":"pwb-brand","embeddable":true,"href":"https:\/\/silikotek.sapartners.site\/index.php\/wp-json\/wp\/v2\/pwb-brand?post=11896"},{"taxonomy":"product_brand","embeddable":true,"href":"https:\/\/silikotek.sapartners.site\/index.php\/wp-json\/wp\/v2\/product_brand?post=11896"},{"taxonomy":"product_cat","embeddable":true,"href":"https:\/\/silikotek.sapartners.site\/index.php\/wp-json\/wp\/v2\/product_cat?post=11896"},{"taxonomy":"product_tag","embeddable":true,"href":"https:\/\/silikotek.sapartners.site\/index.php\/wp-json\/wp\/v2\/product_tag?post=11896"}],"curies":[{"name":"wp","href":"https:\/\/api.w.org\/{rel}","templated":true}]}}