{"id":11860,"date":"2015-01-30T15:38:25","date_gmt":"2015-01-30T15:38:25","guid":{"rendered":"http:\/\/192.168.100.222\/target_carts\/wordpress\/wordpress495\/wordpress\/?product=venttiilijousenpuristin-bgs-1878"},"modified":"2020-11-02T10:28:47","modified_gmt":"2020-11-02T08:28:47","slug":"venttiilijousenpuristin-bgs-1878","status":"publish","type":"product","link":"https:\/\/silikotek.sapartners.site\/index.php\/tuote\/venttiilijousenpuristin-bgs-1878\/","title":{"rendered":"BGS Venttiilijousenpuristin 1878"},"content":{"rendered":"<p><iframe loading=\"lazy\" title=\"Tutorial: Valve Spring Compressor | 35 - 200 mm (BGS 1878)\" width=\"1080\" height=\"608\" src=\"https:\/\/www.youtube.com\/embed\/Zb2WeL1N_SQ?feature=oembed\" frameborder=\"0\" allow=\"accelerometer; autoplay; clipboard-write; encrypted-media; gyroscope; picture-in-picture\" allowfullscreen><\/iframe><\/p>\n","protected":false},"excerpt":{"rendered":"<p>Ventiilijousenpuristin bensiini ja diesel moottoreille. Sis\u00e4lt\u00e4\u00e4 adapterit 25 mm ja 30 mm ventiililautasille. Puristaa 35 mm-200 mm v\u00e4ill\u00e4.<\/p>\n","protected":false},"featured_media":23571,"template":"","meta":{"_et_pb_use_builder":"","_et_pb_old_content":"","_et_gb_content_width":""},"pwb-brand":[1451],"product_brand":[],"product_cat":[751],"product_tag":[],"class_list":{"0":"post-11860","1":"product","2":"type-product","3":"status-publish","4":"has-post-thumbnail","6":"pwb-brand-bgs","7":"product_cat-moottori-tyokalut","9":"first","10":"instock","11":"taxable","12":"shipping-taxable","13":"purchasable","14":"product-type-simple"},"brands":[{"id":1451,"name":"BGS","slug":"bgs"}],"_links":{"self":[{"href":"https:\/\/silikotek.sapartners.site\/index.php\/wp-json\/wp\/v2\/product\/11860","targetHints":{"allow":["GET"]}}],"collection":[{"href":"https:\/\/silikotek.sapartners.site\/index.php\/wp-json\/wp\/v2\/product"}],"about":[{"href":"https:\/\/silikotek.sapartners.site\/index.php\/wp-json\/wp\/v2\/types\/product"}],"wp:featuredmedia":[{"embeddable":true,"href":"https:\/\/silikotek.sapartners.site\/index.php\/wp-json\/wp\/v2\/media\/23571"}],"wp:attachment":[{"href":"https:\/\/silikotek.sapartners.site\/index.php\/wp-json\/wp\/v2\/media?parent=11860"}],"wp:term":[{"taxonomy":"pwb-brand","embeddable":true,"href":"https:\/\/silikotek.sapartners.site\/index.php\/wp-json\/wp\/v2\/pwb-brand?post=11860"},{"taxonomy":"product_brand","embeddable":true,"href":"https:\/\/silikotek.sapartners.site\/index.php\/wp-json\/wp\/v2\/product_brand?post=11860"},{"taxonomy":"product_cat","embeddable":true,"href":"https:\/\/silikotek.sapartners.site\/index.php\/wp-json\/wp\/v2\/product_cat?post=11860"},{"taxonomy":"product_tag","embeddable":true,"href":"https:\/\/silikotek.sapartners.site\/index.php\/wp-json\/wp\/v2\/product_tag?post=11860"}],"curies":[{"name":"wp","href":"https:\/\/api.w.org\/{rel}","templated":true}]}}