{"id":1175,"date":"2014-03-31T10:48:09","date_gmt":"2014-03-31T10:48:09","guid":{"rendered":"http:\/\/192.168.100.222\/target_carts\/wordpress\/wordpress495\/wordpress\/?product=jarrutyokalut-mod-df"},"modified":"2014-04-17T15:32:58","modified_gmt":"2014-04-17T15:32:58","slug":"jarrutyokalut-mod-df","status":"publish","type":"product","link":"https:\/\/silikotek.sapartners.site\/index.php\/tuote\/jarrutyokalut-mod-df\/","title":{"rendered":"Jarruty\u00f6kalut MOD.DF"},"content":{"rendered":"<p>&#8211; D.60A Jarrum\u00e4nt\u00e4pihdit<br \/>&#8211; DF.3 Ter\u00e4sharja<br \/>&#8211; DF.4 Jarrustakaviila<br \/>&#8211; 249.G4\/5\/6 Tuurna<br \/>&#8211; 43.8&#215;10 \/ 11&#215;13 Avolenkkiavain<br \/> Tray PL.629<br \/>1.220 kg.<\/p>\n","protected":false},"excerpt":{"rendered":"<p>&#8211; D.60A Jarrum\u00e4nt\u00e4pihdit&#8211; DF.3 Ter\u00e4sharja&#8211; DF.4 Jarrustakaviila&#8211; 249.G4\/5\/6 Tuurna&#8211; 43.8&#215;10 \/ 11&#215;13 Avolenkkiavain Tray PL.6291.220 kg.<\/p>\n","protected":false},"featured_media":1174,"template":"","meta":{"_et_pb_use_builder":"","_et_pb_old_content":"","_et_gb_content_width":""},"pwb-brand":[],"product_brand":[],"product_cat":[745],"product_tag":[],"class_list":{"0":"post-1175","1":"product","2":"type-product","3":"status-publish","4":"has-post-thumbnail","6":"product_cat-tyokalu-moduulit","8":"first","9":"instock","10":"sale","11":"taxable","12":"shipping-taxable","13":"purchasable","14":"product-type-simple"},"brands":[],"_links":{"self":[{"href":"https:\/\/silikotek.sapartners.site\/index.php\/wp-json\/wp\/v2\/product\/1175","targetHints":{"allow":["GET"]}}],"collection":[{"href":"https:\/\/silikotek.sapartners.site\/index.php\/wp-json\/wp\/v2\/product"}],"about":[{"href":"https:\/\/silikotek.sapartners.site\/index.php\/wp-json\/wp\/v2\/types\/product"}],"wp:featuredmedia":[{"embeddable":true,"href":"https:\/\/silikotek.sapartners.site\/index.php\/wp-json\/wp\/v2\/media\/1174"}],"wp:attachment":[{"href":"https:\/\/silikotek.sapartners.site\/index.php\/wp-json\/wp\/v2\/media?parent=1175"}],"wp:term":[{"taxonomy":"pwb-brand","embeddable":true,"href":"https:\/\/silikotek.sapartners.site\/index.php\/wp-json\/wp\/v2\/pwb-brand?post=1175"},{"taxonomy":"product_brand","embeddable":true,"href":"https:\/\/silikotek.sapartners.site\/index.php\/wp-json\/wp\/v2\/product_brand?post=1175"},{"taxonomy":"product_cat","embeddable":true,"href":"https:\/\/silikotek.sapartners.site\/index.php\/wp-json\/wp\/v2\/product_cat?post=1175"},{"taxonomy":"product_tag","embeddable":true,"href":"https:\/\/silikotek.sapartners.site\/index.php\/wp-json\/wp\/v2\/product_tag?post=1175"}],"curies":[{"name":"wp","href":"https:\/\/api.w.org\/{rel}","templated":true}]}}