{"id":11693,"date":"2015-01-21T12:12:21","date_gmt":"2015-01-21T12:12:21","guid":{"rendered":"http:\/\/192.168.100.222\/target_carts\/wordpress\/wordpress495\/wordpress\/?product=akselivalysten-koetin"},"modified":"2024-09-30T09:53:10","modified_gmt":"2024-09-30T06:53:10","slug":"akselivalysten-koetin","status":"publish","type":"product","link":"https:\/\/silikotek.sapartners.site\/index.php\/tuote\/akselivalysten-koetin\/","title":{"rendered":"Akseliv\u00e4lysten koetin"},"content":{"rendered":"<p>[et_pb_section bb_built=&#8221;1&#8243;][et_pb_row][et_pb_column type=&#8221;4_4&#8243;][et_pb_video _builder_version=&#8221;3.15&#8243; src=&#8221;https:\/\/www.youtube.com\/watch?v=W2RWvyVCBlY&amp;feature=youtu.be&#8221; \/][\/et_pb_column][\/et_pb_row][\/et_pb_section]<\/p>\n","protected":false},"excerpt":{"rendered":"<p>T\u00e4ll\u00e4 innovaatioty\u00f6kalulla on \u00e4\u00e4rimm\u00e4isen helppo l\u00f6yt\u00e4\u00e4 kuluneet alustan nivelet ja akseliv\u00e4lykset. Hinta kappaleittain. Tutustu koulutusvideoon.<\/p>\n","protected":false},"featured_media":11691,"template":"","meta":{"_et_pb_use_builder":"on","_et_pb_old_content":"","_et_gb_content_width":""},"pwb-brand":[1454],"product_brand":[],"product_cat":[769],"product_tag":[],"class_list":{"0":"post-11693","1":"product","2":"type-product","3":"status-publish","4":"has-post-thumbnail","6":"pwb-brand-kstools","7":"product_cat-vaihteisto-ja-voimansiirto","9":"first","10":"instock","11":"taxable","12":"shipping-taxable","13":"purchasable","14":"product-type-simple"},"brands":[{"id":1454,"name":"Kstools","slug":"kstools"}],"_links":{"self":[{"href":"https:\/\/silikotek.sapartners.site\/index.php\/wp-json\/wp\/v2\/product\/11693","targetHints":{"allow":["GET"]}}],"collection":[{"href":"https:\/\/silikotek.sapartners.site\/index.php\/wp-json\/wp\/v2\/product"}],"about":[{"href":"https:\/\/silikotek.sapartners.site\/index.php\/wp-json\/wp\/v2\/types\/product"}],"wp:featuredmedia":[{"embeddable":true,"href":"https:\/\/silikotek.sapartners.site\/index.php\/wp-json\/wp\/v2\/media\/11691"}],"wp:attachment":[{"href":"https:\/\/silikotek.sapartners.site\/index.php\/wp-json\/wp\/v2\/media?parent=11693"}],"wp:term":[{"taxonomy":"pwb-brand","embeddable":true,"href":"https:\/\/silikotek.sapartners.site\/index.php\/wp-json\/wp\/v2\/pwb-brand?post=11693"},{"taxonomy":"product_brand","embeddable":true,"href":"https:\/\/silikotek.sapartners.site\/index.php\/wp-json\/wp\/v2\/product_brand?post=11693"},{"taxonomy":"product_cat","embeddable":true,"href":"https:\/\/silikotek.sapartners.site\/index.php\/wp-json\/wp\/v2\/product_cat?post=11693"},{"taxonomy":"product_tag","embeddable":true,"href":"https:\/\/silikotek.sapartners.site\/index.php\/wp-json\/wp\/v2\/product_tag?post=11693"}],"curies":[{"name":"wp","href":"https:\/\/api.w.org\/{rel}","templated":true}]}}