{"id":11684,"date":"2015-01-20T08:11:54","date_gmt":"2015-01-20T08:11:54","guid":{"rendered":"http:\/\/192.168.100.222\/target_carts\/wordpress\/wordpress495\/wordpress\/?product=lampokasine-granberg"},"modified":"2021-10-12T13:58:35","modified_gmt":"2021-10-12T10:58:35","slug":"lampokasine-granberg","status":"publish","type":"product","link":"https:\/\/silikotek.sapartners.site\/index.php\/tuote\/lampokasine-granberg\/","title":{"rendered":"Granberg Neulotut talvik\u00e4sineet Thermolite\u00ae-ontelokuitua"},"content":{"rendered":"<ul class=\"pull-left column\">\n<li class=\"clearfix\"><span class=\"pull-left\">Materiaalit:<\/span> <span class=\"pull-right\"> Thermolite\u00ae <\/span><\/li>\n<li class=\"clearfix\"><span class=\"pull-left\">Pito:<\/span> <span class=\"pull-right\"> Kuiva <\/span><\/li>\n<li class=\"clearfix\"><span class=\"pull-left\">K\u00e4sineiden istuvuus:<\/span> <span class=\"pull-right\"> Napakka <\/span><\/li>\n<li class=\"clearfix\"><span class=\"pull-left\">Koko:<\/span> <span class=\"pull-right\"> 8.5 tai 11<br \/>\n<\/span><\/li>\n<li class=\"clearfix\"><span class=\"pull-left\">Pituus:<\/span> <span class=\"pull-right\"> 23 cm <\/span><\/li>\n<\/ul>\n<p><span class=\"TextRun SCX197086650\" style=\"color: #90c226; font-size: 32pt; font-family: Segoe UI,sans-serif; line-height: 58px;\"><span class=\"NormalTextRun SCX197086650\" style=\"background-color: inherit;\">\u00a0<\/span><\/span><\/p>\n","protected":false},"excerpt":{"rendered":"<p>L\u00e4mp\u00f6k\u00e4sine Thermolite.V\u00e4ri: sininen.<\/p>\n<ul>\n<li>Haihduttaa kosteuden nopeasti \u2013 kuivuu 50 % nopeammin kuin puuvilla.<\/li>\n<li>Kutistumaton, konepest\u00e4v\u00e4, eritt\u00e4in pehme\u00e4 ja hankaamaton.<\/li>\n<li>Erist\u00e4\u00e4 hyvin l\u00e4mp\u00f6\u00e4.<\/li>\n<li>K\u00e4ytet\u00e4\u00e4n elintarviketeollisuudessa (siipikarjan-, naudan- ja sianlihan jalostuksessa), kaupallisessa kalastuksessa, kylm\u00e4varastoinnissa, rakennuksilla sek\u00e4 tavallisissa ulkot\u00f6iss\u00e4.<\/li>\n<\/ul>\n","protected":false},"featured_media":19912,"template":"","meta":{"_et_pb_use_builder":"","_et_pb_old_content":"","_et_gb_content_width":""},"pwb-brand":[],"product_brand":[],"product_cat":[302],"product_tag":[],"class_list":{"0":"post-11684","1":"product","2":"type-product","3":"status-publish","4":"has-post-thumbnail","6":"product_cat-neulekasineet","7":"pa_hanskakoko-956","8":"pa_hanskakoko-962","10":"first","11":"instock","12":"taxable","13":"shipping-taxable","14":"purchasable","15":"product-type-variable"},"brands":[],"_links":{"self":[{"href":"https:\/\/silikotek.sapartners.site\/index.php\/wp-json\/wp\/v2\/product\/11684","targetHints":{"allow":["GET"]}}],"collection":[{"href":"https:\/\/silikotek.sapartners.site\/index.php\/wp-json\/wp\/v2\/product"}],"about":[{"href":"https:\/\/silikotek.sapartners.site\/index.php\/wp-json\/wp\/v2\/types\/product"}],"wp:featuredmedia":[{"embeddable":true,"href":"https:\/\/silikotek.sapartners.site\/index.php\/wp-json\/wp\/v2\/media\/19912"}],"wp:attachment":[{"href":"https:\/\/silikotek.sapartners.site\/index.php\/wp-json\/wp\/v2\/media?parent=11684"}],"wp:term":[{"taxonomy":"pwb-brand","embeddable":true,"href":"https:\/\/silikotek.sapartners.site\/index.php\/wp-json\/wp\/v2\/pwb-brand?post=11684"},{"taxonomy":"product_brand","embeddable":true,"href":"https:\/\/silikotek.sapartners.site\/index.php\/wp-json\/wp\/v2\/product_brand?post=11684"},{"taxonomy":"product_cat","embeddable":true,"href":"https:\/\/silikotek.sapartners.site\/index.php\/wp-json\/wp\/v2\/product_cat?post=11684"},{"taxonomy":"product_tag","embeddable":true,"href":"https:\/\/silikotek.sapartners.site\/index.php\/wp-json\/wp\/v2\/product_tag?post=11684"}],"curies":[{"name":"wp","href":"https:\/\/api.w.org\/{rel}","templated":true}]}}