{"id":11680,"date":"2015-01-19T15:29:56","date_gmt":"2015-01-19T13:29:56","guid":{"rendered":"http:\/\/192.168.100.222\/target_carts\/wordpress\/wordpress495\/wordpress\/?product=kiintolenkkiavaimet-erikoispitkat-12-24-mm"},"modified":"2018-09-18T14:52:27","modified_gmt":"2018-09-18T11:52:27","slug":"kiintolenkkiavaimet-erikoispitkat-12-24-mm","status":"publish","type":"product","link":"https:\/\/silikotek.sapartners.site\/index.php\/tuote\/kiintolenkkiavaimet-erikoispitkat-12-24-mm\/","title":{"rendered":"Kiintolenkkiavaimet erikoispitk\u00e4t 12-24 mm"},"content":{"rendered":"<p>Standard DIN 3113 ISO 3318<br \/>Avolenkki 15\u00b0 offset<br \/>Kiintolenkki 15\u00b0 offset<br \/>Matta kiilotettu<br \/>Chrome vanadium<\/p>\n","protected":false},"excerpt":{"rendered":"<p>Erikoispitk\u00e4 kiintolenkkiavaimet 11-os sarja.<br \/>Sis\u00e4lt\u00e4\u00e4 avaimet 12, 13, 14, 15, 16, 17, 18, 19, 21, 22, 24 mm<\/p>\n","protected":false},"featured_media":11679,"template":"","meta":{"_et_pb_use_builder":"","_et_pb_old_content":"","_et_gb_content_width":""},"pwb-brand":[1454],"product_brand":[],"product_cat":[500],"product_tag":[],"class_list":{"0":"post-11680","1":"product","2":"type-product","3":"status-publish","4":"has-post-thumbnail","6":"pwb-brand-kstools","7":"product_cat-kiintolenkkiavaimet","9":"first","10":"instock","11":"taxable","12":"shipping-taxable","13":"purchasable","14":"product-type-simple"},"brands":[{"id":1454,"name":"Kstools","slug":"kstools"}],"_links":{"self":[{"href":"https:\/\/silikotek.sapartners.site\/index.php\/wp-json\/wp\/v2\/product\/11680","targetHints":{"allow":["GET"]}}],"collection":[{"href":"https:\/\/silikotek.sapartners.site\/index.php\/wp-json\/wp\/v2\/product"}],"about":[{"href":"https:\/\/silikotek.sapartners.site\/index.php\/wp-json\/wp\/v2\/types\/product"}],"wp:featuredmedia":[{"embeddable":true,"href":"https:\/\/silikotek.sapartners.site\/index.php\/wp-json\/wp\/v2\/media\/11679"}],"wp:attachment":[{"href":"https:\/\/silikotek.sapartners.site\/index.php\/wp-json\/wp\/v2\/media?parent=11680"}],"wp:term":[{"taxonomy":"pwb-brand","embeddable":true,"href":"https:\/\/silikotek.sapartners.site\/index.php\/wp-json\/wp\/v2\/pwb-brand?post=11680"},{"taxonomy":"product_brand","embeddable":true,"href":"https:\/\/silikotek.sapartners.site\/index.php\/wp-json\/wp\/v2\/product_brand?post=11680"},{"taxonomy":"product_cat","embeddable":true,"href":"https:\/\/silikotek.sapartners.site\/index.php\/wp-json\/wp\/v2\/product_cat?post=11680"},{"taxonomy":"product_tag","embeddable":true,"href":"https:\/\/silikotek.sapartners.site\/index.php\/wp-json\/wp\/v2\/product_tag?post=11680"}],"curies":[{"name":"wp","href":"https:\/\/api.w.org\/{rel}","templated":true}]}}