{"id":11674,"date":"2015-01-19T10:50:02","date_gmt":"2015-01-19T10:50:02","guid":{"rendered":"http:\/\/192.168.100.222\/target_carts\/wordpress\/wordpress495\/wordpress\/?product=tyokalupakki-395x180x170mm-muovia"},"modified":"2018-09-12T16:15:43","modified_gmt":"2018-09-12T13:15:43","slug":"tyokalupakki-395x180x170mm-muovia","status":"publish","type":"product","link":"https:\/\/silikotek.sapartners.site\/index.php\/tuote\/tyokalupakki-395x180x170mm-muovia\/","title":{"rendered":"Ty\u00f6kalupakki 395x180x170mm muovia"},"content":{"rendered":"<p>Syvyys: 180 mm<br \/>\nV\u00e4ri: musta-punainen<br \/>\nPaino: 1400g<br \/>\nKorkeus: 170 mm<br \/>\nPituus: 395 mm<br \/>\nMateriaali: Iskunkest\u00e4v\u00e4 muovi ja ter\u00e4slevyt<br \/>\nKannettava<br \/>\nLastauskapasiteetti: 30kg<\/p>\n","protected":false},"excerpt":{"rendered":"<p>Eritt\u00e4in vahva ja tyylik\u00e4s ty\u00f6kalupakki. Valmistettu iskunkest\u00e4v\u00e4st\u00e4 muovista ja ter\u00e4slevyist\u00e4. Lukittavissa riippulukolla. Siirrett\u00e4v\u00e4 lokerikko pientarvikkeille. Kantokahva.<\/p>\n","protected":false},"featured_media":11673,"template":"","meta":{"_et_pb_use_builder":"","_et_pb_old_content":"","_et_gb_content_width":""},"pwb-brand":[1454],"product_brand":[],"product_cat":[836],"product_tag":[],"class_list":{"0":"post-11674","1":"product","2":"type-product","3":"status-publish","4":"has-post-thumbnail","6":"pwb-brand-kstools","7":"product_cat-tyokalulaukut","9":"first","10":"instock","11":"taxable","12":"shipping-taxable","13":"purchasable","14":"product-type-simple"},"brands":[{"id":1454,"name":"Kstools","slug":"kstools"}],"_links":{"self":[{"href":"https:\/\/silikotek.sapartners.site\/index.php\/wp-json\/wp\/v2\/product\/11674","targetHints":{"allow":["GET"]}}],"collection":[{"href":"https:\/\/silikotek.sapartners.site\/index.php\/wp-json\/wp\/v2\/product"}],"about":[{"href":"https:\/\/silikotek.sapartners.site\/index.php\/wp-json\/wp\/v2\/types\/product"}],"wp:featuredmedia":[{"embeddable":true,"href":"https:\/\/silikotek.sapartners.site\/index.php\/wp-json\/wp\/v2\/media\/11673"}],"wp:attachment":[{"href":"https:\/\/silikotek.sapartners.site\/index.php\/wp-json\/wp\/v2\/media?parent=11674"}],"wp:term":[{"taxonomy":"pwb-brand","embeddable":true,"href":"https:\/\/silikotek.sapartners.site\/index.php\/wp-json\/wp\/v2\/pwb-brand?post=11674"},{"taxonomy":"product_brand","embeddable":true,"href":"https:\/\/silikotek.sapartners.site\/index.php\/wp-json\/wp\/v2\/product_brand?post=11674"},{"taxonomy":"product_cat","embeddable":true,"href":"https:\/\/silikotek.sapartners.site\/index.php\/wp-json\/wp\/v2\/product_cat?post=11674"},{"taxonomy":"product_tag","embeddable":true,"href":"https:\/\/silikotek.sapartners.site\/index.php\/wp-json\/wp\/v2\/product_tag?post=11674"}],"curies":[{"name":"wp","href":"https:\/\/api.w.org\/{rel}","templated":true}]}}