{"id":11668,"date":"2015-01-19T09:52:40","date_gmt":"2015-01-19T09:52:40","guid":{"rendered":"http:\/\/192.168.100.222\/target_carts\/wordpress\/wordpress495\/wordpress\/?product=tyokalupakki-pyorilla-850-0340-kstools"},"modified":"2023-01-04T23:26:29","modified_gmt":"2023-01-04T21:26:29","slug":"tyokalupakki-pyorilla-850-0340-kstools","status":"publish","type":"product","link":"https:\/\/silikotek.sapartners.site\/index.php\/tuote\/tyokalupakki-pyorilla-850-0340-kstools\/","title":{"rendered":"Kstools Ty\u00f6kalupakki py\u00f6rill\u00e4 850.0340"},"content":{"rendered":"<p>Tekniset mitat<br \/>\nSyvyys: 320 mm<br \/>\nV\u00e4ri: musta-punainen<br \/>\nPaino: 14300g<br \/>\nKorkeus: 720 mm<br \/>\nLeveys: 520 mm<br \/>\nMateriaali: Iskunkest\u00e4v\u00e4 muovi ja ter\u00e4slevyt<br \/>\nPy\u00f6rill\u00e4<br \/>\nLastauskapasiteetti: 75kg<\/p>\n","protected":false},"excerpt":{"rendered":"<p>Eritt\u00e4in kest\u00e4v\u00e4 ja vahvarakenteinen ty\u00f6kalupakki valmistettu iskunkest\u00e4v\u00e4st\u00e4 muovista ja ter\u00e4slevyist\u00e4. Monitoiminen, mahdollistaa erilaiset k\u00e4ytt\u00f6tarkoitukset.<br \/>\nKolmiosainen pinottava. Mahdollisuus lukita riippulukolla. Teleskooppinen vetokahva.<br \/>\nIsot py\u00f6r\u00e4t ja pysyy my\u00f6s pystyasennossa. Paino 14,3 kg<\/p>\n<p>Lastauskapasiteetti 75 kg<\/p>\n","protected":false},"featured_media":20903,"template":"","meta":{"_et_pb_use_builder":"","_et_pb_old_content":"","_et_gb_content_width":""},"pwb-brand":[1454],"product_brand":[],"product_cat":[836,313],"product_tag":[],"class_list":{"0":"post-11668","1":"product","2":"type-product","3":"status-publish","4":"has-post-thumbnail","6":"pwb-brand-kstools","7":"product_cat-tyokalulaukut","8":"product_cat-tyokaluvaunut","10":"first","11":"instock","12":"taxable","13":"shipping-taxable","14":"purchasable","15":"product-type-simple"},"brands":[{"id":1454,"name":"Kstools","slug":"kstools"}],"_links":{"self":[{"href":"https:\/\/silikotek.sapartners.site\/index.php\/wp-json\/wp\/v2\/product\/11668","targetHints":{"allow":["GET"]}}],"collection":[{"href":"https:\/\/silikotek.sapartners.site\/index.php\/wp-json\/wp\/v2\/product"}],"about":[{"href":"https:\/\/silikotek.sapartners.site\/index.php\/wp-json\/wp\/v2\/types\/product"}],"wp:featuredmedia":[{"embeddable":true,"href":"https:\/\/silikotek.sapartners.site\/index.php\/wp-json\/wp\/v2\/media\/20903"}],"wp:attachment":[{"href":"https:\/\/silikotek.sapartners.site\/index.php\/wp-json\/wp\/v2\/media?parent=11668"}],"wp:term":[{"taxonomy":"pwb-brand","embeddable":true,"href":"https:\/\/silikotek.sapartners.site\/index.php\/wp-json\/wp\/v2\/pwb-brand?post=11668"},{"taxonomy":"product_brand","embeddable":true,"href":"https:\/\/silikotek.sapartners.site\/index.php\/wp-json\/wp\/v2\/product_brand?post=11668"},{"taxonomy":"product_cat","embeddable":true,"href":"https:\/\/silikotek.sapartners.site\/index.php\/wp-json\/wp\/v2\/product_cat?post=11668"},{"taxonomy":"product_tag","embeddable":true,"href":"https:\/\/silikotek.sapartners.site\/index.php\/wp-json\/wp\/v2\/product_tag?post=11668"}],"curies":[{"name":"wp","href":"https:\/\/api.w.org\/{rel}","templated":true}]}}