{"id":11666,"date":"2015-01-13T15:55:05","date_gmt":"2015-01-13T15:55:05","guid":{"rendered":"http:\/\/192.168.100.222\/target_carts\/wordpress\/wordpress495\/wordpress\/?product=lukkorengaspihdit-10-25-mm-sisapuoliset-taivutettu-90"},"modified":"2015-01-13T15:58:01","modified_gmt":"2015-01-13T15:58:01","slug":"lukkorengaspihdit-10-25-mm-sisapuoliset-taivutettu-90","status":"publish","type":"product","link":"https:\/\/silikotek.sapartners.site\/index.php\/tuote\/lukkorengaspihdit-10-25-mm-sisapuoliset-taivutettu-90\/","title":{"rendered":"Lukkorengaspihdit 10-25 mm sis\u00e4puoliset taivutettu 90\u00b0"},"content":{"rendered":"<p>Kartiomuotoiset k\u00e4rjet pysyv\u00e4t tiukasti kiinni lukkorenkaassa. Pihtien k\u00e4rkien ter\u00e4slaatu ja karkaisu tekev\u00e4t niist\u00e4 eritt\u00e4in kest\u00e4v\u00e4t.<br \/>Leukoja aukipit\u00e4v\u00e4 jousi. Lakatut. K\u00e4densijat PVC-pinnoitettu. K\u00e4rjet 1,3 mm, lukkorenkaille 10-25 mm, pituus 130 mm, <br \/>paino 120 g<br \/>DIN 5256 NF E 73-130, ASME B 107.19<\/p>\n","protected":false},"excerpt":{"rendered":"<p>Facom lukkorengaspihdit koneistetuilla suunnatuilla k\u00e4rjill\u00e4.<\/p>\n","protected":false},"featured_media":11665,"template":"","meta":{"_et_pb_use_builder":"","_et_pb_old_content":"","_et_gb_content_width":""},"pwb-brand":[],"product_brand":[],"product_cat":[865],"product_tag":[],"class_list":{"0":"post-11666","1":"product","2":"type-product","3":"status-publish","4":"has-post-thumbnail","6":"product_cat-sisapuoliset-lukkorengaspihdit","8":"first","9":"instock","10":"sale","11":"taxable","12":"shipping-taxable","13":"purchasable","14":"product-type-simple"},"brands":[],"_links":{"self":[{"href":"https:\/\/silikotek.sapartners.site\/index.php\/wp-json\/wp\/v2\/product\/11666","targetHints":{"allow":["GET"]}}],"collection":[{"href":"https:\/\/silikotek.sapartners.site\/index.php\/wp-json\/wp\/v2\/product"}],"about":[{"href":"https:\/\/silikotek.sapartners.site\/index.php\/wp-json\/wp\/v2\/types\/product"}],"wp:featuredmedia":[{"embeddable":true,"href":"https:\/\/silikotek.sapartners.site\/index.php\/wp-json\/wp\/v2\/media\/11665"}],"wp:attachment":[{"href":"https:\/\/silikotek.sapartners.site\/index.php\/wp-json\/wp\/v2\/media?parent=11666"}],"wp:term":[{"taxonomy":"pwb-brand","embeddable":true,"href":"https:\/\/silikotek.sapartners.site\/index.php\/wp-json\/wp\/v2\/pwb-brand?post=11666"},{"taxonomy":"product_brand","embeddable":true,"href":"https:\/\/silikotek.sapartners.site\/index.php\/wp-json\/wp\/v2\/product_brand?post=11666"},{"taxonomy":"product_cat","embeddable":true,"href":"https:\/\/silikotek.sapartners.site\/index.php\/wp-json\/wp\/v2\/product_cat?post=11666"},{"taxonomy":"product_tag","embeddable":true,"href":"https:\/\/silikotek.sapartners.site\/index.php\/wp-json\/wp\/v2\/product_tag?post=11666"}],"curies":[{"name":"wp","href":"https:\/\/api.w.org\/{rel}","templated":true}]}}