{"id":11654,"date":"2015-01-12T15:51:09","date_gmt":"2015-01-12T15:51:09","guid":{"rendered":"http:\/\/192.168.100.222\/target_carts\/wordpress\/wordpress495\/wordpress\/?product=lukkorengaspihdit-32-100-mm-ulkopuoliset-suorat"},"modified":"2015-01-12T15:53:25","modified_gmt":"2015-01-12T15:53:25","slug":"lukkorengaspihdit-32-100-mm-ulkopuoliset-suorat","status":"publish","type":"product","link":"https:\/\/silikotek.sapartners.site\/index.php\/tuote\/lukkorengaspihdit-32-100-mm-ulkopuoliset-suorat\/","title":{"rendered":"Lukkorengaspihdit 32-100 mm ulkopuoliset suorat"},"content":{"rendered":"<p>Koneistetut k\u00e4rjet. Kartiomuotoiset k\u00e4rjet pysyv\u00e4t tiukasti kiinni lukkorenkaassa. Pihtien k\u00e4rkien ter\u00e4slaatu ja karkaisu tekee niist\u00e4 eritt\u00e4in kest\u00e4v\u00e4t. Leukoja aukipit\u00e4v\u00e4 jousi. Lakatut. PVC pinnoitetut kahvat. DIN 5254, NF E 73-130<br \/><img decoding=\"async\" src=\"data:image\/png;base64,iVBORw0KGgoAAAANSUhEUgAAARcAAACgCAIAAACpCb\/6AAAVyklEQVR4nO2db2gU197Hz4spaq2IFFuCoJfcF0W2bPUJ3hcbSylKlUqRbm5SUOhzFTp59IVtd0NrFW7Flj7UoN3NQyMWLARMoGrZNNhdJL1kJfWuvT0xPJdugrumoCUh+KI8tC8M+GKfF7M7c86Zc2bOzJnZnbW\/D4tkz875\/TlzvnP+zM6KagAAqIFaHQAAtD2gIgBQBVQEAKqAigBAFVARAKgCKgIAVUBFAKAKqAgAVAEVAYAqoCIAUEWoIiyB\/JEtIdTwIp57IEQkxyacR1CREFCRIhHJEVTUStpCRUtLS8lksqOjY8uWLTt37lQ3GCAROb+golbCDW9sbGx4eHh4ePibb74J3LgPRkdHdV3XdR0hlEqlTp48qW4zKCJyfh3C+PLLLzvlKJfLDsZBRUK44Z04cQIhhBC6evUqxnh5efno0aNvvPHGvn37\/lOCsbExB+NeKRQKsVisq6trcHBwcHDQGJQGBwcVzQZFRM6vQxixWKxQKJAlCwsLnZ2dzGGpVOro0aMOxkFFQrjhLS4ubtq0affu3cZbXdfHxsaWl5ePHTsmulzJG\/fE6OjounXrdF1fWloySlZWVi5cuLBu3bpUKrWysqJiPBAicn5FYUxOTiKEent7yUK7ih49etTR0fHUU0\/9\/vvvIuOgIiGi8IaHh2\/cuIExvnPnTjKZNArv3r174sQJdeOS3Lt3DyGk67r9o9HRUYTQlStXfBsPioicX1EYvb29XV1dq1evfvDggVloV9Hly5c1TYvFYhcuXBAZBxUJYcI7ffp0H81LL730wgsv9PX1ff311xjjt99+27dxrwwODiKEzFGIIZlM7tmzx7fxoIjI+eWGsbS0tHr16kqlsnHjxrNnz5rldhXt3bu3t7d3ZGQkFouJjIOKhJDhXb9+\/cMPP+zp6VlcXLQf2dfXhzE+fPjw8vKyD+M+2LJly8GDB0Wfjo6OdnR0+DYeFHSO2SRCKJkN2EcuHTds5tJxhOLpnFsYdU6dOvXaa69hjFOpFCkPRkX379\/XNK1QKDx8+HDDhg23bt3iGgcVCSHDO3369I0bN86cOXP9+nX7kcai6L333puZmfFh3AcIoU8++UT0aaFQWLdunW\/jQRG+inLpeMOmFxUZS52JiQmMcaVSQQiZ8mBUdOrUKfPt0aNH33zzTa5xUJEQMjxDIcPDw99++639SOPTZqpozZo1DmPRlStXKBUZnS2ZNHYXUTydtv7MSR3gCykVZRuezA8NPSSTcarUKEaoEWcyaxYgFE\/njFrxOG3LHgbGGF++fLmzs\/PRo0fG271795ryYFS0efNmc75XLpeZRRRuRxXNYDw7Nzc7N1cqlz39MYOx+ZKHDG9kZGRkZOTw4cPcjbiDBw8uLy8fPnz47t27Poz7IJVKIYTm5ua4n+7cubOrq8t6b\/S3ZNb809CGdSV3PcAX7ioiHWSTdbdsMPF0jqpt6M76nBiL2FqcMDDGePfu3Z9++qn59vLly+YWHKmiQqHAyGbnzp3kIgq3qYoWrl3z8bpbLM7OzamoaHFxcc+ePZs2berjkU6nMcYHDhzwZ9wHhUIBIXTw4EH7jvaFCxcQQtTtV7az2iZBrgf4wlVFxGhCDCGk14a0KD1blgQzOlOQnDBwpVLRNI3cmDEmeMYWHKmi3t5e5pwag5g9x3ZS0ezU1NSTnTefff7ms897+qP057\/MXxozhCSPKLybN28aY86NGzeOHTtmFC4uLtonzT6MS7KysrJr1y5jenPv3j2j8NdffzUk1NHRQQ1T3Eu+k4psB\/hCTkU2+yGr6NixY8w9Iozx+++\/b4zepooePHigadrU1BR52MOHDzdu3EjeqG1XFf1j1Z98vMp\/\/VtQKuru7jbvZL\/yyit37tzBGJ8+fdrTd4IUVYQxXllZMVcyu3bt2rVrV0dHB0IoFouxM72oqoh0wEwvWT3IzehcVWRstTHfV8AY\/\/zzzwghcrp+9uxZ7tZ2KpV6\/fXXmRzbSUW3S6X5d4\/Pn\/5v4evd4zeffd6QzezL++ffPf5v\/e3S5v\/4x6o\/TT3ZOX9pTF1FFy9eRAhpmmZsJPzwww+vvvqqrutbtmx5TwJTaeoqwo3Bp6ura82aNWvWrInFYqlUirNYio6KCIgeT29kCPRg210gapu7C24qunjx4nPPPceNdu\/eveTXfGKx2Oeff24\/zJgQ3r9\/nzTeTiqawfh2qbRw7drs1BT33+q5IVNCpXL5n9Xq7V9+mb80ZgjpX1u7\/1mtyrvjhnfy5EljLTQ8PGyULC4uzkhjbj8EoqKIE1aOtEg8hdHV1YXEbNiw4eHDhxjj6elph8PIZWf7qWh2bu7\/\/v53QydTT3YaL+Zv4zV\/aczcmiuVy\/\/W366Xnzkn7y7Ujg4q8ga9EeFpfGzCeWwnFc1gPDs1ZQwszq+Fa9fMre1SuTz\/7vG6it497rWB5I\/3BKjo8QijPVU0Nzd\/aWz+zLnquSH7y1TL\/775X7d\/+aVULpfK5dulkiG80p\/\/EsjuQiBwjS8sLIyOjh4\/fvydd945d+5cqVQyykX3hSIOqCiiKjLGltmpqflLY9yXubtQ\/uvffjr\/xfyZc\/\/a2m2U\/HT+i1JzH17wZHxkZKSzs1PTtO3bt7\/44oubN2\/WNK2vr+\/ixYsbN278\/vvvQ4okPEBF0VXRDMbzl8aM5RDzr8Nr9uX9KnddA4cxfv78eU3TDh069OOPP5qFX3311ebNmxFChw4dCimMUAEVRVpFpXJ59uX9kneKjI0Hc7\/BawN5qeHTeKlUWrt27QcffMAcc\/Xq1bVr165fv37fvn0hhREqoKJIq8gQw0\/nv5B5Vf\/nPLll57WBvNTwafzAgQNbt25lDjAk9NZbb127dg0h9N1334UUSXiAiqKooibTNBV1dnZ+9NFH5KemhIy3W7duHRgYCCmS8JBtwJC\/cg4qaiWc8II736RxhJDxtKwBIyGM8f79+81H06VQ\/DJ2QHhSUXhfOZfvZtyvR8gYBxUJEakokPNNGl+1atXIyIjxt11CGOM9e\/YYj9O2F55UFN5XzmXD4H9VT8o4qEiISEWBnG\/S+I4dOwzZcCW0sLDw9NNPU1M+ySHRfMrA9sSbExLDKfPdN+vSQefpV0UBf81PMgzB18aljIOKhEioyP\/5Jo1\/9tln69evHx4etksIY\/zxxx+vWrWK3AGXHBLNbs19dk2Iq\/Fssl5kJVj\/kPmCG6gIVNQ8FS0sLGzfvh0hZH9CybiPxG4tyA+J4m86C5EZTolvtZGPeTvk6MVja1QEM7pQaJqKjIncM888s379+oGBgfHx8ampqZGRkZ6eHoTQkSNH2Mjkw3BUkaUFstjNOPcpbnOSR\/a8iJxf+TBgdyF4Qg2PUdGRI0cWFhaMX5wxTqSmaTt27DB3HSgCUhEfN+OmdoipX\/04Zh4UkfPrJwzphy9ARS40TUUMt2\/fnp6erlQqwsotVRFzxabEQwjLOcdmIhuGr4cvQEUutEpFjw0RybEJ5xFUJARUpEhEcgQVtRJQkSIRyRFU1EpARYpEJEdQUSsBFSkSkRzbWEUAAEgCKgIAVYQqQgDwBwBUBACqgIoAQBVQEQCoEq6KAACQBFQEAKrAXdcoGo8IEcmxCecRVCQEVKRIRHIEFbUSUJEiEckRVNRKQEWKRCRHUFErARUpEpEcQUWtBFSkSERy\/EOqKDdQQD3TGGOMb6W3TaAnyNdkll9YJ9tjlSeHOC5zAwWkTaAnJhouPIfX8FT\/zRvu4\/nWE\/zCn5EJ8tRKuBNXpKvYSxTwnCPtnf4dBLPcseW9hsHka\/+FMDePkVRRXQa8Lp7tmYgP3HIozPYQFceLca2QHqePHppEmiG5W+ltHGuu4dWx2p7X67JJ8jfcBCc7OBWZP7Lo5I5fj99bWqQim\/ds0h6Kc8t7DIP1aLUk0ZQuHiOnoumkNoG2FbPWWEQwNIm2FdkOQhaOF+PaJJljbqDA6IQq4Rp0Co+AOL\/cy7nVlYkTI2vcI6w7qZ6VTSKE4umsFby9RB35HHneqcSIA8Ut7yUMjke68RrvXDxGTkV1chwV3Upvs8\/QqEJeLY7lQFTkrJMmq8j3WIQjPqOzfgzcGi\/k2tZDGMJ8G8bdPLaRilwHIt7Iw4Ge0flWEdWY9palZ3Shqwj7WCrUibKKqEtCoy+7tLz3MPj5Er7dPLaPilxXREwtawvBppPGR4X0UDEezliErUVqPJ3lTUscjXuF7G2Wfq3gnPYdoqwimvq8qhljEf3jl4\/NWDSdtO8T2Att6yKXOdvQpNsMUJyI\/OxcuFAJTEW+Ls912k5Fwa2L+B6p\/zeC9izw2C4qGucNGrzCbA81+DBvMSZ1xV1oSYWHMX8Hh4iDWqgITnRgKnIciyTqRlVF1AUhl46zu54B7NExVjgScvfYLiqSWBRRdbXGLSNygtf427yh5L6I8ni\/iOkBbguVwFREuvO6MIqyiqibN2ReYd0vom9PkbPgtrtfFCW8hpdNeuh\/Ec89ECKSY6hhgIpc8BheLp32cBGPeO6BEJEcQUWtpAmtH5LxiBCRHEFFrQRUpEhEcgQVtRJQkSIRyRFU1EpARYpEJEdQUSsBFSkSkRzbWEUAAEgCKgIAVUBFAKAKqAgAVAEVAYAqoCIAUAVUBACqgIoAQJUQVFTNFlH\/Uq1Wq9V+y3QzPz03k+cX1sn3W+V6QcYFXYsolAo1k0B63l6e1xuPqPA+DRA2gIbjRKbqwQIbK1EWfgpsMJY7QRjec5T2yG2NgD3yCFpF9Q7N6835\/olE9jeHwnw\/UbFaSWhFbtaMC0a0Dtpj7ej8TkacGJHKgoENwPIm7Tevm12jmkk0\/s7rzZQOEQvdnrwwfOQo75HbGoF6FBCkipZ0bQJ1V\/L0QFGnMIO6K6woyMJqJaHNkDlWs0Wb6hxd2MYoMXkdIZTI5N3aNbSG5wVA9DpJv3Q\/bbyrZhKhXXXFgdjS4YbhPUd5j\/zWCMyjA+HO6Ey4owRVKC0Ah4O9jUU192YNdyxiHFC9jrisymJWseajzZ3PMe3FC0M1R2ePJA3jgXvk0RwVuQ5E\/JHHg4tqtoi0CY4XZztildRn2CFf1Kv0pdT\/+Sbmc8SfzR6XmIuCPQylHN080qXW7PYxUZHrioipVZfEE0JVCAcurlwdQnUda8Jqd04AjldNx\/2OvC6We1PXSOL2rIfRjLGIbo3HZixa0jn7BLZC27rIQRLi6d+SzhhxDtV9xhZuL2SnQN5n8NVMwnHaFi0VBb5K4e3R0UYfk3VRtZKwi4FXmO+nBh\/mrcgFNaYFMRY1ZQ7AC4C3r+Re3XYgFXI1k2jRTjc\/DO85ynvkX1CC9sijCSqSWBRRdTX25g9\/FWSVEDegFNZFzAY3CvkWgz2AWs3rnQ36how13Wte\/JyAuPeLyDDCul8kao02vF\/UzuT1FtxlAR4DQEUm1UwGRAT4AVQEAKqAigBAFVARAKgCKgIAVUBFAKAKqAgAVAEVAYAq8AvDUTQeESKSYxPOI6hICKhIkYjkCCpqJaAiRSKSI6iolYCKFIlIjqCiVgIqUiQiOYKKWgmoSJGI5PiHVFFuoIB6pjHGGN9Kb2N+em4yyy+sk+2xypNDQseEi8Zb46kkolCm9XPpOEpy\/mPxXDpef0SF96mkcRmYACT8imONp3NmYTZpL\/OO5xyl0vEcm1MYyh4jqaK6DKjebH0UH7jlUJjtISqOF+NaIT3O8cq6GJpE24o5jA3REi5cEqm3rb2\/ZpON9s6l46KTHYCK2ACk\/Npt1OvTtY1C0VVCEm85SqXjJzZhGByPhHE5j5FT0XRSm0Dbill6oKhj9XVB4Xgxrk2SOeYGCjbVcVxQhw1NEq4dEskmEULxdJbXrrl03OrBVi9lUFQRJwA5vzYz3KsAYVNBRvI5SqfjJzZuGBIejTcuHiOnojo5jopupbfZZ2hUIa+WEOpgv2MRFp3IZo1FbADex6JcOh5Pp5n5Cr8z+cFzjq7p+IrNKYycm4rcPLaRilwHIv7II4R1MTRprItoC35VhGXm7iGoSMqvrXqjvtldqK7SQhVhTjq+YpNVETOjM4y7eWwfFbmuiJha1m6BXXvcgxuHUSsrvyoiBwLrvLAEryJHv43+SBf7uvrKo6QibjqhjkXY2l2Ip7N1T4\/NWDSd5OwT2Apt6yL+CGZzQamRquJTRXLXy+BV5Oc6nU16XwnIo6QifjqBrYs4HilkV2LtoqLxYtwuBl5htocafJi3Ihd\/jLFIhNVHrIsutQxp3h4dlknHT2zSKuJtU7p5bBcVSSyKqLrm79GROqGniEyJdZeJsulNRcx1FLksUIJXkZxfG2YdpXsyXJRUhEXphHm\/yPRIGW+7+0VRwmt42aSH63bEcw+EiOQYahigIhc8hpdLpz1MfiKeeyBEJEdQUStpQuuHZDwiRCRHUFErARUpEpEcQUWtBFSkSERyBBW1ElCRIhHJEVTUSkBFikQkxzZWEQAAkoCKAEAVUBEAqAIqAgBVQEUAoAqoCABUARUBgCqgIgBQJQQVVbNF1L9Uq9Vqtd8y3cxPz83k+YV18v1WuV4QGNfEtep+JYLMJBrPvuj2\/1k8rzt8qATXsnMwDlQzCapGw3oiU3UpDBqHFOggiQPVmtfmkbYsKg\/6hNZqteBVVO\/QvN6c759IZH9zKMz3ExWrlYRWZM97YQZ1V4yyarZo\/M2Ilqs9Wyi62aeqmQTTv4izzvZSRfiWHYNxoK4OMz7LJNdPwLmwoQhSYIOs5fVAonBrNOLzgDw6EaSKlnRtAnVX8la3JiAEwC+sVhLaDJltNVtkVJfvJ0WypNPH1yhFOUG3q1Mrh9f1TMvywRDkdYRQIpMnwyOqWmFzC4NGkAIvyGomEcSY6NJohIaC8uhIuDM6E+4oQRVKCsCCI0vpsYiEbHGWJohIPhgXK1RvadjhFoaLzUuVkXrgsyvWI922YXhkaY6KXAci3sjj6IOd79XXS3YvLnaEU6j6bDqEbie07Gk+Z9ZodAyqLzXecAtDhJcCI\/WARwm7RzrN4D1yaIqKXFdETC1rC4GrisIMsi+ZzI\/khZTX3VUSXs9jLPODcdnmiNZYJGhP8YCuvGLheXTMMqQ1UjNUtKRzOr2t0LYu4kqimi0i23KINuvwKWEnk5Ab38Nbm1qWpYNhYSdLLVoX1RxTCElFAo\/Ol4r2VVG1krCPD7zCfD81+DBvawIJUWOa3Fjk3GvDmwVxLfuWUI3poNbchdmjsxUGjXMKwmlnNZPwG5DQo23OFpRHR5qgIolFEVVXY2\/+NAyKbjQR5VLTOf6NBabroVBustgti+5ySJtr\/f0ilxSE94v8ByT2yLnqhXc2TeC7CxZ5Pez7CsDjCajIpJrJgIgAP4CKAEAVUBEAqAIqAgBVQEUAoAqoCABUARUBgCqgIgBQBVQEAKqAigBAFVARAKgCKgIAVUBFAKAKqAgAVAEVAYAq\/w9lG2tFW6YbuQAAAABJRU5ErkJggg==\" alt=\"\" \/><\/p>\n","protected":false},"excerpt":{"rendered":"<p>Facomin laadukkaat suorat lukkorengaspihdit 32-100 mm ulkopuolisille lukkorenkaille.<\/p>\n","protected":false},"featured_media":11653,"template":"","meta":{"_et_pb_use_builder":"","_et_pb_old_content":"","_et_gb_content_width":""},"pwb-brand":[],"product_brand":[],"product_cat":[864],"product_tag":[],"class_list":{"0":"post-11654","1":"product","2":"type-product","3":"status-publish","4":"has-post-thumbnail","6":"product_cat-ulkopuoliset-lukkorengaspihdit","8":"first","9":"instock","10":"sale","11":"taxable","12":"shipping-taxable","13":"purchasable","14":"product-type-simple"},"brands":[],"_links":{"self":[{"href":"https:\/\/silikotek.sapartners.site\/index.php\/wp-json\/wp\/v2\/product\/11654","targetHints":{"allow":["GET"]}}],"collection":[{"href":"https:\/\/silikotek.sapartners.site\/index.php\/wp-json\/wp\/v2\/product"}],"about":[{"href":"https:\/\/silikotek.sapartners.site\/index.php\/wp-json\/wp\/v2\/types\/product"}],"wp:featuredmedia":[{"embeddable":true,"href":"https:\/\/silikotek.sapartners.site\/index.php\/wp-json\/wp\/v2\/media\/11653"}],"wp:attachment":[{"href":"https:\/\/silikotek.sapartners.site\/index.php\/wp-json\/wp\/v2\/media?parent=11654"}],"wp:term":[{"taxonomy":"pwb-brand","embeddable":true,"href":"https:\/\/silikotek.sapartners.site\/index.php\/wp-json\/wp\/v2\/pwb-brand?post=11654"},{"taxonomy":"product_brand","embeddable":true,"href":"https:\/\/silikotek.sapartners.site\/index.php\/wp-json\/wp\/v2\/product_brand?post=11654"},{"taxonomy":"product_cat","embeddable":true,"href":"https:\/\/silikotek.sapartners.site\/index.php\/wp-json\/wp\/v2\/product_cat?post=11654"},{"taxonomy":"product_tag","embeddable":true,"href":"https:\/\/silikotek.sapartners.site\/index.php\/wp-json\/wp\/v2\/product_tag?post=11654"}],"curies":[{"name":"wp","href":"https:\/\/api.w.org\/{rel}","templated":true}]}}