{"id":11646,"date":"2015-01-12T12:30:12","date_gmt":"2015-01-12T12:30:12","guid":{"rendered":"http:\/\/192.168.100.222\/target_carts\/wordpress\/wordpress495\/wordpress\/?product=lukkorengaspihdit-32-63-mm-suorat-ulkopuoliset"},"modified":"2015-01-13T08:19:45","modified_gmt":"2015-01-13T08:19:45","slug":"lukkorengaspihdit-32-63-mm-suorat-ulkopuoliset","status":"publish","type":"product","link":"https:\/\/silikotek.sapartners.site\/index.php\/tuote\/lukkorengaspihdit-32-63-mm-suorat-ulkopuoliset\/","title":{"rendered":"Lukkorengaspihdit 32-63 mm suorat ulkopuoliset"},"content":{"rendered":"<p>K\u00e4rjet kest\u00e4v\u00e4\u00e4 kalibroitua pianolankaa. Suunnatut k\u00e4rjet, lukkorenkaat pysyv\u00e4t paremmin. Leukoja aukipit\u00e4v\u00e4 jousi mahdollistaa pehme\u00e4n otteen. Taotut py\u00e4lletyt kahvat takaavat hyv\u00e4n otten. Lukkorenkaille 31-60 mm. DIN 5254, NF E 73-130<br \/><img decoding=\"async\" src=\"data:image\/png;base64,iVBORw0KGgoAAAANSUhEUgAAAPUAAAAcCAIAAAA2mG54AAADH0lEQVR4nO2YMZLrIAyGKfKuw+Qs7FHIRfBFvJMmhZvMpEnBnXaLOLbAEsgGZxk\/\/bPNEoN+yZ+xjPoRiY4r5ZN6XZS+5q+0q7eWE6+lRnLc1Ybw\/QeLN6JGchS+cQnfhWokR+Ebl\/BdqEZyFL5xCd+FaiRH4RuX8F2oRnJsj+\/+clNfD++99097vqp\/8G9w+KDvLzd1CsfP9x6LCtZ\/\/\/uaCAbTdemtVqOMW\/zqTOLH\/OIcoSHSrnBNc7SdasXwz9HqHHur8XSgjbc54He7DTIiHE1FXM+3+1qiNv+kL09qMKKWUrx+N6jT4Lx\/PUtgfbouzky59lZHeYOSRdWDKuIbD5F0RciZxWyef47W5ThSNMVz5v0PyGZ2xPdG2kAiLguYibiO74c5XdX57lBSuwHZj8Egg29k\/f5ym5kOQqTqEj7dZJ3pm1DtpTmF4Lvy7KvKAOfn6IxSSlsHwvVWz0\/oRB4wzPaG2kAi4gXMRCztTyY97flqOp8YZO7f0ZUb+A4EHvplnJ3273yIlKtgsraWfvt+dP+O4qF849AX2CAz5EasxXdu8\/ZY\/71sZpD1w\/5kHd90HzB2cuQNqMA3GYLdnfRWK9CLwDk5\/xyV9d9hf\/JyEgC2H9+ggLmIlfhOd97ULErE9+XNdnfN59uZ\/P0n70G9j\/ooBO4K\/2LMb4dchlDV+r7U1o1GP7F\/hwX8zP79MKeb\/Y6uigc38z2rG8B49vyE8+qmOtx6fIMQbFfz1BwuvD4eVynfiItq\/TceESngJ\/rvb7itkoMb+Z6bnKjFJ+uSxoj3Di3iGw2xGu5xctyfbOoBUBX3J4tDE\/Rco8RG1PEjBcxErMI3o\/n26Pn3dC4ech+NjCeGcb9O1QUckoJ3fnQTVOaQtnD\/XobAXeU1dS7z5Rz\/HJXu35O1wMVe5990Aeuefzejtd6cWbF7tpx4LTWS4642\/h++e2tXNActJ15LjeQofOPa1VvLiddSIzkK37iE70I1kqPwjUv4LlQjOQrfuITvQjWSo\/CNS\/guVCM57sv3j0h0XAnfoiNL+BYdWcK36MgSvkVH1i\/F3T49RhGarAAAAABJRU5ErkJggg==\" alt=\"\" \/><\/p>\n","protected":false},"excerpt":{"rendered":"<p>Eritt\u00e4in laadukkaat ja tyk\u00e4tyt lukkorengaspihdit. Facomin suorat lukkorengaspihdit ulkopuolisille lukkorenkaille pianolankak\u00e4rjill\u00e4.<\/p>\n","protected":false},"featured_media":11645,"template":"","meta":{"_et_pb_use_builder":"","_et_pb_old_content":"","_et_gb_content_width":""},"pwb-brand":[],"product_brand":[],"product_cat":[864],"product_tag":[],"class_list":{"0":"post-11646","1":"product","2":"type-product","3":"status-publish","4":"has-post-thumbnail","6":"product_cat-ulkopuoliset-lukkorengaspihdit","8":"first","9":"instock","10":"sale","11":"taxable","12":"shipping-taxable","13":"purchasable","14":"product-type-simple"},"brands":[],"_links":{"self":[{"href":"https:\/\/silikotek.sapartners.site\/index.php\/wp-json\/wp\/v2\/product\/11646","targetHints":{"allow":["GET"]}}],"collection":[{"href":"https:\/\/silikotek.sapartners.site\/index.php\/wp-json\/wp\/v2\/product"}],"about":[{"href":"https:\/\/silikotek.sapartners.site\/index.php\/wp-json\/wp\/v2\/types\/product"}],"wp:featuredmedia":[{"embeddable":true,"href":"https:\/\/silikotek.sapartners.site\/index.php\/wp-json\/wp\/v2\/media\/11645"}],"wp:attachment":[{"href":"https:\/\/silikotek.sapartners.site\/index.php\/wp-json\/wp\/v2\/media?parent=11646"}],"wp:term":[{"taxonomy":"pwb-brand","embeddable":true,"href":"https:\/\/silikotek.sapartners.site\/index.php\/wp-json\/wp\/v2\/pwb-brand?post=11646"},{"taxonomy":"product_brand","embeddable":true,"href":"https:\/\/silikotek.sapartners.site\/index.php\/wp-json\/wp\/v2\/product_brand?post=11646"},{"taxonomy":"product_cat","embeddable":true,"href":"https:\/\/silikotek.sapartners.site\/index.php\/wp-json\/wp\/v2\/product_cat?post=11646"},{"taxonomy":"product_tag","embeddable":true,"href":"https:\/\/silikotek.sapartners.site\/index.php\/wp-json\/wp\/v2\/product_tag?post=11646"}],"curies":[{"name":"wp","href":"https:\/\/api.w.org\/{rel}","templated":true}]}}