{"id":11636,"date":"2015-01-12T10:51:32","date_gmt":"2015-01-12T10:51:32","guid":{"rendered":"http:\/\/192.168.100.222\/target_carts\/wordpress\/wordpress495\/wordpress\/?product=lukkorengaspihdit-10-25-mm-ulkopuoliset-taivutettu-90"},"modified":"2015-01-13T08:14:52","modified_gmt":"2015-01-13T08:14:52","slug":"lukkorengaspihdit-10-25-mm-ulkopuoliset-taivutettu-90-1","status":"publish","type":"product","link":"https:\/\/silikotek.sapartners.site\/index.php\/tuote\/lukkorengaspihdit-10-25-mm-ulkopuoliset-taivutettu-90-1\/","title":{"rendered":"Lukkorengaspihdit 10-25 mm ulkopuoliset taivutettu 90\u00b0"},"content":{"rendered":"<p>Koneistetut k\u00e4rjet. Kartiomuotoiset k\u00e4rjet pysyv\u00e4t tiukasti kiinni lukkorenkaassa. Pihtien k\u00e4rkien ter\u00e4slaatu ja karkaisu tekee niist\u00e4 eritt\u00e4in kest\u00e4v\u00e4t. Leukoja aukipit\u00e4v\u00e4 jousi. Lakatut. PVC pinnoitetut kahvat. DIN 5254, NF E 73-130<br \/><img decoding=\"async\" src=\"data:image\/png;base64,iVBORw0KGgoAAAANSUhEUgAAARcAAACgCAIAAACpCb\/6AAAWOElEQVR4nO2dUYgUx7rH66EP6jEiEkxYBD3seQgyYaJ38TzMGkJQokSCZPbsBhRyj0Laqw8mmVkSo3AiJuQSF83MXrJiwMCCuxA1zGYxM8jmsCMbz2xOal3uIbOLM25Awy6LD+FiHlzwYe5Dz3RXVVd1V3d1z\/SY78cgOzXdX31fVf37q6qeHlENAAA1UKsdAIC2B1QEAKqAigBAFVARAKgCKgIAVUBFAKAKqAgAVBGqCEsgf2RLCNW9iMceCBGJsQn9CCoSAipSJCIxgopaSVuoaGlpKZlMdnR0bNmyZefOneoGAyQi\/QsqaiVc90ZHR4eGhoaGhr755pvAjftgZGRE13Vd1xFCqVTq1KlT6jaDIiL96+DGl19+2SlHuVx2MA4qEsJ17+TJkwghhNC1a9cwxsvLy8eOHXvjjTf27dv3nxKMjo46GPdKoVCIxWJdXV0DAwMDAwNGUhoYGFA0GxQR6V8HN2KxWKFQIEsWFhY6OzuZw1Kp1LFjxxyMg4qEcN1bXFzctGnT7t27jbe6ro+Oji4vLx8\/flx0uZI37omRkZF169bpur60tGSUrKysXLx4cd26dalUamVlRcV4IESkf0VuTExMIIR6e3vJQruKHj9+3NHR8dRTT\/32228i46AiISL3hoaGbt68iTG+c+dOMpk0Cu\/evXvy5El145Lcu3cPIaTruv2jkZERhNDVq1d9Gw+KiPSvyI3e3t6urq7Vq1c\/ePDALLSr6MqVK5qmxWKxixcvioyDioQw7p05c6aP5qWXXnrhhRf6+vq+\/vprjPHbb7\/t27hXBgYGEEJmFmJIJpN79uzxbTwoItK\/XDeWlpZWr15dqVQ2btx47tw5s9yuor179\/b29g4PD8diMZFxUJEQ0r0bN258+OGHPT09i4uL9iP7+vowxocPH15eXvZh3Adbtmw5ePCg6NORkZGOjg7fxoOCjjGbRAglswHXkUvHDZu5dByheDrn5kad06dPv\/baaxjjVCpFyoNR0f379zVNKxQKjx492rBhw\/T0NNc4qEgI6d6ZM2du3rx59uzZGzdu2I80FkXvvffezMyMD+M+QAh98sknok8LhcK6det8Gw+K8FWUS8cbNr2oyFjqjI+PY4wrlQpCyJQHo6LTp0+bb48dO\/bmm29yjYOKhJDuGQoZGhr69ttv7UcanzZTRWvWrHHIRVevXqVUZAy2ZNLYXUTxdNr6Myd1gC+kVJRt1GR+aOghmYxTpUYxQg0\/k1mzAKF4OmecFY\/TtuxuYIzxlStXOjs7Hz9+bLzdu3evKQ9GRZs3bzbne+VymVlE4XZU0QzGs3Nzs3NzpXLZ0x8zGJsveUj3hoeHh4eHDx8+zN2IO3jw4PLy8uHDh+\/evevDuA9SqRRCaG5ujvvpzp07u7q6rPfGeEtmzT8NbVhXctcDfOGuIrKCbLJeLetMPJ2jzjZ0Z31O5CL2LI4bGGO8e\/fuTz\/91Hx75coVcwuOVFGhUGBks3PnTnIRhdtURQvXr\/t43S0WZ+fmVFS0uLi4Z8+eTZs29fFIp9MY4wMHDvgz7oNCoYAQOnjwoH1H++LFiwgh6vYrO1htkyDXA3zhqiIimxAphKy1IS1Kz5YlwYzOFCTHDVypVDRNIzdmjAmesQVHqqi3t5fpUyOJ2WNsJxXNTk5O\/rHz1rPP33r2eU9\/lP78l\/nLo4aQ5BG5d+vWLSPn3Lx58\/jx40bh4uKifdLsw7gkKysru3btMqY39+7dMwp\/\/fVXQ0IdHR1UmuJe8p1UZDvAF3IqstkPWUXHjx9n7hFhjN9\/\/30je5sqevDggaZpk5OT5GGPHj3auHEjeaO2XVX0j1V\/8vEq\/\/VvQamou7vbvJP9yiuv3LlzB2N85swZT98JUlQRxnhlZcVcyezatWvXrl0dHR0IoVgsxs70oqoisgJmesnqQW5G56oiY6uN+b4Cxvjnn39GCJHT9XPnznG3tlOp1Ouvv87E2E4qul0qzb97Yv7Mfwtf75649ezzhmxmX94\/\/+6Jf+tvlzb\/xz9W\/Wnyj53zl0fVVXTp0iWEkKZpxkbCDz\/88Oqrr+q6vmXLlvckMJWmriLcSD5dXV1r1qxZs2ZNLBZLpVKcxVJ0VERAjHh6I0OgB9vuAnG2ubvgpqJLly4999xzXG\/37t1Lfs0nFot9\/vnn9sOMCeH9+\/dJ4+2kohmMb5dKC9evz05Ocv+tnh80JVQql\/9Zrd7+5Zf5y6OGkP61tfuf1ap8dVz3Tp06ZayFhoaGjJLFxcUZaczth0BUFHHCipEWiSc3urq6kJgNGzY8evQIYzw1NeVwGLnsbD8Vzc7N\/d\/f\/27oZPKPncaL+dt4zV8eNbfmSuXyv\/W36+Vnz8tXF+pABxV5g96I8JQfm9CP7aSiGYxnJyeNxOL8Wrh+3dzaLpXL8++eqKvo3RNeG0j+eE+Aip4MN9pTRXNz85dH58+er54ftL9Mtfzvm\/91+5dfSuVyqVy+XSoZwiv9+S+B7C4EAtf4wsLCyMjIiRMn3nnnnfPnz5dKJaNcdF8o4oCKIqoiI7fMTk7OXx7lvszdhfJf\/\/bThS\/mz57\/19Zuo+SnC1+Umvvwgifjw8PDnZ2dmqZt3779xRdf3Lx5s6ZpfX19ly5d2rhx4\/fffx+SJ+EBKoquimYwnr88aiyHmH8dXrMv71e56xo4jPELFy5omnbo0KEff\/zRLPzqq682b96MEDp06FBIboQKqCjSKiqVy7Mv75e8U2RsPJj7DV4byMsZPo2XSqW1a9d+8MEHzDHXrl1bu3bt+vXr9+3bF5IboQIqirSKDDH8dOELmVf1fy6QW3ZeG8jLGT6NHzhwYOvWrcwBhoTeeuut69evI4S+++67kDwJD1BRFFXUZJqmos7Ozo8++oj81JSQ8Xbr1q39\/f0heRIesg0Y8lfOQUWthONecP1NGkcIGU\/LGjASwhjv37\/ffDRdCsUvYweEJxWF95Vz+WHG\/XqEjHFQkRCRigLpb9L4qlWrhoeHjb\/tEsIY79mzx3ictr3wpKLwvnIu6wb\/q3pSxkFFQkQqCqS\/SeM7duwwZMOV0MLCwtNPP01N+SRTovmUge2JNyck0inz3Tfr0kHH6VdFAX\/NT9INwdfGpYyDioRIqMh\/f5PGP\/vss\/Xr1w8NDdklhDH++OOPV61aRe6AS6ZEc1hzn10T4mo8m6wXWQHWP2S+4AYqAhU1T0ULCwvbt29HCNmfUDLuI7FbC\/IpUfxNZyEy6ZT4Vhv5mLdDjF5qbI2KYEYXCk1TkTGRe+aZZ9avX9\/f3z82NjY5OTk8PNzT04MQOnr0KOuZvBuOKrK0QBa7Gec+xW1O8siRF5H+lXcDdheCJ1T3GBUdPXp0YWHB+MUZoyM1TduxY4e560ARkIr4uBk3tUNM\/erHMfOgiPSvHzekH74AFbnQNBUx3L59e2pqqlKpCE9uqYqYKzYlHkJYzjE2E1k3fD18ASpyoVUqemKISIxN6EdQkRBQkSIRiRFU1EpARYpEJEZQUSsBFSkSkRhBRa0EVKRIRGJsYxUBACAJqAgAVBGqCAHA7wBQEQCoAioCAFVARQCgSrgqAgBAElARAKgCd12jaDwiRCTGJvQjqEgIqEiRiMQIKmoloCJFIhIjqKiVgIoUiUiMoKJWAipSJCIxgopaCahIkYjE+LtUUa6\/gHqmqLfaOPrDeKNwOr1tHP2BfE2Yv5eR7bHKk4OcKm3WPLvXqKn+mzfcx\/OtJ\/iFPyMTZNdaP7Lo8UeFc+k4dYpjUN7xHCPrD7fUs5NObjC27b8Q5lZjJFVUl4E5xAcnkGaIZDq9bTzeP82YyPZYhdke4sSxYlwrpMfoo92subpXx2p7Xr9nk+RvuAk6OzAVER7wB6GI+tgwT3AOyg\/eYmT9IdyySv04KXSDrdH8uUqy51xqjJyKppLaONpWzBK5KNdfsMb64ATaVqSGJFkyVoxrE2SM1Lky1lzcI8gmOd1q1pKOW8ohOkbWuALSIyubRAjF01nyeMegfCEfI8+fhifxZNIq9eMk1w1OjYRt4p1LjZFTUZ2crIqm09usaRszD+QSlIqcddI6FXke\/OQJcm57wnOMbACGT3S29e6kkxvCJmsYd6uxHVTEzMGocU\/LwJ55ODhYk3YPM41pb1l6RtccFfF+4FfuLOJKHDEVNQYwUerLSe8qImbibjW2hYqs\/YBCerAYJ8Y9uSLCtgxW30Kw6URkTd49LHFFbCxS4+kseaiUcSVYZ1z2HaKciyx\/mpyL6B+\/fCJyEcngBFE+lWQ2D2zrIpc5G2XNg3sYe5md03NtKeNKCOvjkovKusjuD\/1DpWaeDWxdZK\/RrJU2+gSsiwglUKsgPMbJJNkeKvkwb52seXEPY\/4ODuGHecVy6OjAVKQyE6P8cw7KDyoqEpT6cVJWRRwJudfYFioibgFRyx5BnrHmcsR2OWmQb82Lew232HsIzBrD7Z5GYCqiLtsK6yKMf+f3i+zZj+3OtrlfFCW8updNeriARzz2QIhIjKG6ASpywaN7uXTawywo4rEHQkRiBBW1kia0fkjGI0JEYgQVtRJQkSIRiRFU1EpARYpEJEZQUSsBFSkSkRhBRa0EVKRIRGJsYxUBACAJqAgAVAEVAYAqoCIAUAVUBACqgIoAQBVQEQCoAioCAFVCUFE1W0RHlqi3xiND9cKHmW7m9+hm8o2D80escr0gW4V1FlEo5WomgfS8vTyvNx5R4X0aIKwDjYoTmaoHC6yvRFn4IbDO2KtjSr3HKF8jrzUCrpFH0CqqD2hzNBdmkGaI5GGmezyRfWg\/3izMHyFOrFYSWpEbNVMFoaiHmW4n7bF2dP4gIzpGpLJgYB2wapOuN6+bQ6OaSTT+zuvNlA7hC689jYHdKPURo3yN3NYItEYBQapoSdfGUXclTySKarZoKacwg7orlC7Ikmoloc2QMVLniquo0afIpaO8jhBKZPJu7Rpaw\/McIAa\/ZL20XBrvqplEaFddsSP89qxmEgldt0q9xyhfI781AqvRgZBndI4qolKHtAAcDvaWi2ruzRpuLmIqoAY\/cVmVxTzFmo82dz5nby8jJDq5K8XoWqNJw3jgNfIIe11Ez+goFdGi4mUeuSrMEm2czXWudsQqqc+wQ76oV+lLqf\/+JuZzxJ\/Nzkt0ezbqJkqVYnSvkSy1ZrftryJrd6GYKVQSxCgnV0Q1Wwarb0gIVCFMXPZJo7OrrrkmrHbnOOB41XTc78jrYrk3dY3ED6fJuYhujSciF5EUZojyJZ3ZPLCtixwkIZ7+LemMEWdX3Wds4Y7Cqtq6qH6k06GtUhG9T2im9aBXKbw9OtroE7AuIpRAL1qqVF4yyB+hkg\/zVlQFldOCyEVNmQPwHODtK7mfbjuQcrmaSURqp9t7jPI18i8oQdfII\/xcZN7MoZY9guFuzeX4e9ncKogbUArrIv51tInrolrN650N+\/Xe2tJtjv8ch1p2v0jUGm14v6idyestuMsCPAGAikyqmQyICPADqAgAVAEVAYAqoCIAUAVUBACqgIoAQBVQEQCoAioCAFXgF4ajaDwiRCTGJvQjqEgIqEiRiMQIKmoloCJFIhIjqKiVgIoUiUiMoKJWAipSJCIxgopaCahIkYjE+LtUUa6\/gHqmqLfGI0P1wun0Nub36CbM\/9s722OVJweFFbtV4eQeZScdR0nOfyyeS8frj6jwPpU0LgPjgES9Yl\/j6ZxZmE3ay7zjOUYiHCsUxITk2TcnN6Qa0KnGSKqoLgNzNA9OIM0QyXR623i8f5oxke2xCrM9xIljxbhWSI9xauVUsa2Y41ThEki9be3jNZtstHcuHRd1dgAqYh2Qqtduo34+fbZRKLpKSOItRmF7qvomdIPTgIRxuRojp6KppDaOthWzRKLI9ResYW0Nd8wpGSvGtQkyRupc+SqsdOQQSDaJEIqns7x2zaXj1gi2Rqlz7F7hOCBXr80M9ypA2FSQkXyMTu1JaMifb1w3JBrQeONSY+RUVCcnq6Lp9DZr2sZM0pyhDvabi7CoI5uVi1gHvOeiXDoeT6eZ+Qp\/MPnBc4y89qTKfPnm5EbOTUVuNbaDipgZHaUiWlS8zCOEldzghLEuoi34VRGWmbuHoCKpem2nEwsR8+IbIRXRDvjyTVZFzIzOMO5WY1uoyFr6F9KDxTghG3JFhG0ZrL5bwMwARQc3DqNWVn5VRCYCq19YgleRY70NedHFvq6+8gSgIqb+UHMRtnYX4ulsvaYnIheRUIuWqSSzeWBbF3HWUbwqKDVSp\/hUkdz1MngV+blOZ5PeVwLyqKvIFkZg6yJRjbaKnoB1EbNosTavx6i8VA+8h0o+zFtRFb+PXCTCGiPWRdcy1NQ9Ok59VCIwj\/Dqm7SKeFuBbjW2hYqIW0DUokWQZ6y5HLGXbU9uoipom95UxKQF5LJACV5FcvXaMM9RWF8JUFYRN6OGeb\/IbAzKeNvdL4oSXt3LJj1ctyMeeyBEJMZQ3QAVueDRvVw67WHyE\/HYAyEiMYKKWkkTWj8k4xEhIjGCiloJqEiRiMQIKmoloCJFIhIjqKiVgIoUiUiMoKJWAipSJCIxtrGKAACQBFQEAKqAigBAFVARAKgCKgIAVUBFAKAKqAgAVAEVAYAqIaiomi2iI0vUW+ORoXrhw0w383t0M+b\/7Z0\/YpXrBYFxTXwWUa+Lk5lE41Ee3f4\/i+d1hw+V4Fp2dsaBaiZBndGwnshUXQqDhh9CmP7YaiQKHMqD7tBarRa8iuoD2hzNhRmkGcP9YaZ7PJF9aD\/eLMwfIU6sVhJakW3nwgzqrhhl1WzR+JsQ7cNMN197Ni91sw+rmQTTn8TQZEepInzLjs44UB+Npn+WSW49AcfCumIPIVR\/3BqN+DyvhxZ3gyBVtKRr46i7kidyUTVbtJRDaIBTUq0ktBkyWurcWq1Wq+WPkCJZ0unja7Y0KIJuV6dWDm\/omZblnSHI6wihRCZPukecarnNLQwafghh+uPSaISGatVMItQsXKuFPqNzVBGVOiQFYGHXpHwuIiFbnKUJIpJ3xsUKNVoadriF4eJYdSj+sHbotrXm0GHN58JfF9EzOmrc0zKwZx7HOtj5Xn29xOrK1Y5wClWfTYcw7ISWPc3nzDMaA4MaS4033MIQIUJokj\/2RqPNUp+HlZeat7tQzBQqCWKUkyuimi2D1bcQuKoozCD7ksn8SF5Ied1dJeGNPMYy3xmXbY5o5SI6hGb4w2s0R6shrZHCV5FFYYYoX9IZJdjWRVxJVLNFZFsOEXAWS3wnMwm5\/B7e2tSyLO0MSzUa66IaN4SQ\/RE0mrM021RFlhLoRUuVyksG+SNU8mHe1gQSonKaXC5yHrXhzYK4ln1LqMYMRN7uGL8waPghhOmPsNFsczaqzauZRFvsdNdsuci8mUMtewTDnbgdNE5N8I4siW80EeVS0zn+jQWmq1EoN1nslkV3OaTNtf5+kTiEsPxxrJG1G15vmsB3Fyzyetj3FYAnE1CRSTWTAREBfgAVAYAqoCIAUAVUBACqgIoAQBVQEQCoAioCAFVARQCgCqgIAFQBFQGAKqAiAFAFVAQAqoCKAEAVUBEAqAIqAgBVQEUAoAqoCABUARUBgCr\/Dx9gKuryeitQAAAAAElFTkSuQmCC\" alt=\"\" \/><\/p>\n","protected":false},"excerpt":{"rendered":"<p>Facomin laadukkaat taivutet lukkorengaspihdit 10-25 mm ulkopuolisille lukkorenkaille.<\/p>\n","protected":false},"featured_media":11635,"template":"","meta":{"_et_pb_use_builder":"","_et_pb_old_content":"","_et_gb_content_width":""},"pwb-brand":[],"product_brand":[],"product_cat":[864],"product_tag":[],"class_list":{"0":"post-11636","1":"product","2":"type-product","3":"status-publish","4":"has-post-thumbnail","6":"product_cat-ulkopuoliset-lukkorengaspihdit","8":"first","9":"instock","10":"sale","11":"taxable","12":"shipping-taxable","13":"purchasable","14":"product-type-simple"},"brands":[],"_links":{"self":[{"href":"https:\/\/silikotek.sapartners.site\/index.php\/wp-json\/wp\/v2\/product\/11636","targetHints":{"allow":["GET"]}}],"collection":[{"href":"https:\/\/silikotek.sapartners.site\/index.php\/wp-json\/wp\/v2\/product"}],"about":[{"href":"https:\/\/silikotek.sapartners.site\/index.php\/wp-json\/wp\/v2\/types\/product"}],"wp:featuredmedia":[{"embeddable":true,"href":"https:\/\/silikotek.sapartners.site\/index.php\/wp-json\/wp\/v2\/media\/11635"}],"wp:attachment":[{"href":"https:\/\/silikotek.sapartners.site\/index.php\/wp-json\/wp\/v2\/media?parent=11636"}],"wp:term":[{"taxonomy":"pwb-brand","embeddable":true,"href":"https:\/\/silikotek.sapartners.site\/index.php\/wp-json\/wp\/v2\/pwb-brand?post=11636"},{"taxonomy":"product_brand","embeddable":true,"href":"https:\/\/silikotek.sapartners.site\/index.php\/wp-json\/wp\/v2\/product_brand?post=11636"},{"taxonomy":"product_cat","embeddable":true,"href":"https:\/\/silikotek.sapartners.site\/index.php\/wp-json\/wp\/v2\/product_cat?post=11636"},{"taxonomy":"product_tag","embeddable":true,"href":"https:\/\/silikotek.sapartners.site\/index.php\/wp-json\/wp\/v2\/product_tag?post=11636"}],"curies":[{"name":"wp","href":"https:\/\/api.w.org\/{rel}","templated":true}]}}