{"id":11632,"date":"2015-01-12T09:57:27","date_gmt":"2015-01-12T09:57:27","guid":{"rendered":"http:\/\/192.168.100.222\/target_carts\/wordpress\/wordpress495\/wordpress\/?product=lukkorengaspihdit-85-200-mm-ulkopuoliset-taivutettu-90"},"modified":"2015-01-13T08:24:54","modified_gmt":"2015-01-13T08:24:54","slug":"lukkorengaspihdit-85-200-mm-ulkopuoliset-taivutettu-90","status":"publish","type":"product","link":"https:\/\/silikotek.sapartners.site\/index.php\/tuote\/lukkorengaspihdit-85-200-mm-ulkopuoliset-taivutettu-90\/","title":{"rendered":"Lukkorengaspihdit 85-200 mm ulkopuoliset taivutettu 90\u00b0"},"content":{"rendered":"<p>K\u00e4rjet kest\u00e4v\u00e4\u00e4 kalibroitua pianolankaa. Suunnatut k\u00e4rjet, lukkorenkaat pysyv\u00e4t paremmin. Taotut py\u00e4lletyt kahvat takaavat hyv\u00e4n otten. DIN 5254, NF E 73-13<br \/>K\u00e4rjet 3,2 mm. lukkorenkaille 85-200 mm, pituus 290 mm, paino 395 g<\/p>\n","protected":false},"excerpt":{"rendered":"<p>Eritt\u00e4in laadukkaat ja tyk\u00e4tyt lukkorengaspihdit. Facomin taivutetut 90\u00b0 lukkorengaspihdit ulkopuolisille lukkorenkaille 85-200 pianolankak\u00e4rjill\u00e4.<\/p>\n","protected":false},"featured_media":11631,"template":"","meta":{"_et_pb_use_builder":"","_et_pb_old_content":"","_et_gb_content_width":""},"pwb-brand":[],"product_brand":[],"product_cat":[864],"product_tag":[],"class_list":{"0":"post-11632","1":"product","2":"type-product","3":"status-publish","4":"has-post-thumbnail","6":"product_cat-ulkopuoliset-lukkorengaspihdit","8":"first","9":"instock","10":"sale","11":"taxable","12":"shipping-taxable","13":"purchasable","14":"product-type-simple"},"brands":[],"_links":{"self":[{"href":"https:\/\/silikotek.sapartners.site\/index.php\/wp-json\/wp\/v2\/product\/11632","targetHints":{"allow":["GET"]}}],"collection":[{"href":"https:\/\/silikotek.sapartners.site\/index.php\/wp-json\/wp\/v2\/product"}],"about":[{"href":"https:\/\/silikotek.sapartners.site\/index.php\/wp-json\/wp\/v2\/types\/product"}],"wp:featuredmedia":[{"embeddable":true,"href":"https:\/\/silikotek.sapartners.site\/index.php\/wp-json\/wp\/v2\/media\/11631"}],"wp:attachment":[{"href":"https:\/\/silikotek.sapartners.site\/index.php\/wp-json\/wp\/v2\/media?parent=11632"}],"wp:term":[{"taxonomy":"pwb-brand","embeddable":true,"href":"https:\/\/silikotek.sapartners.site\/index.php\/wp-json\/wp\/v2\/pwb-brand?post=11632"},{"taxonomy":"product_brand","embeddable":true,"href":"https:\/\/silikotek.sapartners.site\/index.php\/wp-json\/wp\/v2\/product_brand?post=11632"},{"taxonomy":"product_cat","embeddable":true,"href":"https:\/\/silikotek.sapartners.site\/index.php\/wp-json\/wp\/v2\/product_cat?post=11632"},{"taxonomy":"product_tag","embeddable":true,"href":"https:\/\/silikotek.sapartners.site\/index.php\/wp-json\/wp\/v2\/product_tag?post=11632"}],"curies":[{"name":"wp","href":"https:\/\/api.w.org\/{rel}","templated":true}]}}