{"id":11630,"date":"2015-01-12T09:42:04","date_gmt":"2015-01-12T09:42:04","guid":{"rendered":"http:\/\/192.168.100.222\/target_carts\/wordpress\/wordpress495\/wordpress\/?product=lukkorengaspihdit-10-25-mm-ulkopuoliset-taivutettu-90"},"modified":"2015-01-13T08:16:04","modified_gmt":"2015-01-13T08:16:04","slug":"lukkorengaspihdit-10-25-mm-ulkopuoliset-taivutettu-90","status":"publish","type":"product","link":"https:\/\/silikotek.sapartners.site\/index.php\/tuote\/lukkorengaspihdit-10-25-mm-ulkopuoliset-taivutettu-90\/","title":{"rendered":"Lukkorengaspihdit 10-25 mm ulkopuoliset taivutettu 90\u00b0"},"content":{"rendered":"<p>K\u00e4rjet kest\u00e4v\u00e4\u00e4 kalibroitua pianolankaa. Suunnatut k\u00e4rjet, lukkorenkaat pysyv\u00e4t paremmin. Leukoja aukipit\u00e4v\u00e4 jousi mahdollistaa pehme\u00e4n otteen. Taotut py\u00e4lletyt kahvat takaavat hyv\u00e4n otten. Lukkorenkaille 10-25 mm.\u00a0 DIN 5254, NF E 73-13<br \/><img decoding=\"async\" src=\"data:image\/png;base64,iVBORw0KGgoAAAANSUhEUgAAAQkAAABtCAIAAAA9GAPLAAAP2klEQVR4nO2dX2gc1R7Hz8NIGmsIRaKEQiLrg4SV1d5QH5KISIoJFiluTIQGem3A8TYPqd0NNbagJYoXGxqzvbglQoSFZsG0khpilhJlE2LdqicJV9yEZrtCWxJCH+SiDwn0offh7M6emTmze2bmzObU\/j4MJXt25nd+v3N+3znnzJ8tug8AAAu00w4AgKSANgCADWgDANiANgCADWgDANiANgCADWgDANiANgCADWgDANiANgCADWgDANiANgCADWgDANgYtYE54N+z\/Hjqm8yBi0KSGMvQj6CNB8a4JEgSI2hDPA+ENjY2NoLBYG1tbX19fUtLi3uDApGkc0Eb4mH6Fo\/Ho9FoNBr95ptvhBt3wPj4uKqqqqoihEKh0OnTp93bFIUknVvEjS+\/\/NLHRzqdLmIctIExxqdOnUIIIYQuX76MMd7c3Ozt7X3zzTcPHjz4Tw7i8XgR43ZJJBJ+v7+xsXFoaGhoaIgMIENDQy7NikKSzi3iht\/vTyQSdEk2m\/X5fIbdQqFQb29vEeOgDYwxXl9f37t374EDB8hHVVXj8fjm5mZfX5\/VqYXfuC3Gx8erqqpUVd3Y2CAl29vbo6OjVVVVoVBoe3vbjXEhSNK5Vm7Mzs4ihDo7O+lCszbu3btXW1v72GOP\/fXXX1bGQRs5otHo\/Pw8xvjGjRvBYJAU3rx589SpU+6Nc3Lr1i2EkKqq5q\/Gx8cRQpcuXXJsXBSSdK6VG52dnY2Njbt27bp7965WaNbGxMSEoih+v390dNTK+MOujcHBwS49L7300nPPPdfV1fX1119jjI8fP+7YuF2GhoYQQtqIYSAYDLa1tTk2LgpJOpfpxsbGxq5du9bW1mpqas6dO6eVm7XR3t7e2dkZi8X8fr+V8YdaG1evXv3www87OjrW19fNe3Z1dWGMe3p6Njc3HRh3QH19fXd3t9W34+PjtbW1jo2LQh9jJIgQCkYE1zEZDhCbk+EAQoHwZCk3cpw5c+a1117DGIdCITrpDdq4ffu2oiiJRGJra2vPnj3Xr19nGn+otTE4ODg\/P3\/27NmrV6+a9ySLjZMnTy4uLjow7gCE0CeffGL1bSKRqKqqcmxcFN5rYzIcyNu0ow2yhJiamsIYr62tIYS0pDdo48yZM9rH3t7eI0eOMI0\/1NogeR+NRr\/99lvznuTbcmqjsrKyyLhx6dIlnTZICgWD5AobCoTDhT8nuXZwBJc2IvmatC9JlgeDAV0pKUYo72cwohUgFAhPkqMCAb0tsxsYYzwxMeHz+e7du0c+tre3a0lv0EZdXZ0240qn04bFCZZKG4sYL6+sLK+spNJpW38sYqxtnNC+xWKxWCzW09PDvBjV3d29ubnZ09Nz8+ZNB8YdEAqFEEIrKyvMb1taWhobGwufSRYFI9qfJOMLZ92SOziitDboCiLBXLVGZwLhSd3RRE2F76lxw3gUww2MMT5w4MCnn36qfZyYmNAuQ9HaSCQSBjG0tLTQixMsmzay09MOtptzc8srK461sb6+3tbWtnfv3i4W4XAYY3z48GH+QFxqI5FIIIS6u7vN12pHR0cRQrqbgMYUNE1DSu7giJLaoM781OmerjUvGJ1KC5Ys5lSazBhu4LW1NUVR6MsYZIpFLkPR2ujs7DT0KRlwzDFKoY3lZDL5qO\/ak89ee\/JZW3+knn5h9WKcyIMTK9+uXbtGxof5+fm+vj5SuL6+bp6MOjDOyfb2dmtrK5lg3Lp1ixT+8ccfRBi1tbW6IYV5ei6mDdMOjuDThsm+x9ro6+sz3NPAGL\/33ntkpNW0cffuXUVRkskkvdvW1lZNTQ19u1A6bXxf8ZSDLf3GW0K00dzcrN0lfeWVV27cuIExHhwctPUUiUttYIy3t7e1FUJra2tra2ttbS1CyO\/3G+dasmqDrsAwwTNmOd+cqqQ2yOUmw71wjPHvv\/+OEKInzOfOnWNetA2FQq+\/\/rohRim0sZRKrZ4YWB38t+V2YuDak88SMSy\/fGj1xMCv6vFU3T++r3gq+ahv9WLcpTbGxsYQQoqikGX3Tz\/99Oqrr6qqWl9ff5IDTT\/utYHzA0VjY2NlZWVlZaXf7w+FQoxFiDzaoKDyWL\/st8hy01qcOlpbi5fSxtjY2DPPPMP0tr29nX4wxO\/3f\/755+bdyJTs9u3btHEptLGI8VIqlZ2eXk4mmf9mhs9rwkil0z9mMkt37qxejBN5\/NzQ\/GMmw1kX07fTp0+TNUY0GiUl6+vri9xoi3Uh2pAcr2LUp74tNxobG5E1e\/bs2drawhgvLCwU2Y1ezkmkjeWVlf998AHJ\/uSjPrIZ\/ibb6sW4dnkqlU7\/qh7PlZ8ddtCmwgFt2EO\/bLc1lpWhH6XQxiLGy8kkGQSKb9npae2ibSqdXj0xkNPGiQFbYfP7ZgvQxt\/DDcm0sbKyejG+enY4M3zevGka+O+Rfy3duZNKp1Pp9FIqReSUevoF92txITCNZ7PZ8fHxgYGBd999d3h4OJVKkXKr+xiSA9ootzbIOLCcTK5ejDM3bS2efuOt3y58sXp2+OeGZlLy24UvUtxPkpdZG7FYzOfzKYqyb9++F198sa6uTlGUrq6usbGxmpqaH374wSNPvAO0sQPaWMR49WKcLDMM\/xbZll8+5Pjen3AMxi9cuKAoytGjR3\/55Ret8Kuvvqqrq0MIHT161CM3PAW0sTPaSKXTyy8f4ryzQZbp2urcVtj8vtmCNp5KpXbv3v3+++8b9rl8+fLu3burq6sPHjzokRueAtrYGW2QFP\/twhc8W+Y\/F+jLVrbC5vfNFrTxw4cPNzQ0GHYgwnj77benp6cRQt99951HnngHaKOs2ignZdOGz+f76KOP6G81YZCPDQ0N\/f39HnniHbwN6PFjwqAN8TB8E9eLtHGEEHlzkGAQBsb40KFD2su3XLh8gFYQtrTh3WPC\/DnGvPXOYxy0IbIXaeMVFRWxWIz8bRYGxritrY28WvhgYUsb3j0mzOsG+5EtLuOgDZG9SBvfv38\/EQNTGNls9vHHH9dNujiHL+15b9N7QsXgGPoMz0AVTgj6OJ1qQ\/DjXpxuWDzqy2UctCGyF2njn332WXV1dTQaNQsDY\/zxxx9XVFTQ13Y5hy8tWZlv\/FhS0ngkmCsqBJj70vCgE2gDtOFWG9lsdt++fQgh8xsg5L6HcSHOP3xZP51qCc\/QRz3dRL\/IWiRGOzXujDZgTmWDsmmDTKWeeOKJ6urq\/v7+K1euJJPJWCzW0dGBEDp27JjRM343imqjkOF0cSnjzPdUtWkWnU+SdC6\/G7AW58VT3wzaOHbsWDabJb9qQbpHUZT9+\/dra3QdgrTBppRxTRHU5Cu3n2EmIknnOnGD+zF40EZZjS8tLS0sLKytrVkevKPaMJxddZKg5FI8xnLC64ajx+BBGw+YcUmQJMYy9CNo44ExLgmSxAjaEA9owyWSxAjaEA9owyWSxAjaEA9owyWSxCijNgAAIIA2AICNURsIAP7ugDYAgA1oAwDYgDYAgI1DbQAAQABtAAAbuPcni3FJkCTGMvQjaOOBMS4JksQI2hAPaMMlksQI2hAPaMMlksQI2hAPaMMlksQI2hAPaMMlksT499LGZH8CdSzoPipT6JGpfOH18PNT6BF6m43Qu2nb83PG\/5\/XaMq2bznyv6vBfK248Oax5U9ViOywwk+p2fyZz8lwQHdI0aDsYztGoz\/MUttOFnODowX0r5Eb3SuvNiId+tw9P4uU2QjGRBKB\/usGE5GOXKFBUQxKmSrpW45Ci7J6MxKkf9PJoguFaYPygJ1aVuTSQDugeFBOsBej0R\/KrUKpEyct3eBrgUiwWD3l08ZCUJlCz89FqCyf7E8Ukvj8rHEooEpKaqOEqRK+UVDNZe6iyXCgoAftNwD5jbuAO18iQYRQIByh9y8alCP4Y2T5k\/ckEAwyE5XbSaYb3C2g604r4+XQRo5JXm1cDz8\/FTzPOIqJKG0Uz\/6d04btlKYP4HPbFrZjNAZAfNKPjPadLOZG6RbQ\/bfo5tbdUW0YJkK6hNbnt3m9YZw1FTHF7Rs2dIq5h\/RzqvJog\/WTm3xHUWdkybSRz1Wq1JGTvNpgGtdNixljyM5qo5D0ifD5uQCV0NpKg3kUuy0sTPH7hjnOXvnlWyAcsRqRBWvDwpkSq3SZx42CPzs7bugwrz12WhsFzs9S5QtBJRG+wnEUE50pG75hbGfWa7mQ80YbJRaORiZlWW+Y\/dFfHdLGRGHrDXONPMZl00Zh4qRbXeArxhM\/13Uqpik7vmFMD7QW16nMZzx+4zZxMxfS+Vc8KCe40YZFqRMnubXBMq5r0clwYGev4WJTlueu6hrWD6bFNOP+hnbfI2+NbcqOb3mfjBfCDTPXUtfghWlDd4p1sd7AGO5vlLq\/waiy7NqQA7u+RYI2TrYyBy4KSWL01A3QBg+T4bCNeYjMgYtCkhhBG+IpQ5t6ZFwSJIkRtCEe0IZLJIkRtCEe0IZLJIkRtCEe0IZLJIkRtCEe0IZLJIlRRm0AAEAAbQAAG9AGALABbQAAG9AGALABbQAAG9AGALABbQAAG3HayETm0Dsbuo\/kxYxc4Z8jzYb3NBZn6N20rXktw2F\/5p38\/lQhl58jTUidMZfPqPkn\/lnfCsToQL7iphFm3BYWjL5SZd6HYHTGXJ2h1H6MNmpkGBfSGoK0kctULU0Ti0hZnLl\/n0iiKfKneX9SaMh4TvvUUX+ONE+pCW4\/VXZjUc1tpR0xGB0o1MZd74yqZUFmpCn\/94xaTkFQvrDak6RmvtRBjPw1so0LaQ0B2thQlSnUvDZDZXkmMlfQQ2LROBRQJRzaYNin4VRXrlWbRmZK9Y9n4mA5QHUiZ736bs9\/yow0CTkn28CyPTMjTU2qykxUd23L3YBiWsObOVVRbejO9NyZbbWnvXHjfunu8XbcMFSg60RqQOBFO6QwIyzvjMrcXiQk\/UDsKsaiNbKNi2kNj9Yb+jmVTht6qZjXG+YJGMM+fazF+sTST+vcz81SPT4BG8Z+53lDzaioP8s9hujbM183VeoqxlI1Mo0Lag3P1+JzI4m1Jip9tZUG8yh++wXMc7bidkqOCyL6j9OBoufUolcHZlRrEZd17cEOZ2fHDR2OW8MzbRRILFLlG6oyR7svQBv3N9TcGMXnZ+k5k7e5lXG33sjtWWzXndKG\/uqQNgQLW2+Ya+QxLps2Cudy\/XogoxtDjEdx29cNPiLGDeHjPq8DheGfN22YwtC5nBlpkuoarv0YbdTIMi6oNTwbN7T7D7r1gymPGfc3tPse5tVFoYS6W+JivcE+55VxvXH\/vt1r\/+Zzc+EKZnn8Zzgk8\/0N51U+7PfFZ9QduCsAPBA85NrIjIyANAA2D7k2AMAS0AYAsAFtAAAb0AYAsAFtAAAb0AYAsAFtAAAb+M1PWYxLgiQxlqEfS\/J\/ybazVELQyXIAAAAASUVORK5CYII=\" alt=\"\" \/><\/p>\n","protected":false},"excerpt":{"rendered":"<p>Eritt\u00e4in laadukkaat ja tyk\u00e4tyt lukkorengaspihdit. Facomin taivutetut 90\u00b0 lukkorengaspihdit ulkopuolisille lukkorenkaille pianolankak\u00e4rjill\u00e4.<\/p>\n","protected":false},"featured_media":11629,"template":"","meta":{"_et_pb_use_builder":"","_et_pb_old_content":"","_et_gb_content_width":""},"pwb-brand":[],"product_brand":[],"product_cat":[864],"product_tag":[],"class_list":{"0":"post-11630","1":"product","2":"type-product","3":"status-publish","4":"has-post-thumbnail","6":"product_cat-ulkopuoliset-lukkorengaspihdit","8":"first","9":"instock","10":"sale","11":"taxable","12":"shipping-taxable","13":"purchasable","14":"product-type-simple"},"brands":[],"_links":{"self":[{"href":"https:\/\/silikotek.sapartners.site\/index.php\/wp-json\/wp\/v2\/product\/11630","targetHints":{"allow":["GET"]}}],"collection":[{"href":"https:\/\/silikotek.sapartners.site\/index.php\/wp-json\/wp\/v2\/product"}],"about":[{"href":"https:\/\/silikotek.sapartners.site\/index.php\/wp-json\/wp\/v2\/types\/product"}],"wp:featuredmedia":[{"embeddable":true,"href":"https:\/\/silikotek.sapartners.site\/index.php\/wp-json\/wp\/v2\/media\/11629"}],"wp:attachment":[{"href":"https:\/\/silikotek.sapartners.site\/index.php\/wp-json\/wp\/v2\/media?parent=11630"}],"wp:term":[{"taxonomy":"pwb-brand","embeddable":true,"href":"https:\/\/silikotek.sapartners.site\/index.php\/wp-json\/wp\/v2\/pwb-brand?post=11630"},{"taxonomy":"product_brand","embeddable":true,"href":"https:\/\/silikotek.sapartners.site\/index.php\/wp-json\/wp\/v2\/product_brand?post=11630"},{"taxonomy":"product_cat","embeddable":true,"href":"https:\/\/silikotek.sapartners.site\/index.php\/wp-json\/wp\/v2\/product_cat?post=11630"},{"taxonomy":"product_tag","embeddable":true,"href":"https:\/\/silikotek.sapartners.site\/index.php\/wp-json\/wp\/v2\/product_tag?post=11630"}],"curies":[{"name":"wp","href":"https:\/\/api.w.org\/{rel}","templated":true}]}}