{"id":11628,"date":"2015-01-12T08:59:59","date_gmt":"2015-01-12T08:59:59","guid":{"rendered":"http:\/\/192.168.100.222\/target_carts\/wordpress\/wordpress495\/wordpress\/?product=lukkorengaspihdit-3-10-mm-ulkopuoliset-taivutettu-90"},"modified":"2015-01-13T08:23:58","modified_gmt":"2015-01-13T08:23:58","slug":"lukkorengaspihdit-3-10-mm-ulkopuoliset-taivutettu-90","status":"publish","type":"product","link":"https:\/\/silikotek.sapartners.site\/index.php\/tuote\/lukkorengaspihdit-3-10-mm-ulkopuoliset-taivutettu-90\/","title":{"rendered":"Lukkorengaspihdit 3-10 mm ulkopuoliset taivutettu 90\u00b0"},"content":{"rendered":"<p>K\u00e4rjet kest\u00e4v\u00e4\u00e4 kalibroitua pianolankaa. Suunnatut k\u00e4rjet, lukkorenkaat pysyv\u00e4t paremmin. Leukoja aukipit\u00e4v\u00e4 jousi mahdollistaa pehme\u00e4n otteen. Taotut py\u00e4lletyt kahvat takaavat hyv\u00e4n otten. DIN 5254, NF E 73-13<br \/><img decoding=\"async\" src=\"data:image\/png;base64,iVBORw0KGgoAAAANSUhEUgAAAQEAAABMCAIAAADiP5WsAAAM+0lEQVR4nO2dX2gT2R7Hz8MstdZSRKqEQrtkH6REom5wX6yIVGxRRJxuK1jwrgXDtQ9Vk6JVYZUqXrRYSS+mVKgQaAJWJVoqQeoSS+1G19OWu5gE20ZQSSk+yAUfWvDh3ofTTs78S878S47mfBlKcmbmN7\/fnN9nzp+ZScH\/mJiKW6DQDjAxFViMAaZiF2OAqdjFGGAqdmUYgAQi3zL\/stQ3mgM3S5TEmId6ZAxQZ5wSURIjY0C\/vgkGFhYWeJ632Ww1NTV1dXXGDZooSiqXMaBfir6FQiG\/3+\/3+x8\/fmy6cR0KBoNut9vtdgMAPB7PxYsXjds0S5RUbhY37t69aydTPB7PYry4GLhw4QIAAADw4MEDCOHi4mJ7e\/uRI0cOHDjwDwKFQqEsxrUqEok4HA6Xy9XT09PT04MahJ6eHoNmzRIllZvFDYfDEYlE8JJUKmW32yWbeTye9vb2LMaLi4F0Ol1VVbV371701e12h0KhxcXFjo4OtUsFuXFNCgaD5eXlbrd7YWEBlSwvLw8MDJSXl3s8nuXlZSPGTREllavmxtjYGACgubkZL5Qz8PXrV5vNtm7dui9fvqgZLy4GIIR+v398fBxC+PbtW57nUeH8\/PyFCxeMGyfU+\/fvAQBut1u+KhgMAgDu37+v27hZoqRy1dxobm52uVxr1qz59OmTUChnYHh4mOM4h8MxMDCgZrxYGOju7m4Ra\/fu3Vu3bm1paXn48CGE8NSpU7qNa1VPTw8AQGgBJOJ5vqGhQbdxs0RJ5Sq6sbCwsGbNmtnZ2crKyps3bwrlcgYaGxubm5sDgYDD4VAzXhQMPH369NKlS01NTel0Wr5lS0sLhLCtrW1xcVGHcR2qqalpbW1VWxsMBm02m27jZkkco48HAPA+k48R9jqRzbDXCYDTG87lxoouX7588OBBCKHH48GTW8LAhw8fOI6LRCJLS0vr169\/+fKlovGiYKC7u3t8fPzGjRtPnz6Vb4kGA2fPnp2amtJhXIcAANeuXVNbG4lEysvLdRs3S9YzEPY6V21qYQB18UdGRiCEs7OzAAAhuSUMXL58Wfja3t5+7NgxReNFwQDKb7\/f\/+TJE\/mWaG0+GSgtLc3SDty\/f1\/EAEoVnkczWsDp9WY+hok20CUiBnyrRxJWomzmeaeoFBUDsOon7xMKAHB6w2gvp1NsS+4GhBAODw\/b7favX7+ir42NjUJySxiorq4WekrxeFwyeIAFYWAKwplEYiaRiMXjmj5MQSgshMJ9CwQCgUCgra1NcfKntbV1cXGxra1tfn5eh3Ed8ng8AIBEIqG4tq6uzuVyZb6jbOF9wkeU2ZmraM4NdCk3A\/gBfPzKYaXOOL1h0d6Imsx6rB2Q7qXgBoQQ7t279\/r168LX4eFhYdoHZyASiUiSvq6uDh88wEIxkBod1bHMP38+k0joZiCdTjc0NFRVVbUoyev1QgiPHj1KHohBBiKRCACgtbVVPgc6MDAAABDdLJOmmqz7kHMDXcrJAHYlxy7f+FFXwRDRmLGk0hcScFJwA87OznIch08noK4RmvbBGWhubpbUKWpA5DHmlYGZaDS61j65acvkpi2aPsR++iU5FEIYEErNt8nJSXS9Hx8f7+joQIXpdFreWdRhnFDLy8v19fWoY\/D+\/XtU+PnzZwSAzWYTNRGKl9tsDMg20CUyBmT2LWago6NDck8AQnju3DnUcgoMfPr0ieO4aDSKb7a0tFRZWYnfVisYA3+U\/Khjif\/6mykM7Ny5U7hruG\/fvrdv30IIu7u7NT09YZABCOHy8rLQg6+vr6+vr7fZbAAAh8Mh7SPRygB+AEnHTJrNZH2hnAyg6R3JvWEI4bt37wAAeEf35s2bipOhHo\/n8OHDkhjzysB0LJY805Xs\/pfqcqZrctMWlPQzew4lz3T97T4Vq\/75j5Ifo2vtyaGQQQYGBwcBABzHoeHvq1ev9u\/f73a7a2pqzhJI4MQ4A3D1wu9yuUpLS0tLSx0Oh8fjURgk0MMAJixfxcNvlWyWjYmxvYUxcS4GBgcHN2\/erOhtY2Mj\/kCEw+G4ffu2fDPUlfrw4QNuPK8MTEE4HYulRkdnolHFv3O9fQIAsXj8z7m56Y8fk0MhhMFftTv\/nJsjPJaibxcvXkRjAL\/fj0rS6fQUsYRBsykMUC6rYhSnuCY3XC4XUNf69euXlpYghBMTE1k2w4dbBWBgJpH47++\/oyyPrrWjRfIZLcmhkDAdFIvH\/3afWim\/0avj3JkuxoA2iYfPmtqmPNRjvtuBmWgUXdSzL6nRUWEyNBaPJ890rTBwpktTeOS+aRJj4Ptwo0AMJBLJoVDyRu9cb598EXL9P8f+Of3xYywej8Xj07EYwib20y\/Gx8SmSNF4KpUKBoNdXV2nT5\/u7e2NxWKoXO0+AOViDFjFALquz0SjyaGQ4iKMieO\/\/vam\/07yRu9ftTtRyZv+OzHiJ5zzzEAgELDb7RzHbd++fdeuXdXV1RzHtbS0DA4OVlZWvnjxwiJPrBNjwEIGpiBMDoXQMEDyN8sys+eQ7ntkpktivL+\/n+O448ePv379Wii8d+9edXU1AOD48eMWuWGpGAPWMhCLx2f2HCK8M4CGy8IoWVN45L5pEm48FouVlZWdP39ess2DBw\/KysoqKioOHDhgkRuWijFgLQMold\/03yFZ5v7dj08TaQqP3DdNwo0fPXq0trZWsgEC4MSJE6OjowCAZ8+eWeSJdWIMfFfPjVpq3G63X7lyBV8rAIC+1tbWdnZ2WuSJdSI9gRY\/1soY0C8F38yrLdw4AAC9iYYkAQBCeOjQIeGlTSIZfODTJGliwLrHWslzTPFWNInxomPAlNrCjZeUlAQCAfRZDgCEsKGhAb2q9m1JWztg2WOtpG4oP5JEZLzoGDCltnDjO3bsQEmvCEAqldqwYYOos0TYHAnPIcveR8kmgqZM8oxPBnxxnHoZMPlxJkI3VB5NJTJezAzory3c+K1btyoqKvx+vxwACOHVq1dLSkrwOVPC5khISsU3S1SV07iPXynKBLiyUvIgD2OAMUDKQCqV2r59OwBA\/gYCum8gHRCTN0fqT1OqiqQpw57ewV+AzBKjliMWhgHWF1JQ3hhAXaCNGzdWVFR0dnY+evQoGo0GAoGmpiYAwMmTJ6WekbuRlYFMJuPFuYwrvt8odI\/wvKGkcsndYGNiqSz1TcLAyZMnU6kU+hUDVA0cx+3YsUMYK4tkEgPKymVcyHys07SynaQHQUnl6nGD+PFsxoAlxqenpycmJmZnZ1V3LigDkqulKPUxLLLHmE+RuqHr8WzGAKXGKRElMeahHhkD1BmnRJTEyBjQL8aAQVESI2NAvxgDBkVJjIwB\/WIMGBQlMRaSASam4hRjgKnYlWEAMDF972IMMBW7GANMxS7GAFOxKwcDTEzFKcYAU7GL3SMrvHFKREmMeahHxgB1xikRJTEyBvSLMWBQlMTIGNAvxoBBURIjY0C\/GAMGRUmMjAH9YgwYFCUxfpsMhDsjoGlC9JUbAT+MrBa+9G4bAT\/gy5gP30xYtj2X\/t9PqSnNvq1o9XcUFF87zbyZqvrTBGZWTOYnrzT+vGLY6xTtkjUo7dIco9QfxVLNTmZzg+AMiF8zlrpnDQO+JnGO9o0BbswHIUp9Z+dLiQlf00qhhBwF5TKV07cVZc6cUq35ePw3eVSqyjQGMA+UU0hNK9Ut7JA9KD3SFqPUH8ytTKkeJ1XdIDsDPj7bccxnYILnRsC25z4sm8OdkUyy9o1JL+1YSU4GcpjK4Rsm7LTIqyLsdWbyXvhNNnLjBkScFz4eAOD0+vDtswalS+QxKvmz6omT5xUTkthJRTeIz4CoOtWMm90OQHE2Z03cl95tI3yfwl6KMouB7FleOAY0py6+A5nbmqQ5RmkAyCdxS6fdyWxu5D4Don+rLD+7eWFA0oERJa44j+XjAWlvJ4spYt+g5OTLa0LcF8oPA0o\/dUi2F3aFpYyB1ZzESnU5ScqAonFRd1ahTcgPA5nkjnj7njuxxBVGAop7KcesYorcN0hwNVodRjm9PrWW1Ip2QO5MjtEyze1Axp\/CtgMiyccG+WIgo74xrHyC5yLeRwR7KUpkSoNvEGrplaoOqKxhIMcATqowLeMBuT\/i2RihjTNtPCA\/IonxQjGQ6fCIev\/wkfRCTjQvpGhKi28Q4g2kyryQ\/ApGblyjjPRhRP5lD0qPDLUDyqV6nCRmQMm46IyGvc78zI1CWTavzJZK+veyQa3C\/QHhvsGqNWVTWnxb9Uk6kSzpWeaawzaxHcAumQbGAxCy+wO57g8oHNIyBuiQVt98vIaLJ82BmyVKYrTUDcYArrDXq6H\/QHPgZomSGBkD+pWHc2eRcUpESYyMAf1iDBgUJTEyBvSLMWBQlMTIGNAvxoBBURIjY0C\/GAMGRUmMhWSAiak4xRhgKnYxBpiKXf8Hk914ojgUCnsAAAAASUVORK5CYII=\" alt=\"\" \/><\/p>\n","protected":false},"excerpt":{"rendered":"<p>Eritt\u00e4in laadukkaat ja tyk\u00e4tyt lukkorengaspihdit. Facomin taivutetut 90\u00b0 lukkorengaspihdit ulkopuolisille lukkorenkaille pianolankak\u00e4rjill\u00e4.<\/p>\n","protected":false},"featured_media":11627,"template":"","meta":{"_et_pb_use_builder":"","_et_pb_old_content":"","_et_gb_content_width":""},"pwb-brand":[],"product_brand":[],"product_cat":[864],"product_tag":[],"class_list":{"0":"post-11628","1":"product","2":"type-product","3":"status-publish","4":"has-post-thumbnail","6":"product_cat-ulkopuoliset-lukkorengaspihdit","8":"first","9":"instock","10":"sale","11":"taxable","12":"shipping-taxable","13":"purchasable","14":"product-type-simple"},"brands":[],"_links":{"self":[{"href":"https:\/\/silikotek.sapartners.site\/index.php\/wp-json\/wp\/v2\/product\/11628","targetHints":{"allow":["GET"]}}],"collection":[{"href":"https:\/\/silikotek.sapartners.site\/index.php\/wp-json\/wp\/v2\/product"}],"about":[{"href":"https:\/\/silikotek.sapartners.site\/index.php\/wp-json\/wp\/v2\/types\/product"}],"wp:featuredmedia":[{"embeddable":true,"href":"https:\/\/silikotek.sapartners.site\/index.php\/wp-json\/wp\/v2\/media\/11627"}],"wp:attachment":[{"href":"https:\/\/silikotek.sapartners.site\/index.php\/wp-json\/wp\/v2\/media?parent=11628"}],"wp:term":[{"taxonomy":"pwb-brand","embeddable":true,"href":"https:\/\/silikotek.sapartners.site\/index.php\/wp-json\/wp\/v2\/pwb-brand?post=11628"},{"taxonomy":"product_brand","embeddable":true,"href":"https:\/\/silikotek.sapartners.site\/index.php\/wp-json\/wp\/v2\/product_brand?post=11628"},{"taxonomy":"product_cat","embeddable":true,"href":"https:\/\/silikotek.sapartners.site\/index.php\/wp-json\/wp\/v2\/product_cat?post=11628"},{"taxonomy":"product_tag","embeddable":true,"href":"https:\/\/silikotek.sapartners.site\/index.php\/wp-json\/wp\/v2\/product_tag?post=11628"}],"curies":[{"name":"wp","href":"https:\/\/api.w.org\/{rel}","templated":true}]}}