{"id":11626,"date":"2015-01-12T08:35:21","date_gmt":"2015-01-12T08:35:21","guid":{"rendered":"http:\/\/192.168.100.222\/target_carts\/wordpress\/wordpress495\/wordpress\/?product=suuritehoiset-lukkorengaspihdit-85-200-mm-ulkopuoliset-suorat"},"modified":"2015-01-13T08:26:43","modified_gmt":"2015-01-13T08:26:43","slug":"suuritehoiset-lukkorengaspihdit-85-200-mm-ulkopuoliset-suorat","status":"publish","type":"product","link":"https:\/\/silikotek.sapartners.site\/index.php\/tuote\/suuritehoiset-lukkorengaspihdit-85-200-mm-ulkopuoliset-suorat\/","title":{"rendered":"Suuritehoiset lukkorengaspihdit 85-200 mm ulkopuoliset suorat"},"content":{"rendered":"<p><img decoding=\"async\" src=\"data:image\/png;base64,iVBORw0KGgoAAAANSUhEUgAAAUsAAABUCAIAAACEIoIzAAAPaUlEQVR4nO2dYUhb1x7Az4f7sM6JlOKKdOhIP2ySkdoXui86tmGpMhllcWZQoW8VFl79oGsizrXQFTf6mKGO+FiKBQeBGqhtiSuOUFxJg+tSu6PyxqLUmoEtSuiH8WAfFPrhvQ\/H3Jx777k3997kJifh\/yOInlz\/9\/+\/ub97zj33JkH\/AwCgckGlTgAAAAsBwwGgkgHDAaCSAcMBoJIBwwGgkgHDAaCSAcMBoJIBwwGgkgHDAaCSAcMBoJIBwwGgkgHDAaCSAcMBoJIBwwGgkgHDAaCSkRuOdaB\/SevgIQfrsLS6yt50BE5qLMLrCIaXJWB4nnBSIxhuHh5ysI6yMHx7e9vlcjU0NDQ1NbW1teUfsIBwsnuA4ebhIQfrYFYXDoeDwWAwGPzhhx8KHtwE09PTHo\/H4\/EghLxe74ULF\/KPWSg42T000vj+++9t+kgmkxrBwfCyhFnd+fPnEUIIoVu3bmGM0+l0f3\/\/xx9\/3NXV9Q8dhMNhjeBGiUajdrvd6XT6\/X6\/3086c7\/fn2fYQsHJ7qGRht1uj0ajdEsqlbLZbLLFvF5vf3+\/RnAwvCxhVre1tXXo0KHjx4+TPz0eTzgcTqfTAwMDaod5\/cENMT09XVtb6\/F4tre3Scvu7u7k5GRtba3X693d3c0neEHgZPdQS2N+fh4h1NPTQzcqDX\/x4kVDQ8PLL7\/8119\/qQUHw8sSteqCwWA8HscYP3782OVykcaNjY3z58\/nH1wnm5ubCCGPx6N8anp6GiF08+ZN08ELBSe7h1oaPT09Tqdz3759z58\/FxuVhs\/MzAiCYLfbJycn1YKD4WWJrLrR0VG3lHfeeefIkSNut\/v27dsY48HBQdPBjeL3+xFCYu8tw+VydXR0mA5eKDjZPZhpbG9v79u3b319vb6+\/sqVK2K70vDOzs6enp5QKGS329WCg+FlCV3d3bt3v\/zyy+7u7q2tLeWSbrcbY9zX15dOp00EN0FTU1Nvb6\/as9PT0w0NDaaDFwppjQEXQsgVKPA6Ij4HiRnxORBy+CK50tjj0qVLH3zwAcbY6\/XS6soMf\/r0qSAI0Wh0Z2dn\/\/79Dx8+ZAYHw8sSurrR0dF4PD42Nnb37l3lkuQkfHh4eGlpyURwEyCELl++rPZsNBqtra01HbxQWG94xOfIxDRiODm1vnPnDsZ4fX0dISSqKzP80qVL4p\/9\/f2nT59mBgfDyxK6OmJvMBj88ccflUuSZ4tpeHV1tUYffvPmTYnhRASXi1wFQA6fL\/trRNcCptBleCCzJvFJ4qrL5ZC0kmaEMnm6AmIDQg5fhPyXwyGNpUwDY4xnZmZsNtuLFy\/In52dnaK6MsMbGxvFMXwymZSdtOOSG76E8crq6srqaiKZNPTLEsbiI88cyhe6ulAoFAqF+vr6mBPmvb296XS6r69vY2PDRHATeL1ehNDq6irz2ba2NqfTmf2buOAKiL8Sb7M9YM4FTJHbcHoFAdfeauXJOHwRyX+TY0L2eaoPl\/8XIw2MMT5+\/Pg333wj\/jkzMyNOldOGR6NRmdJtbW30STvmwfDU3JyJx8b9+yurq2C4WN3W1lZHR8ehQ4fcLHw+H8b41KlT5oKbIBqNIoR6e3uVV8UmJycRQpJbX+QiKQa2ORcwRU7DqV6Y6nrptWa0lxxrspFURuniwYKRBl5fXxcEgZ6kJIN2MlVOG97T0yN7TUnnr6yxZIavxGKxl2wPDr754OCbhn5JHH5r7XqYSJ5nDuWLWnUPHjwgfXU8Hh8YGCCNW1tbypM0E8F1sru7297eToasm5ubpPHPP\/8kejc0NEi6d2ZXqWW4YgFT6DNcEd9iwwcGBmTXwDHGn3\/+ORn1iIY\/f\/5cEIRYLEYvtrOzU19fT98kw4Xh96peM\/FIfvQJGM6srrW1VbzD6cSJE48fP8YYj46OGrqPNf9Nt7u7K545t7e3t7e3NzQ0IITsdrt89M6r4fQKZKcMclf1jdJzGk6mxGX3sWGM\/\/jjD4QQfQp25coV5uUxr9f74YcfymosmeHLicTauZG10X+pPs6NPDj4JlF65b2Ta+dGfvMMJhr\/fq\/qtdhLtrXr4SIarhyyKY\/eRYVZ3dTUFEJIEAQyqba4uPj+++97PJ6mpqZhHYhHgYJsOtJpO53O6urq6upqu93u9XoZJ+f8GC57cSXNmRWpuKqYaaP+W5xpy2X41NTU66+\/zsy2s7OTvjXVbrd\/9913ysXIIP\/p06d08JIZvoTxciKRmptbicWYP5+MT4h6J5LJX548WX72bO16mEj+qLn1lydP8szBMNKXp4Qwq7tw4QI59w4Gg6Rla2trSTfiVJwlm44zrKrR4B5Cp+F0OuXdCMX+\/ft3dnYwxgsLCxqL0dMcJTZ8ZXX1vxcvEodjL9nIQ\/Y7eaxdD4tT6Ilk8jfP4F772HieORhG9vqJ3Yv0io64BN31F7art1RCMNwY0hGeoR6gCK9jyQxfwnglFiMdsvYjNTcnXh5LJJNr50b2DD83kmcOhtE0nB6cyeZdC973g+F5wkmNlW746ura9fDa2PiT8QnlQzT5P6f\/ufzsWSKZTCSTy4kEOSgkDr9Vgpk27T48IFsoe2wv+Ll68Q1PpVLT09MjIyOfffbZ+Ph4IpEg7WrXvTkHDC+G4aRPXonF1q6HmQ9xpi350Se\/X722Njb+qLmVtPx+9VpC8x2RHBie\/bPgmhfZ8FAoZLPZBEE4evTo22+\/3djYKAiC2+2empqqr6\/\/+eefLcrEOsDwIhm+hPHa9TA5\/Zb91HisvHeyNHe8aI\/SsyNy1bsjCkUxDb969aogCGfOnPn111\/Fxhs3bjQ2NiKEzpw5Y1EalgKGF8\/wRDK58t5JnVfCySScOPeWZw6GyWOmrbBT8EUzPJFI1NTUfPHFF7Jlbt26VVNTU1dX19XVZVEalgKGF89wIurvV6\/peTz591V6aj3PHApG0S+MF83wU6dONTc3yxYgen\/66adzc3MIoZ9++smiTKwDDLfccKsBwwsS3GazffXVV\/Szot7kz+bm5qGhIYsysQ69G9Dit76B4ebhIQfrYFRXuH2RDo4QIp8SQ5DpjTE+efKk+HFRuijdjYA0hgy37q1v+vdS5m1zeoKD4WWJmuEF2Rfp4FVVVaFQiPyu1Btj3NHRQT5GprwwZLh1b33Tmwb71nddwcHwskTN8ILsi3TwY8eOEaWZeqdSqQMHDkiG8TqHEuK1BsWnKWihYxgiu5c8e1iT1mnW8ALfNq8zDZW3r+kKDoaXJToMN78v0sG\/\/fbburq6YDCo1Btj\/PXXX1dVVdFX0XQOJWQ3Aup9G0nO4AGX4i7CvSdll0HAcDCca4pmeCqVOnr0KEJI+Q5zcp1cPs2mfyhh4n4BPcMQ6hIl\/dFLGjUaWWNpDIdROqc5WEfRDCeD81deeaWurm5oaGh2djYWi4VCoe7uboTQ2bNn5ZnpT0PT8KyndHOu4NmQdEeXGbjTVnCye+hPA2baeMzBOiytTmb42bNnU6kU+WRPspMJgnDs2DFxBk5CgQxnkyu49H5CceCOHL6IbGzLye5hJg3d90eC4WVM0QyXsby8vLCwsL6+rvrPJTVc1tNJxKbf\/8fN7qE3DVNvUAXDy5hSGV4xcFJjEV5HMLwsAcPzhJMawXDz8JCDdYDhecJJjWC4eXjIwTrA8DzhpEYw3Dw85GAdYHiecFIjj4YDAFBJgOEAUMnIDUcAAJQDYDgAVDJgOABUMmA4AFQyJg0HAKCSAMMBoJKBO154xNLqKnvTETipsQivIxheloDhecJJjWC4eQzlMDEx8W45MDg4aKI6SzddmcJJjWC4eQzl0NXVJQhCE99UVVU1NTWZqM7STVemcFIjGG4e\/Tlsbm4eOHCgpaXF6pTy5N133wXDCwUnNYLh5qFzuHHjxhtvvNHa2urxeMLhcDwe39jYwBhvbm7evn37yJEjCKGxsbGS5psbMLyAcFJjhRk+e98hzAcwxvihr+UO+hv9mA+wGyUEujNPdS+IjZGhKBKUy9M5DA8PI4QEQVC7N8Dn8xndfMVHr+HZ7wRgfSCn8sOGFZjc7bKRs4Glny+m77uM2BlmqpJ8RhmzURcGatTYnhGfQ9JoOB\/NNKTRWZtXe43FNpwILJcWYxzovuMYepizMTIUzYj90NdyxzWBMcZ4Yh613I+IC2R+Zxm+uLgYj8fD4fDo6KjH43G73adPn758+fLSkva3mPKCLsOpvUK++2FMfWMAeZq9J5oyPBuZDhxwGf2KMmaG2VKY9bEqzYHeGjW2555cYpOZfDTSkH5yJHPz5lhjcQ2PDEUd3fOZPpyCUjRHozQasT3QnVEdY4wXXNn4SsPLxWQ1DI\/SlS+7VDg1\/cwYHvE5socLMbCkVRfsDKnWbFHMRr2YrFHyEewOX4Ber5l8tI7UDpeLProwNm+ONRbT8Nn7jpb7kewoXYTqjXM06lhAclwAw3PtZlRvKcXM3s\/uZLIDXN1jdFZM+f6t3qgbEzUytifdZCoflTRILDo6a\/PmWmPxDH\/oa4n6Zunz8AzGO\/C9s27lArP3HULUN8vMQTT80aNHoVDo4sWLvb29brfb7XYPDg7Ozc3pKarkGDCc9T0+yiXUnjZlOGacE0pWYrQ\/lx4olLsys1E3xmpU255sBw3kw0wjs6VkhxTF5s21xmIZHhmK7p1RKwzXeQbOQHYUmJhHEr0xy\/Camhq1mbaurq50Oq2ntBJifC5dbT\/L8f0DZgyXnXyzOmzZSYHmhKA0Qz76cMZarOjDs3FkcwCKzctJH66cIRdVXHDJtVRrVJI95Y4MRZHy9F6Sw7Vr1w4ePNjR0eHz+cLh8OLiorjYvXv3Tpw4gRAaHh7WU1oJMXG1jHGmLfkaSzZm9n4dPZjeWTdGhnychytLiBT+PFx69SHTZ7M3L0fn4QRZH05OzpXLqAzRJX17pg9X0Vs9BwbpdPrVV189fPiwnoVLiC7DtU3TobdWcA2YnYxk\/RGfQ8dOz86QNavObtSL3hpzb0\/JXLrRfDTTyNWH51pjyQ3XdxIuu0i2NxDYW0bjErqh3TT7pfN8o6cPpzoB+rJT9vv6aAo2l47pYbdEa2WjBuoZlux6uFYJxbweztq8fF0PLzKGcgiHw+5ywO\/3m6gOYxxwGejjeHj5rIaTGi1NAwwvYwxWF\/H5DAxiK3vTETipEQw3Dw85WEcR9gyLgnMCJzWC4ebhIQfrAMPzhJMawXDz8JCDdYDhecJJjWC4eXjIwTrA8DzhpEYw3Dw85GAdYHiecFIjD4b\/H0FUtLFGU7\/8AAAAAElFTkSuQmCC\" alt=\"\" \/><\/p>\n<p>Vaihdettavat k\u00e4rjet, liukunivelmekanismin ansiosta lukkorenkaat pysyv\u00e4t paikoillaan asennuksen ja irroittamisen aikana ilman suurta voimaa. Kromattu, kahvan pinnat punaista\u00a0 PVC muovia. Suorat k\u00e4rjet.<\/p>\n","protected":false},"excerpt":{"rendered":"<p>Eritt\u00e4in k\u00e4tev\u00e4t suuritehoiset lukkorengaspihdit ulkopuolisille isoille lukkorenkaille 85-200 mm nivels\u00e4\u00e4d\u00f6ll\u00e4.<\/p>\n","protected":false},"featured_media":11625,"template":"","meta":{"_et_pb_use_builder":"","_et_pb_old_content":"","_et_gb_content_width":""},"pwb-brand":[],"product_brand":[],"product_cat":[864],"product_tag":[],"class_list":{"0":"post-11626","1":"product","2":"type-product","3":"status-publish","4":"has-post-thumbnail","6":"product_cat-ulkopuoliset-lukkorengaspihdit","8":"first","9":"instock","10":"sale","11":"taxable","12":"shipping-taxable","13":"purchasable","14":"product-type-simple"},"brands":[],"_links":{"self":[{"href":"https:\/\/silikotek.sapartners.site\/index.php\/wp-json\/wp\/v2\/product\/11626","targetHints":{"allow":["GET"]}}],"collection":[{"href":"https:\/\/silikotek.sapartners.site\/index.php\/wp-json\/wp\/v2\/product"}],"about":[{"href":"https:\/\/silikotek.sapartners.site\/index.php\/wp-json\/wp\/v2\/types\/product"}],"wp:featuredmedia":[{"embeddable":true,"href":"https:\/\/silikotek.sapartners.site\/index.php\/wp-json\/wp\/v2\/media\/11625"}],"wp:attachment":[{"href":"https:\/\/silikotek.sapartners.site\/index.php\/wp-json\/wp\/v2\/media?parent=11626"}],"wp:term":[{"taxonomy":"pwb-brand","embeddable":true,"href":"https:\/\/silikotek.sapartners.site\/index.php\/wp-json\/wp\/v2\/pwb-brand?post=11626"},{"taxonomy":"product_brand","embeddable":true,"href":"https:\/\/silikotek.sapartners.site\/index.php\/wp-json\/wp\/v2\/product_brand?post=11626"},{"taxonomy":"product_cat","embeddable":true,"href":"https:\/\/silikotek.sapartners.site\/index.php\/wp-json\/wp\/v2\/product_cat?post=11626"},{"taxonomy":"product_tag","embeddable":true,"href":"https:\/\/silikotek.sapartners.site\/index.php\/wp-json\/wp\/v2\/product_tag?post=11626"}],"curies":[{"name":"wp","href":"https:\/\/api.w.org\/{rel}","templated":true}]}}