{"id":11447,"date":"2014-12-17T14:04:03","date_gmt":"2014-12-17T14:04:03","guid":{"rendered":"http:\/\/192.168.100.222\/target_carts\/wordpress\/wordpress495\/wordpress\/?product=lukkopihdit"},"modified":"2021-02-22T16:17:49","modified_gmt":"2021-02-22T14:17:49","slug":"lukkopihdit","status":"publish","type":"product","link":"https:\/\/silikotek.sapartners.site\/index.php\/tuote\/lukkopihdit\/","title":{"rendered":"Lukkopihdit"},"content":{"rendered":"<p><strong>Tekniset tiedot<\/strong><br \/>\nSopii py\u00f6reille ja tasasille materiaaleille<br \/>\nHammastettu kita<br \/>\nPikavapautuspainike<br \/>\nPaino: 360g<br \/>\nMettallikahvat<br \/>\nPituus: 175 mm<br \/>\nPituus tuumissa: 7&#8243;<br \/>\nmateriaali: Parasta Crom vanadium ter\u00e4st\u00e4.<br \/>\nPainejousi: niklattu<br \/>\nLeuat aukeama: 0-40 mm<br \/>\nLeuat: syvyys 30,0 mm<\/p>\n","protected":false},"excerpt":{"rendered":"<p>Lukkopihdit aivan uskomattomalla tartunnalla.<br \/>\nTaotut leuat, ei liukastu kovassakaan otteessa.<br \/>\nLukitus helppo avata yhdell\u00e4 k\u00e4dell\u00e4.<br \/>\nPy\u00f6reille ja tasaisille kappaleille.<br \/>\nNiklattu painejousi.<br \/>\nCrom Vanadiumia.<\/p>\n","protected":false},"featured_media":24694,"template":"","meta":{"_et_pb_use_builder":"","_et_pb_old_content":"","_et_gb_content_width":""},"pwb-brand":[1454],"product_brand":[],"product_cat":[479],"product_tag":[],"class_list":{"0":"post-11447","1":"product","2":"type-product","3":"status-publish","4":"has-post-thumbnail","6":"pwb-brand-kstools","7":"product_cat-lukkopihdit","9":"first","10":"instock","11":"sale","12":"taxable","13":"shipping-taxable","14":"purchasable","15":"product-type-simple"},"brands":[{"id":1454,"name":"Kstools","slug":"kstools"}],"_links":{"self":[{"href":"https:\/\/silikotek.sapartners.site\/index.php\/wp-json\/wp\/v2\/product\/11447","targetHints":{"allow":["GET"]}}],"collection":[{"href":"https:\/\/silikotek.sapartners.site\/index.php\/wp-json\/wp\/v2\/product"}],"about":[{"href":"https:\/\/silikotek.sapartners.site\/index.php\/wp-json\/wp\/v2\/types\/product"}],"wp:featuredmedia":[{"embeddable":true,"href":"https:\/\/silikotek.sapartners.site\/index.php\/wp-json\/wp\/v2\/media\/24694"}],"wp:attachment":[{"href":"https:\/\/silikotek.sapartners.site\/index.php\/wp-json\/wp\/v2\/media?parent=11447"}],"wp:term":[{"taxonomy":"pwb-brand","embeddable":true,"href":"https:\/\/silikotek.sapartners.site\/index.php\/wp-json\/wp\/v2\/pwb-brand?post=11447"},{"taxonomy":"product_brand","embeddable":true,"href":"https:\/\/silikotek.sapartners.site\/index.php\/wp-json\/wp\/v2\/product_brand?post=11447"},{"taxonomy":"product_cat","embeddable":true,"href":"https:\/\/silikotek.sapartners.site\/index.php\/wp-json\/wp\/v2\/product_cat?post=11447"},{"taxonomy":"product_tag","embeddable":true,"href":"https:\/\/silikotek.sapartners.site\/index.php\/wp-json\/wp\/v2\/product_tag?post=11447"}],"curies":[{"name":"wp","href":"https:\/\/api.w.org\/{rel}","templated":true}]}}