{"id":11309,"date":"2014-12-10T11:04:12","date_gmt":"2014-12-10T11:04:12","guid":{"rendered":"http:\/\/192.168.100.222\/target_carts\/wordpress\/wordpress495\/wordpress\/?product=digitaalinen-tyontomitta-150-mm-bgs"},"modified":"2020-04-21T08:23:51","modified_gmt":"2020-04-21T05:23:51","slug":"digitaalinen-tyontomitta-150-mm-bgs","status":"publish","type":"product","link":"https:\/\/silikotek.sapartners.site\/index.php\/tuote\/digitaalinen-tyontomitta-150-mm-bgs\/","title":{"rendered":"BGS Digitaalinen ty\u00f6nt\u00f6mitta 150 mm"},"content":{"rendered":"","protected":false},"excerpt":{"rendered":"<p>&#8211; Iso n\u00e4ytt\u00f6<br \/>\n&#8211; asteikko mm\/tuumat, 1\/100 mm<br \/>\n&#8211; nollaus mihin kohtaan tahansa, metrinen\/tuumanen mittaus<br \/>\n&#8211; + \/ &#8211; n\u00e4ytt\u00f6<br \/>\n&#8211; paristo sis\u00e4ltyy<\/p>\n<p>Muovisalkussa<\/p>\n","protected":false},"featured_media":22584,"template":"","meta":{"_et_pb_use_builder":"","_et_pb_old_content":"","_et_gb_content_width":""},"pwb-brand":[1451],"product_brand":[],"product_cat":[805],"product_tag":[],"class_list":{"0":"post-11309","1":"product","2":"type-product","3":"status-publish","4":"has-post-thumbnail","6":"pwb-brand-bgs","7":"product_cat-tyontomitat","9":"first","10":"instock","11":"taxable","12":"shipping-taxable","13":"purchasable","14":"product-type-simple"},"brands":[{"id":1451,"name":"BGS","slug":"bgs"}],"_links":{"self":[{"href":"https:\/\/silikotek.sapartners.site\/index.php\/wp-json\/wp\/v2\/product\/11309","targetHints":{"allow":["GET"]}}],"collection":[{"href":"https:\/\/silikotek.sapartners.site\/index.php\/wp-json\/wp\/v2\/product"}],"about":[{"href":"https:\/\/silikotek.sapartners.site\/index.php\/wp-json\/wp\/v2\/types\/product"}],"wp:featuredmedia":[{"embeddable":true,"href":"https:\/\/silikotek.sapartners.site\/index.php\/wp-json\/wp\/v2\/media\/22584"}],"wp:attachment":[{"href":"https:\/\/silikotek.sapartners.site\/index.php\/wp-json\/wp\/v2\/media?parent=11309"}],"wp:term":[{"taxonomy":"pwb-brand","embeddable":true,"href":"https:\/\/silikotek.sapartners.site\/index.php\/wp-json\/wp\/v2\/pwb-brand?post=11309"},{"taxonomy":"product_brand","embeddable":true,"href":"https:\/\/silikotek.sapartners.site\/index.php\/wp-json\/wp\/v2\/product_brand?post=11309"},{"taxonomy":"product_cat","embeddable":true,"href":"https:\/\/silikotek.sapartners.site\/index.php\/wp-json\/wp\/v2\/product_cat?post=11309"},{"taxonomy":"product_tag","embeddable":true,"href":"https:\/\/silikotek.sapartners.site\/index.php\/wp-json\/wp\/v2\/product_tag?post=11309"}],"curies":[{"name":"wp","href":"https:\/\/api.w.org\/{rel}","templated":true}]}}