{"id":11305,"date":"2014-12-10T09:40:11","date_gmt":"2014-12-10T09:40:11","guid":{"rendered":"http:\/\/192.168.100.222\/target_carts\/wordpress\/wordpress495\/wordpress\/?product=hylsysarja-1-4-3-8-1-2-216-os"},"modified":"2025-08-28T02:42:23","modified_gmt":"2025-08-27T23:42:23","slug":"hylsysarja-1-4-3-8-1-2-216-os","status":"publish","type":"product","link":"https:\/\/silikotek.sapartners.site\/index.php\/tuote\/hylsysarja-1-4-3-8-1-2-216-os\/","title":{"rendered":"Kraftmann 216-osainen Hylsysarja 1\/4&#8243; 3\/8&#8243; 1\/2&#8243; 15216"},"content":{"rendered":"<p>&#8211; 1\/2&#8243;<br \/>\n&#8211; r\u00e4ikk\u00e4 72 hampainen<br \/>\n&#8211; jatko 125 mm<br \/>\n&#8211; jatko 250 mm<br \/>\n&#8211; T-v\u00e4\u00e4nnin liukuva<br \/>\n&#8211; nivel<br \/>\n&#8211; 2 sytytystulppa-avainta 16 &#8211; 21 mm<br \/>\n&#8211; adapteri 3\/8&#8243; &#8211; 1\/2&#8243;<br \/>\n&#8211; 14x hylsyt13-14-15-16-17-18-19-20-21-22-24-27-30-32 mm<br \/>\n&#8211; 5x pitk\u00e4t hylsyt 16-17-19-21-22 mm<br \/>\n&#8211; 3x E-Type hylsyt E20 &#8211; E22 &#8211; E24<br \/>\n&#8211; 2x bit hylsyt, T-Star T70, kuusiokolo H14<\/p>\n<p>3\/8&#8243;<br \/>\n&#8211; r\u00e4ikk\u00e4 72 hampainen<br \/>\n&#8211; jatko 125 mm<br \/>\n&#8211; nivel<br \/>\n&#8211; tylppahylsy 18 mm<br \/>\n&#8211; T-v\u00e4\u00e4nnin liukuva<br \/>\n&#8211; 10x hylsyt 10-11-12-13-14-15-16-17-18-19 mm<br \/>\n&#8211; 6x pitk\u00e4t hylsyt 10-11-12-13-14-15 mm<br \/>\n&#8211; 7x E-Type hylsyt E10-12-14-16-18<br \/>\n&#8211; 30x bits<\/p>\n<p>1\/4&#8243;<br \/>\n&#8211; r\u00e4ikk\u00e4 72 hampainen<br \/>\n&#8211; v\u00e4\u00e4nnin<br \/>\n&#8211; 50 mm jatko<br \/>\n&#8211; 100 mm jatko<br \/>\n&#8211; nivel<br \/>\n&#8211; T-v\u00e4\u00e4nnin liukuva<br \/>\n&#8211; bitsin pidin<br \/>\n&#8211; 13x hylsyt<br \/>\n4-4,5-5-5,5-6-7-8-9-10-11-12-13-14 mm<br \/>\n&#8211; 7x deep sockets 4-5-6-7-8-9-10<br \/>\n&#8211; 5x E-Type hylsytE4 &#8211; 5 &#8211; 6 &#8211; 7 &#8211; 8<br \/>\n&#8211; 30x bit hylsyt<br \/>\n&#8211; 44x bits<br \/>\n&#8211; bit adapteri<\/p>\n<p>&#8211; 12x kiintolenkkiavaimet 8 &#8211; 19 mm<br \/>\n&#8211; 7x kuusiokoloavaimet 1.2 &#8211; 5 mm<br \/>\n&#8211; 1x bit ruuvimeisseli<\/p>\n","protected":false},"excerpt":{"rendered":"<p>Hylsysarja kiintolenkkiavaimilla. T\u00e4st\u00e4 perusty\u00f6kalut jokaiseen autotalliin. R\u00e4ik\u00e4t tihe\u00e4t 72 hampaiset. Sis\u00e4lt\u00e4\u00e4 my\u00f6s Torx hylsyt.<\/p>\n","protected":false},"featured_media":20889,"template":"","meta":{"_et_pb_use_builder":"","_et_pb_old_content":"","_et_gb_content_width":""},"pwb-brand":[1456],"product_brand":[],"product_cat":[1619],"product_tag":[],"class_list":{"0":"post-11305","1":"product","2":"type-product","3":"status-publish","4":"has-post-thumbnail","6":"pwb-brand-kraftmann","7":"product_cat-1-43-81-2-hylsysarjat","9":"first","10":"instock","11":"taxable","12":"shipping-taxable","13":"purchasable","14":"product-type-simple"},"brands":[{"id":1456,"name":"Kraftmann","slug":"kraftmann"}],"_links":{"self":[{"href":"https:\/\/silikotek.sapartners.site\/index.php\/wp-json\/wp\/v2\/product\/11305","targetHints":{"allow":["GET"]}}],"collection":[{"href":"https:\/\/silikotek.sapartners.site\/index.php\/wp-json\/wp\/v2\/product"}],"about":[{"href":"https:\/\/silikotek.sapartners.site\/index.php\/wp-json\/wp\/v2\/types\/product"}],"wp:featuredmedia":[{"embeddable":true,"href":"https:\/\/silikotek.sapartners.site\/index.php\/wp-json\/wp\/v2\/media\/20889"}],"wp:attachment":[{"href":"https:\/\/silikotek.sapartners.site\/index.php\/wp-json\/wp\/v2\/media?parent=11305"}],"wp:term":[{"taxonomy":"pwb-brand","embeddable":true,"href":"https:\/\/silikotek.sapartners.site\/index.php\/wp-json\/wp\/v2\/pwb-brand?post=11305"},{"taxonomy":"product_brand","embeddable":true,"href":"https:\/\/silikotek.sapartners.site\/index.php\/wp-json\/wp\/v2\/product_brand?post=11305"},{"taxonomy":"product_cat","embeddable":true,"href":"https:\/\/silikotek.sapartners.site\/index.php\/wp-json\/wp\/v2\/product_cat?post=11305"},{"taxonomy":"product_tag","embeddable":true,"href":"https:\/\/silikotek.sapartners.site\/index.php\/wp-json\/wp\/v2\/product_tag?post=11305"}],"curies":[{"name":"wp","href":"https:\/\/api.w.org\/{rel}","templated":true}]}}